{"id":991,"date":"2022-02-15T14:28:27","date_gmt":"2022-02-15T13:28:27","guid":{"rendered":"https:\/\/poll-berlin.de\/galerie\/?page_id=991"},"modified":"2024-02-21T17:13:40","modified_gmt":"2024-02-21T16:13:40","slug":"biografie","status":"publish","type":"page","link":"https:\/\/poll-berlin.de\/galerie\/weitere-kuenstler\/bernard-larsson\/biografie\/","title":{"rendered":"Biografie"},"content":{"rendered":"\n<p><strong>Biografie<\/strong><\/p>\n\n\n\n<div style=\"height:10px\" aria-hidden=\"true\" class=\"wp-block-spacer\"><\/div>\n\n\n\n<figure class=\"wp-block-table\"><table><tbody><tr><td>1939<\/td><td>geboren in Hamburg, aufgewachsen in Westdeutschland und Schweden<\/td><\/tr><tr><td>1957<\/td><td>Studium der Fotografie und Fotodesign an der Bayerischen Staatslehranstalt f\u00fcr Photographie, M\u00fcnchen<\/td><\/tr><tr><td>1959<\/td><td>Umzug nach Paris, Arbeit als Assistent f\u00fcr William Klein beim VOGUE-Magazin<\/td><\/tr><tr><td>1961<\/td><td>Reisen nach Spanien und Marokko<br>Umzug nach Berlin nach dem Bau der Mauer <br>Bewegungsfreiheit in allen vier Sektoren<\/td><\/tr><tr><td>1966-1968<\/td><td>Arbeit als Fotojournalist f\u00fcr STERN-Magazin<\/td><\/tr><tr><td>1968<\/td><td>Reisen nach Prag, Warschau und Budapest<\/td><\/tr><tr><td>1971<\/td><td>Fernsehdokumentation \u00fcber die Sozialgeschichte der Fotografie f\u00fcr den WDR, K\u00f6ln<\/td><\/tr><tr><td>seit 1972<\/td><td>Arbeit als Mode- und Werbefotograf<\/td><\/tr><\/tbody><\/table><\/figure>\n\n\n\n<p>Bernard Larsson lebt und arbeitet in M\u00fcnchen.<\/p>\n","protected":false},"excerpt":{"rendered":"<p>Biografie 1939 geboren in Hamburg, aufgewachsen in Westdeutschland und Schweden 1957 Studium der Fotografie und Fotodesign an der Bayerischen Staatslehranstalt f\u00fcr Photographie, M\u00fcnchen 1959 Umzug nach Paris, Arbeit als Assistent f\u00fcr William Klein beim VOGUE-Magazin 1961 Reisen nach Spanien und MarokkoUmzug nach Berlin nach dem Bau der Mauer Bewegungsfreiheit in allen vier Sektoren 1966-1968 Arbeit [&hellip;]<\/p>\n","protected":false},"author":1,"featured_media":0,"parent":961,"menu_order":0,"comment_status":"closed","ping_status":"closed","template":"kuenstler-text.php","meta":{"_acf_changed":false,"footnotes":""},"class_list":["post-991","page","type-page","status-publish","hentry"],"acf":[],"_links":{"self":[{"href":"https:\/\/poll-berlin.de\/galerie\/wp-json\/wp\/v2\/pages\/991","targetHints":{"allow":["GET"]}}],"collection":[{"href":"https:\/\/poll-berlin.de\/galerie\/wp-json\/wp\/v2\/pages"}],"about":[{"href":"https:\/\/poll-berlin.de\/galerie\/wp-json\/wp\/v2\/types\/page"}],"author":[{"embeddable":true,"href":"https:\/\/poll-berlin.de\/galerie\/wp-json\/wp\/v2\/users\/1"}],"replies":[{"embeddable":true,"href":"https:\/\/poll-berlin.de\/galerie\/wp-json\/wp\/v2\/comments?post=991"}],"version-history":[{"count":6,"href":"https:\/\/poll-berlin.de\/galerie\/wp-json\/wp\/v2\/pages\/991\/revisions"}],"predecessor-version":[{"id":36276,"href":"https:\/\/poll-berlin.de\/galerie\/wp-json\/wp\/v2\/pages\/991\/revisions\/36276"}],"up":[{"embeddable":true,"href":"https:\/\/poll-berlin.de\/galerie\/wp-json\/wp\/v2\/pages\/961"}],"wp:attachment":[{"href":"https:\/\/poll-berlin.de\/galerie\/wp-json\/wp\/v2\/media?parent=991"}],"curies":[{"name":"wp","href":"https:\/\/api.w.org\/{rel}","templated":true}]}}