{"id":983,"date":"2021-09-23T18:32:09","date_gmt":"2021-09-23T16:32:09","guid":{"rendered":"https:\/\/poll-berlin.de\/galerie\/?page_id=983"},"modified":"2024-03-12T17:40:48","modified_gmt":"2024-03-12T16:40:48","slug":"biografie","status":"publish","type":"page","link":"https:\/\/poll-berlin.de\/galerie\/weitere-kuenstler\/peter-benkert\/biografie\/","title":{"rendered":"Biografie"},"content":{"rendered":"\n<p><strong>Biografie<\/strong><\/p>\n\n\n\n<div style=\"height:10px\" aria-hidden=\"true\" class=\"wp-block-spacer\"><\/div>\n\n\n\n<figure class=\"wp-block-table\"><table><tbody><tr><td>1942<\/td><td>geboren in Berlin<\/td><\/tr><tr><td>1962-1968<\/td><td>Studium der Malerei an der Hochschule f\u00fcr Bildende K\u00fcnste, Berlin<\/td><\/tr><tr><td>1967-1968<\/td><td>Mitglied der Ausstellungsgemeinschaft \u201eGro\u00dfg\u00f6rschen 35\u201c<\/td><\/tr><tr><td>1969<\/td><td>Meistersch\u00fcler bei Prof. Fred Thieler<\/td><\/tr><tr><td>1969-1974<\/td><td>Arbeit als Kunstp\u00e4dagoge in West-Berlin<\/td><\/tr><tr><td>1976-1977<\/td><td>Arbeit am P\u00e4dagogischen Zentrum, Berlin (ABM)<\/td><\/tr><tr><td>1977-2003<\/td><td>Bibliotheksangestellter an der UB Plansammlung der Technischen Universit\u00e4t Berlin<\/td><\/tr><\/tbody><\/table><\/figure>\n\n\n\n<p>Peter Benkert lebt und arbeitet in Berlin.<\/p>\n","protected":false},"excerpt":{"rendered":"<p>Biografie 1942 geboren in Berlin 1962-1968 Studium der Malerei an der Hochschule f\u00fcr Bildende K\u00fcnste, Berlin 1967-1968 Mitglied der Ausstellungsgemeinschaft \u201eGro\u00dfg\u00f6rschen 35\u201c 1969 Meistersch\u00fcler bei Prof. Fred Thieler 1969-1974 Arbeit als Kunstp\u00e4dagoge in West-Berlin 1976-1977 Arbeit am P\u00e4dagogischen Zentrum, Berlin (ABM) 1977-2003 Bibliotheksangestellter an der UB Plansammlung der Technischen Universit\u00e4t Berlin Peter Benkert lebt und [&hellip;]<\/p>\n","protected":false},"author":1,"featured_media":0,"parent":960,"menu_order":0,"comment_status":"closed","ping_status":"closed","template":"kuenstler-text.php","meta":{"_acf_changed":false,"footnotes":""},"class_list":["post-983","page","type-page","status-publish","hentry"],"acf":[],"_links":{"self":[{"href":"https:\/\/poll-berlin.de\/galerie\/wp-json\/wp\/v2\/pages\/983","targetHints":{"allow":["GET"]}}],"collection":[{"href":"https:\/\/poll-berlin.de\/galerie\/wp-json\/wp\/v2\/pages"}],"about":[{"href":"https:\/\/poll-berlin.de\/galerie\/wp-json\/wp\/v2\/types\/page"}],"author":[{"embeddable":true,"href":"https:\/\/poll-berlin.de\/galerie\/wp-json\/wp\/v2\/users\/1"}],"replies":[{"embeddable":true,"href":"https:\/\/poll-berlin.de\/galerie\/wp-json\/wp\/v2\/comments?post=983"}],"version-history":[{"count":12,"href":"https:\/\/poll-berlin.de\/galerie\/wp-json\/wp\/v2\/pages\/983\/revisions"}],"predecessor-version":[{"id":36458,"href":"https:\/\/poll-berlin.de\/galerie\/wp-json\/wp\/v2\/pages\/983\/revisions\/36458"}],"up":[{"embeddable":true,"href":"https:\/\/poll-berlin.de\/galerie\/wp-json\/wp\/v2\/pages\/960"}],"wp:attachment":[{"href":"https:\/\/poll-berlin.de\/galerie\/wp-json\/wp\/v2\/media?parent=983"}],"curies":[{"name":"wp","href":"https:\/\/api.w.org\/{rel}","templated":true}]}}