{"id":977,"date":"2025-06-25T11:49:18","date_gmt":"2025-06-25T09:49:18","guid":{"rendered":"https:\/\/poll-berlin.de\/galerie\/?page_id=977"},"modified":"2025-06-25T11:49:48","modified_gmt":"2025-06-25T09:49:48","slug":"werke-in-sammlungen","status":"publish","type":"page","link":"https:\/\/poll-berlin.de\/galerie\/weitere-kuenstler\/jacobo-borges\/werke-in-sammlungen\/","title":{"rendered":"Werke in Sammlungen"},"content":{"rendered":"\n<p><strong>Werke in Sammlungen<\/strong><\/p>\n\n\n\n<p>Museo de Arte Moderno, Bogot\u00e1 (Kolumbien)<br>Colecci\u00f3n Patricia Phelps de Cisneros, Caracas<br>Concejo del Municipio Libertador, Caracas<br>Museo de Anzo\u00e1tegui, Barcelona (Venezuela)<br>Smith College Museum of Art, Northampton (England)<br>Museo de Arte Moderno, Mexico-Stadt<br>Guggenheim Museum, New York City<br>Museum of Art, Indianapolis (USA)<\/p>\n","protected":false},"excerpt":{"rendered":"<p>Werke in Sammlungen Museo de Arte Moderno, Bogot\u00e1 (Kolumbien)Colecci\u00f3n Patricia Phelps de Cisneros, CaracasConcejo del Municipio Libertador, CaracasMuseo de Anzo\u00e1tegui, Barcelona (Venezuela)Smith College Museum of Art, Northampton (England)Museo de Arte Moderno, Mexico-StadtGuggenheim Museum, New York CityMuseum of Art, Indianapolis (USA)<\/p>\n","protected":false},"author":1,"featured_media":0,"parent":921,"menu_order":2,"comment_status":"closed","ping_status":"closed","template":"kuenstler-text.php","meta":{"_acf_changed":false,"footnotes":""},"class_list":["post-977","page","type-page","status-publish","hentry"],"acf":[],"_links":{"self":[{"href":"https:\/\/poll-berlin.de\/galerie\/wp-json\/wp\/v2\/pages\/977","targetHints":{"allow":["GET"]}}],"collection":[{"href":"https:\/\/poll-berlin.de\/galerie\/wp-json\/wp\/v2\/pages"}],"about":[{"href":"https:\/\/poll-berlin.de\/galerie\/wp-json\/wp\/v2\/types\/page"}],"author":[{"embeddable":true,"href":"https:\/\/poll-berlin.de\/galerie\/wp-json\/wp\/v2\/users\/1"}],"replies":[{"embeddable":true,"href":"https:\/\/poll-berlin.de\/galerie\/wp-json\/wp\/v2\/comments?post=977"}],"version-history":[{"count":6,"href":"https:\/\/poll-berlin.de\/galerie\/wp-json\/wp\/v2\/pages\/977\/revisions"}],"predecessor-version":[{"id":43162,"href":"https:\/\/poll-berlin.de\/galerie\/wp-json\/wp\/v2\/pages\/977\/revisions\/43162"}],"up":[{"embeddable":true,"href":"https:\/\/poll-berlin.de\/galerie\/wp-json\/wp\/v2\/pages\/921"}],"wp:attachment":[{"href":"https:\/\/poll-berlin.de\/galerie\/wp-json\/wp\/v2\/media?parent=977"}],"curies":[{"name":"wp","href":"https:\/\/api.w.org\/{rel}","templated":true}]}}