{"id":968,"date":"2021-09-23T14:25:28","date_gmt":"2021-09-23T12:25:28","guid":{"rendered":"https:\/\/poll-berlin.de\/galerie\/?page_id=968"},"modified":"2025-07-29T17:01:04","modified_gmt":"2025-07-29T15:01:04","slug":"ausstellungen","status":"publish","type":"page","link":"https:\/\/poll-berlin.de\/galerie\/weitere-kuenstler\/ulrich-baehr\/ausstellungen\/","title":{"rendered":"Ausstellungen"},"content":{"rendered":"\n<p><strong>Einzelausstellungen (Auswahl)<\/strong><\/p>\n\n\n\n<div style=\"height:10px\" aria-hidden=\"true\" class=\"wp-block-spacer\"><\/div>\n\n\n\n<figure class=\"wp-block-table\"><table><tbody><tr><td>2024<\/td><td>Kunsthaus Potsdam<\/td><\/tr><tr><td>2023<\/td><td>Kunstplatz Lychen (mit Heinz Bert Dreckmann)<\/td><\/tr><tr><td>2018-2019<\/td><td>Museum Schloss Ribbeck<br>Museum Schloss L\u00fcbben<br>Museum Schloss Doberlug<\/td><\/tr><tr><td>2018<\/td><td>Kunstplatz Lychen<br>K\u00f6ppe Contemporary, Berlin<br>Nationalmuseum der Sch\u00f6nen K\u00fcnste, Chi\u0219in\u0103u (Moldawien)<\/td><\/tr><tr><td>2016<\/td><td>K\u00fcnstlerhof Roofensee, Menz<\/td><\/tr><tr><td>2014<\/td><td>Kunststiftung Poll, Berlin<\/td><\/tr><tr><td>2011<\/td><td>Kommunale Galerie, Berlin<\/td><\/tr><tr><td>2010<\/td><td>Galerie am Savignyplatz, Berlin<br>Museum Romanisches Haus, Bad K\u00f6sen<br>Deutsche Bundesstiftung Umwelt, Osnabr\u00fcck<br>Kunsthalle Dominikanerkirche, Osnabr\u00fcck<\/td><\/tr><tr><td>2008-2009<\/td><td>Kunsthaus Potsdam<\/td><\/tr><tr><td>2006<\/td><td>Emsdettener Kunstverein<\/td><\/tr><tr><td>2005<\/td><td>St.-Matth\u00e4us-Kirche, Berlin<\/td><\/tr><tr><td>2003<\/td><td>Nord\/LB art gallery, Hannover<\/td><\/tr><tr><td>2002<\/td><td>St\u00e4dtische Galerie KUBUS, Hannover<\/td><\/tr><tr><td>1999<\/td><td>Schering Kunstverein, Berlin<\/td><\/tr><tr><td>1995<\/td><td>Galerie Eva Poll, Berlin<br>Senat f\u00fcr Bau- und Wohnungswesen, Berlin<\/td><\/tr><tr><td>1991<\/td><td>Galerie Eva Poll, Berlin<\/td><\/tr><tr><td>1990<\/td><td>Goethe-Institut Algier<\/td><\/tr><tr><td>1988<\/td><td>Galerie am Savignyplatz, Berlin<br>Staatliche Kunsthalle Berlin<\/td><\/tr><tr><td>1986<\/td><td>St\u00e4dtisches Museum G\u00f6ttingen<\/td><\/tr><tr><td>1982<\/td><td>Haus am Waldsee, Berlin<\/td><\/tr><tr><td>1981<\/td><td>P.S. 1, New York City<\/td><\/tr><tr><td>1977-1978<\/td><td>K\u00fcnstlerhaus Bethanien, Berlin<br>Kunstverein in Hamburg<br>Kunstschau B\u00f6ttcherstra\u00dfe, Bremen<\/td><\/tr><tr><td>1975<\/td><td>Galerie am Savignyplatz, Berlin<\/td><\/tr><tr><td>1971<\/td><td>Galerie Eva Poll, Berlin<br>Galerie Werkstatt, Bremen<\/td><\/tr><tr><td>1968<\/td><td>Kulturgeschichtliches Museum, Osnabr\u00fcck<\/td><\/tr><tr><td>1966<\/td><td>Galerie Tobies &amp; Silex, K\u00f6ln<\/td><\/tr><tr><td>1964<\/td><td>Gro\u00dfg\u00f6rschen 35, Berlin<\/td><\/tr><\/tbody><\/table><\/figure>\n\n\n\n<div style=\"height:10px\" aria-hidden=\"true\" class=\"wp-block-spacer\"><\/div>\n\n\n\n<p><strong>Gruppenausstellungen (Auswahl)<\/strong><\/p>\n\n\n\n<div style=\"height:10px\" aria-hidden=\"true\" class=\"wp-block-spacer\"><\/div>\n\n\n\n<figure class=\"wp-block-table\"><table><tbody><tr><td>2019<\/td><td>Galerie Poll, Berlin<\/td><\/tr><tr><td>2018<\/td><td>Kunstkreis Hameln<br>Ludwig Forum f\u00fcr Internationale Kunst, Aachen<\/td><\/tr><tr><td>2017<\/td><td>Lettisches Nationales Kunstmuseum, Riga<\/td><\/tr><tr><td>2015<\/td><td>Kunsthalle Jesuitenkirche, Aschaffenburg<\/td><\/tr><tr><td>2014<\/td><td>Haus am Kleistpark, Berlin<br>Museum f\u00fcr aktuelle Kunst \u2013 Sammlung Hurrle, Durbach<\/td><\/tr><tr><td>2012<\/td><td>St\u00e4dtische Museen Heilbronn<\/td><\/tr><tr><td>2010<\/td><td>Galerie Pankow, Berlin<br>Deutsches Historisches Museum, Berlin<br>Kommunale Galerie, Berlin<\/td><\/tr><tr><td>2009<\/td><td>Los Angeles County Museum of Art<br>Neuer Berliner Kunstverein (NBK)<\/td><\/tr><tr><td>2008<\/td><td>Galerie Eva Poll, Berlin<\/td><\/tr><tr><td>2006<\/td><td>Stadtmuseum Berlin<br>Martin-Gropius-Bau, Berlin<\/td><\/tr><tr><td>2005<\/td><td>Galerie Eva Poll, Berlin<\/td><\/tr><tr><td>2001<\/td><td>Kurpf\u00e4lzisches Museum, Heidelberg<\/td><\/tr><tr><td>1998<\/td><td>Willy-Brandt-Haus, Berlin<br>Galerie Eva Poll, Berlin<\/td><\/tr><tr><td>1990<\/td><td>Galerie Eva Poll, Berlin<br>Hochschule f\u00fcr Grafik und Buchkunst Leipzig<\/td><\/tr><tr><td>1988<\/td><td>Martin-Gropius-Bau, Berlin<\/td><\/tr><tr><td>1982<\/td><td>Kunstverein Kassel<br>40. Biennale in Venedig<\/td><\/tr><tr><td>1980<\/td><td>Staatliche Kunsthalle Berlin<\/td><\/tr><tr><td>1978<\/td><td>Institute of Contemporary Arts, London<\/td><\/tr><tr><td>1977<\/td><td>New School for Social Research, New York City<\/td><\/tr><tr><td>1974<\/td><td>X. Biennale Internationale d\u2019Art, Menton<br>Galerie Arte Arena, Z\u00fcrich und Lausanne<\/td><\/tr><tr><td>1973<\/td><td>Altes Museum der Staatlichen Museen zu Berlin<br>\u201eNeue Berliner Realisten\u201c, Wanderausstellung<\/td><\/tr><tr><td>1971<\/td><td>Galerie Eva Poll, Berlin<\/td><\/tr><tr><td>1969<\/td><td>\u201eJeunes Peintres de Berlin\u201c, Wanderausstellung<br>Kunsthalle Budapest<\/td><\/tr><tr><td>1968<\/td><td>\u201eDeutsche Grafik seit 45\u201c, Goethe-Institut Brasilien<\/td><\/tr><tr><td>1967<\/td><td>\u201eNeuer Realismus\u201c, Wanderausstellung<\/td><\/tr><tr><td>1966<\/td><td>\u201eArte contempor\u00e1neo alem\u00e1n\u201c, Mexico City<br>M\u00e4rkisches Museum Witten<\/td><\/tr><\/tbody><\/table><\/figure>\n","protected":false},"excerpt":{"rendered":"<p>Einzelausstellungen (Auswahl) 2024 Kunsthaus Potsdam 2023 Kunstplatz Lychen (mit Heinz Bert Dreckmann) 2018-2019 Museum Schloss RibbeckMuseum Schloss L\u00fcbbenMuseum Schloss Doberlug 2018 Kunstplatz LychenK\u00f6ppe Contemporary, BerlinNationalmuseum der Sch\u00f6nen K\u00fcnste, Chi\u0219in\u0103u (Moldawien) 2016 K\u00fcnstlerhof Roofensee, Menz 2014 Kunststiftung Poll, Berlin 2011 Kommunale Galerie, Berlin 2010 Galerie am Savignyplatz, BerlinMuseum Romanisches Haus, Bad K\u00f6senDeutsche Bundesstiftung Umwelt, Osnabr\u00fcckKunsthalle Dominikanerkirche, [&hellip;]<\/p>\n","protected":false},"author":1,"featured_media":0,"parent":944,"menu_order":1,"comment_status":"closed","ping_status":"closed","template":"kuenstler-text.php","meta":{"_acf_changed":false,"footnotes":""},"class_list":["post-968","page","type-page","status-publish","hentry"],"acf":[],"_links":{"self":[{"href":"https:\/\/poll-berlin.de\/galerie\/wp-json\/wp\/v2\/pages\/968","targetHints":{"allow":["GET"]}}],"collection":[{"href":"https:\/\/poll-berlin.de\/galerie\/wp-json\/wp\/v2\/pages"}],"about":[{"href":"https:\/\/poll-berlin.de\/galerie\/wp-json\/wp\/v2\/types\/page"}],"author":[{"embeddable":true,"href":"https:\/\/poll-berlin.de\/galerie\/wp-json\/wp\/v2\/users\/1"}],"replies":[{"embeddable":true,"href":"https:\/\/poll-berlin.de\/galerie\/wp-json\/wp\/v2\/comments?post=968"}],"version-history":[{"count":29,"href":"https:\/\/poll-berlin.de\/galerie\/wp-json\/wp\/v2\/pages\/968\/revisions"}],"predecessor-version":[{"id":43761,"href":"https:\/\/poll-berlin.de\/galerie\/wp-json\/wp\/v2\/pages\/968\/revisions\/43761"}],"up":[{"embeddable":true,"href":"https:\/\/poll-berlin.de\/galerie\/wp-json\/wp\/v2\/pages\/944"}],"wp:attachment":[{"href":"https:\/\/poll-berlin.de\/galerie\/wp-json\/wp\/v2\/media?parent=968"}],"curies":[{"name":"wp","href":"https:\/\/api.w.org\/{rel}","templated":true}]}}