{"id":967,"date":"2021-09-23T13:26:21","date_gmt":"2021-09-23T11:26:23","guid":{"rendered":"https:\/\/poll-berlin.de\/galerie\/?page_id=967"},"modified":"2024-03-12T17:37:20","modified_gmt":"2024-03-12T16:37:20","slug":"biografie","status":"publish","type":"page","link":"https:\/\/poll-berlin.de\/galerie\/weitere-kuenstler\/ulrich-baehr\/biografie\/","title":{"rendered":"Biografie"},"content":{"rendered":"\n<p> <strong>Biografie<\/strong> <\/p>\n\n\n\n<div style=\"height:10px\" aria-hidden=\"true\" class=\"wp-block-spacer\"><\/div>\n\n\n\n<figure class=\"wp-block-table\"><table><tbody><tr><td>1938<\/td><td>geboren in Bad K\u00f6sen<\/td><\/tr><tr><td>1958-1965<\/td><td>Studium der Kunstp\u00e4dagogik und Werkerziehung an der Hochschule f\u00fcr Bildende K\u00fcnste Berlin und der Germanistik der Freien Universit\u00e4t Berlin<\/td><\/tr><tr><td>1964<\/td><td>Meistersch\u00fcler bei Prof. Werner Volkert<\/td><\/tr><tr><td>1964<\/td><td>Mitbegr\u00fcnder der Ausstellungsgemeinschaft \u201eGro\u00dfg\u00f6rschen 35\u201c<\/td><\/tr><tr><td>1968-1970<\/td><td>Lehrauftrag an der Staatlichen Hochschule f\u00fcr Bildende K\u00fcnste, Braunschweig<\/td><\/tr><tr><td>1972<\/td><td>Mitbegr\u00fcnder der &#8222;Gruppe Aspekt&#8220; in West-Berlin<\/td><\/tr><tr><td>1975<\/td><td>Atelier im K\u00fcnstlerhaus Bethanien, Berlin<\/td><\/tr><tr><td>1986<\/td><td>Gastprofessor an der Hochschule der K\u00fcnste, Berlin<\/td><\/tr><tr><td>1987-2003<\/td><td>Professor f\u00fcr Malerei und Kunst im \u00f6ffentlichen Raum an der Fachhochschule Hannover<\/td><\/tr><tr><td>seit 2006<\/td><td>Mitglied im Deutschen K\u00fcnstlerbund<\/td><\/tr><\/tbody><\/table><\/figure>\n\n\n\n<p>Ulrich Baehr lebt und arbeitet in Berlin.<\/p>\n\n\n\n<div style=\"height:10px\" aria-hidden=\"true\" class=\"wp-block-spacer\"><\/div>\n\n\n\n<p><strong><strong>Preise und Stipendien<\/strong><\/strong><\/p>\n\n\n\n<div style=\"height:10px\" aria-hidden=\"true\" class=\"wp-block-spacer\"><\/div>\n\n\n\n<figure class=\"wp-block-table\"><table><tbody><tr><td>2006<\/td><td>Kritikerpreis \u201eBildende Kunst\u201c des Verbandes der Deutschen Kritiker (Berlin)<\/td><\/tr><tr><td>2001<\/td><td>Kunstpreis der SPD-Fraktion im Nieders\u00e4chsischen Landtag<\/td><\/tr><tr><td>1997<\/td><td>Studienaufenthalt in der \u201eVilla Aurora\u201c, Los Angeles<\/td><\/tr><tr><td>1984<\/td><td> Otto-Nagel-Preis der Berliner Sparkasse <\/td><\/tr><tr><td>1980-1981<\/td><td> Stipendium f\u00fcr das PS 1, New York <\/td><\/tr><tr><td>1962-1963<\/td><td> Stipendium der Stresemann-Stiftung f\u00fcr die \u00c9cole des Beaux-Arts, Paris <\/td><\/tr><\/tbody><\/table><\/figure>\n","protected":false},"excerpt":{"rendered":"<p>Biografie 1938 geboren in Bad K\u00f6sen 1958-1965 Studium der Kunstp\u00e4dagogik und Werkerziehung an der Hochschule f\u00fcr Bildende K\u00fcnste Berlin und der Germanistik der Freien Universit\u00e4t Berlin 1964 Meistersch\u00fcler bei Prof. Werner Volkert 1964 Mitbegr\u00fcnder der Ausstellungsgemeinschaft \u201eGro\u00dfg\u00f6rschen 35\u201c 1968-1970 Lehrauftrag an der Staatlichen Hochschule f\u00fcr Bildende K\u00fcnste, Braunschweig 1972 Mitbegr\u00fcnder der &#8222;Gruppe Aspekt&#8220; in West-Berlin [&hellip;]<\/p>\n","protected":false},"author":1,"featured_media":0,"parent":944,"menu_order":0,"comment_status":"closed","ping_status":"closed","template":"kuenstler-text.php","meta":{"_acf_changed":false,"footnotes":""},"class_list":["post-967","page","type-page","status-publish","hentry"],"acf":[],"_links":{"self":[{"href":"https:\/\/poll-berlin.de\/galerie\/wp-json\/wp\/v2\/pages\/967","targetHints":{"allow":["GET"]}}],"collection":[{"href":"https:\/\/poll-berlin.de\/galerie\/wp-json\/wp\/v2\/pages"}],"about":[{"href":"https:\/\/poll-berlin.de\/galerie\/wp-json\/wp\/v2\/types\/page"}],"author":[{"embeddable":true,"href":"https:\/\/poll-berlin.de\/galerie\/wp-json\/wp\/v2\/users\/1"}],"replies":[{"embeddable":true,"href":"https:\/\/poll-berlin.de\/galerie\/wp-json\/wp\/v2\/comments?post=967"}],"version-history":[{"count":13,"href":"https:\/\/poll-berlin.de\/galerie\/wp-json\/wp\/v2\/pages\/967\/revisions"}],"predecessor-version":[{"id":36455,"href":"https:\/\/poll-berlin.de\/galerie\/wp-json\/wp\/v2\/pages\/967\/revisions\/36455"}],"up":[{"embeddable":true,"href":"https:\/\/poll-berlin.de\/galerie\/wp-json\/wp\/v2\/pages\/944"}],"wp:attachment":[{"href":"https:\/\/poll-berlin.de\/galerie\/wp-json\/wp\/v2\/media?parent=967"}],"curies":[{"name":"wp","href":"https:\/\/api.w.org\/{rel}","templated":true}]}}