{"id":944,"date":"2021-05-26T12:25:48","date_gmt":"2021-05-26T10:25:48","guid":{"rendered":"https:\/\/poll-berlin.de\/galerie\/kuenstler-der-galerie\/ulrich-baehr\/"},"modified":"2025-05-05T21:39:57","modified_gmt":"2025-05-05T19:39:57","slug":"ulrich-baehr","status":"publish","type":"page","link":"https:\/\/poll-berlin.de\/galerie\/weitere-kuenstler\/ulrich-baehr\/","title":{"rendered":"Ulrich Baehr"},"content":{"rendered":"","protected":false},"excerpt":{"rendered":"","protected":false},"author":2,"featured_media":0,"parent":60,"menu_order":1,"comment_status":"closed","ping_status":"closed","template":"kuenstler.php","meta":{"_acf_changed":false,"footnotes":""},"class_list":["post-944","page","type-page","status-publish","hentry"],"acf":{"photo_gallery":{"bilder":[[{"id":2759,"title":"","caption":"Ulrich Baehr, Gute Freunde, o. J., Leimfarbe auf Leinwand, 69 x 124 cm","full_image_url":"https:\/\/poll-berlin.de\/galerie\/wp-content\/uploads\/UB_Gute-Freunde_o.J.-2.jpg","thumbnail_image_url":"https:\/\/poll-berlin.de\/galerie\/wp-content\/uploads\/UB_Gute-Freunde_o.J.-2-150x150.jpg","large_srcset":"https:\/\/poll-berlin.de\/galerie\/wp-content\/uploads\/UB_Gute-Freunde_o.J.-2-800x443.jpg 800w, https:\/\/poll-berlin.de\/galerie\/wp-content\/uploads\/UB_Gute-Freunde_o.J.-2-300x166.jpg 300w, https:\/\/poll-berlin.de\/galerie\/wp-content\/uploads\/UB_Gute-Freunde_o.J.-2-768x425.jpg 768w, https:\/\/poll-berlin.de\/galerie\/wp-content\/uploads\/UB_Gute-Freunde_o.J.-2.jpg 1500w","medium_srcset":"https:\/\/poll-berlin.de\/galerie\/wp-content\/uploads\/UB_Gute-Freunde_o.J.-2-300x166.jpg 300w, https:\/\/poll-berlin.de\/galerie\/wp-content\/uploads\/UB_Gute-Freunde_o.J.-2-800x443.jpg 800w, https:\/\/poll-berlin.de\/galerie\/wp-content\/uploads\/UB_Gute-Freunde_o.J.-2-768x425.jpg 768w, https:\/\/poll-berlin.de\/galerie\/wp-content\/uploads\/UB_Gute-Freunde_o.J.-2.jpg 1500w","media_details":{"width":1500,"height":830,"sizes":{"medium":{"file":"UB_Gute-Freunde_o.J.-2-300x166.jpg","width":300,"height":166,"mime-type":"image\/jpeg","source_url":"https:\/\/poll-berlin.de\/galerie\/wp-content\/uploads\/UB_Gute-Freunde_o.J.-2-300x166.jpg"},"large":{"file":"UB_Gute-Freunde_o.J.-2-800x443.jpg","width":800,"height":443,"mime-type":"image\/jpeg","source_url":"https:\/\/poll-berlin.de\/galerie\/wp-content\/uploads\/UB_Gute-Freunde_o.J.-2-800x443.jpg"},"thumbnail":{"file":"UB_Gute-Freunde_o.J.-2-150x150.jpg","width":150,"height":150,"mime-type":"image\/jpeg","source_url":"https:\/\/poll-berlin.de\/galerie\/wp-content\/uploads\/UB_Gute-Freunde_o.J.-2-150x150.jpg"},"medium_large":{"file":"UB_Gute-Freunde_o.J.-2-768x425.jpg","width":768,"height":425,"mime-type":"image\/jpeg","source_url":"https:\/\/poll-berlin.de\/galerie\/wp-content\/uploads\/UB_Gute-Freunde_o.J.-2-768x425.jpg"}}},"alt_text":"","url":"","target":""},{"id":2757,"title":"","caption":"Ulrich Baehr, Sonnenuntergang am Schwarzen Meer, 1967, Leimfarbe auf Leinwand, 135 x 150 cm","full_image_url":"https:\/\/poll-berlin.de\/galerie\/wp-content\/uploads\/UB_Sonnenuntergang-am-Schwarzen-Meer_-1967_Kommission-Karl-Francis-Schwarz-1.jpg","thumbnail_image_url":"https:\/\/poll-berlin.de\/galerie\/wp-content\/uploads\/UB_Sonnenuntergang-am-Schwarzen-Meer_-1967_Kommission-Karl-Francis-Schwarz-1-150x150.jpg","large_srcset":"https:\/\/poll-berlin.de\/galerie\/wp-content\/uploads\/UB_Sonnenuntergang-am-Schwarzen-Meer_-1967_Kommission-Karl-Francis-Schwarz-1-800x716.jpg 800w, https:\/\/poll-berlin.de\/galerie\/wp-content\/uploads\/UB_Sonnenuntergang-am-Schwarzen-Meer_-1967_Kommission-Karl-Francis-Schwarz-1-300x269.jpg 300w, https:\/\/poll-berlin.de\/galerie\/wp-content\/uploads\/UB_Sonnenuntergang-am-Schwarzen-Meer_-1967_Kommission-Karl-Francis-Schwarz-1-768x688.jpg 768w, https:\/\/poll-berlin.de\/galerie\/wp-content\/uploads\/UB_Sonnenuntergang-am-Schwarzen-Meer_-1967_Kommission-Karl-Francis-Schwarz-1.jpg 1500w","medium_srcset":"https:\/\/poll-berlin.de\/galerie\/wp-content\/uploads\/UB_Sonnenuntergang-am-Schwarzen-Meer_-1967_Kommission-Karl-Francis-Schwarz-1-300x269.jpg 300w, https:\/\/poll-berlin.de\/galerie\/wp-content\/uploads\/UB_Sonnenuntergang-am-Schwarzen-Meer_-1967_Kommission-Karl-Francis-Schwarz-1-800x716.jpg 800w, https:\/\/poll-berlin.de\/galerie\/wp-content\/uploads\/UB_Sonnenuntergang-am-Schwarzen-Meer_-1967_Kommission-Karl-Francis-Schwarz-1-768x688.jpg 768w, https:\/\/poll-berlin.de\/galerie\/wp-content\/uploads\/UB_Sonnenuntergang-am-Schwarzen-Meer_-1967_Kommission-Karl-Francis-Schwarz-1.jpg 1500w","media_details":{"width":1500,"height":1343,"sizes":{"medium":{"file":"UB_Sonnenuntergang-am-Schwarzen-Meer_-1967_Kommission-Karl-Francis-Schwarz-1-300x269.jpg","width":300,"height":269,"mime-type":"image\/jpeg","source_url":"https:\/\/poll-berlin.de\/galerie\/wp-content\/uploads\/UB_Sonnenuntergang-am-Schwarzen-Meer_-1967_Kommission-Karl-Francis-Schwarz-1-300x269.jpg"},"large":{"file":"UB_Sonnenuntergang-am-Schwarzen-Meer_-1967_Kommission-Karl-Francis-Schwarz-1-800x716.jpg","width":800,"height":716,"mime-type":"image\/jpeg","source_url":"https:\/\/poll-berlin.de\/galerie\/wp-content\/uploads\/UB_Sonnenuntergang-am-Schwarzen-Meer_-1967_Kommission-Karl-Francis-Schwarz-1-800x716.jpg"},"thumbnail":{"file":"UB_Sonnenuntergang-am-Schwarzen-Meer_-1967_Kommission-Karl-Francis-Schwarz-1-150x150.jpg","width":150,"height":150,"mime-type":"image\/jpeg","source_url":"https:\/\/poll-berlin.de\/galerie\/wp-content\/uploads\/UB_Sonnenuntergang-am-Schwarzen-Meer_-1967_Kommission-Karl-Francis-Schwarz-1-150x150.jpg"},"medium_large":{"file":"UB_Sonnenuntergang-am-Schwarzen-Meer_-1967_Kommission-Karl-Francis-Schwarz-1-768x688.jpg","width":768,"height":688,"mime-type":"image\/jpeg","source_url":"https:\/\/poll-berlin.de\/galerie\/wp-content\/uploads\/UB_Sonnenuntergang-am-Schwarzen-Meer_-1967_Kommission-Karl-Francis-Schwarz-1-768x688.jpg"}}},"alt_text":"","url":"","target":""},{"id":35375,"title":"UB_Texanischer Viehzuechter_1971","caption":"Ulrich Baehr, Texanischer Viehz\u00fcchter (Vorderseite), 1971, \u00d6l auf Sperrholz, 80 x 100 x 10 cm","full_image_url":"https:\/\/poll-berlin.de\/galerie\/wp-content\/uploads\/UB_Texanischer-Viehzuechter_1971.jpg","thumbnail_image_url":"https:\/\/poll-berlin.de\/galerie\/wp-content\/uploads\/UB_Texanischer-Viehzuechter_1971-150x150.jpg","large_srcset":"https:\/\/poll-berlin.de\/galerie\/wp-content\/uploads\/UB_Texanischer-Viehzuechter_1971-800x633.jpg 800w, https:\/\/poll-berlin.de\/galerie\/wp-content\/uploads\/UB_Texanischer-Viehzuechter_1971-300x237.jpg 300w, https:\/\/poll-berlin.de\/galerie\/wp-content\/uploads\/UB_Texanischer-Viehzuechter_1971-768x607.jpg 768w, https:\/\/poll-berlin.de\/galerie\/wp-content\/uploads\/UB_Texanischer-Viehzuechter_1971.jpg 1497w","medium_srcset":"https:\/\/poll-berlin.de\/galerie\/wp-content\/uploads\/UB_Texanischer-Viehzuechter_1971-300x237.jpg 300w, https:\/\/poll-berlin.de\/galerie\/wp-content\/uploads\/UB_Texanischer-Viehzuechter_1971-800x633.jpg 800w, https:\/\/poll-berlin.de\/galerie\/wp-content\/uploads\/UB_Texanischer-Viehzuechter_1971-768x607.jpg 768w, https:\/\/poll-berlin.de\/galerie\/wp-content\/uploads\/UB_Texanischer-Viehzuechter_1971.jpg 1497w","media_details":{"width":1497,"height":1184,"sizes":{"medium":{"file":"UB_Texanischer-Viehzuechter_1971-300x237.jpg","width":300,"height":237,"mime-type":"image\/jpeg","filesize":10126,"source_url":"https:\/\/poll-berlin.de\/galerie\/wp-content\/uploads\/UB_Texanischer-Viehzuechter_1971-300x237.jpg"},"large":{"file":"UB_Texanischer-Viehzuechter_1971-800x633.jpg","width":800,"height":633,"mime-type":"image\/jpeg","filesize":41520,"source_url":"https:\/\/poll-berlin.de\/galerie\/wp-content\/uploads\/UB_Texanischer-Viehzuechter_1971-800x633.jpg"},"thumbnail":{"file":"UB_Texanischer-Viehzuechter_1971-150x150.jpg","width":150,"height":150,"mime-type":"image\/jpeg","filesize":4964,"source_url":"https:\/\/poll-berlin.de\/galerie\/wp-content\/uploads\/UB_Texanischer-Viehzuechter_1971-150x150.jpg"},"medium_large":{"file":"UB_Texanischer-Viehzuechter_1971-768x607.jpg","width":768,"height":607,"mime-type":"image\/jpeg","filesize":38440,"source_url":"https:\/\/poll-berlin.de\/galerie\/wp-content\/uploads\/UB_Texanischer-Viehzuechter_1971-768x607.jpg"}}},"alt_text":"","url":"","target":""},{"id":35376,"title":"UB_Texanischer Viehzuechter-2_1971-2","caption":"Ulrich Baehr, Texanischer Viehz\u00fcchter (R\u00fcckseite), 1971, \u00d6l auf Sperrholz, 90 x 100 cm","full_image_url":"https:\/\/poll-berlin.de\/galerie\/wp-content\/uploads\/UB_Texanischer-Viehzuechter-2_1971-2.jpg","thumbnail_image_url":"https:\/\/poll-berlin.de\/galerie\/wp-content\/uploads\/UB_Texanischer-Viehzuechter-2_1971-2-150x150.jpg","large_srcset":"https:\/\/poll-berlin.de\/galerie\/wp-content\/uploads\/UB_Texanischer-Viehzuechter-2_1971-2-800x621.jpg 800w, https:\/\/poll-berlin.de\/galerie\/wp-content\/uploads\/UB_Texanischer-Viehzuechter-2_1971-2-300x233.jpg 300w, https:\/\/poll-berlin.de\/galerie\/wp-content\/uploads\/UB_Texanischer-Viehzuechter-2_1971-2-768x596.jpg 768w, https:\/\/poll-berlin.de\/galerie\/wp-content\/uploads\/UB_Texanischer-Viehzuechter-2_1971-2.jpg 1500w","medium_srcset":"https:\/\/poll-berlin.de\/galerie\/wp-content\/uploads\/UB_Texanischer-Viehzuechter-2_1971-2-300x233.jpg 300w, https:\/\/poll-berlin.de\/galerie\/wp-content\/uploads\/UB_Texanischer-Viehzuechter-2_1971-2-800x621.jpg 800w, https:\/\/poll-berlin.de\/galerie\/wp-content\/uploads\/UB_Texanischer-Viehzuechter-2_1971-2-768x596.jpg 768w, https:\/\/poll-berlin.de\/galerie\/wp-content\/uploads\/UB_Texanischer-Viehzuechter-2_1971-2.jpg 1500w","media_details":{"width":1500,"height":1165,"sizes":{"medium":{"file":"UB_Texanischer-Viehzuechter-2_1971-2-300x233.jpg","width":300,"height":233,"mime-type":"image\/jpeg","filesize":9313,"source_url":"https:\/\/poll-berlin.de\/galerie\/wp-content\/uploads\/UB_Texanischer-Viehzuechter-2_1971-2-300x233.jpg"},"large":{"file":"UB_Texanischer-Viehzuechter-2_1971-2-800x621.jpg","width":800,"height":621,"mime-type":"image\/jpeg","filesize":41486,"source_url":"https:\/\/poll-berlin.de\/galerie\/wp-content\/uploads\/UB_Texanischer-Viehzuechter-2_1971-2-800x621.jpg"},"thumbnail":{"file":"UB_Texanischer-Viehzuechter-2_1971-2-150x150.jpg","width":150,"height":150,"mime-type":"image\/jpeg","filesize":4507,"source_url":"https:\/\/poll-berlin.de\/galerie\/wp-content\/uploads\/UB_Texanischer-Viehzuechter-2_1971-2-150x150.jpg"},"medium_large":{"file":"UB_Texanischer-Viehzuechter-2_1971-2-768x596.jpg","width":768,"height":596,"mime-type":"image\/jpeg","filesize":38547,"source_url":"https:\/\/poll-berlin.de\/galerie\/wp-content\/uploads\/UB_Texanischer-Viehzuechter-2_1971-2-768x596.jpg"}}},"alt_text":"","url":"","target":""},{"id":2761,"title":"","caption":"Ulrich Baehr, Monument der Jahrhundertmitte, 1967, Farb- und Bleistift auf Papier, 61 x 86 cm","full_image_url":"https:\/\/poll-berlin.de\/galerie\/wp-content\/uploads\/UB_Monument-der-Jahrhundertmitte_1967-1.jpg","thumbnail_image_url":"https:\/\/poll-berlin.de\/galerie\/wp-content\/uploads\/UB_Monument-der-Jahrhundertmitte_1967-1-150x150.jpg","large_srcset":"https:\/\/poll-berlin.de\/galerie\/wp-content\/uploads\/UB_Monument-der-Jahrhundertmitte_1967-1-800x563.jpg 800w, https:\/\/poll-berlin.de\/galerie\/wp-content\/uploads\/UB_Monument-der-Jahrhundertmitte_1967-1-300x211.jpg 300w, https:\/\/poll-berlin.de\/galerie\/wp-content\/uploads\/UB_Monument-der-Jahrhundertmitte_1967-1-768x540.jpg 768w, https:\/\/poll-berlin.de\/galerie\/wp-content\/uploads\/UB_Monument-der-Jahrhundertmitte_1967-1.jpg 1500w","medium_srcset":"https:\/\/poll-berlin.de\/galerie\/wp-content\/uploads\/UB_Monument-der-Jahrhundertmitte_1967-1-300x211.jpg 300w, https:\/\/poll-berlin.de\/galerie\/wp-content\/uploads\/UB_Monument-der-Jahrhundertmitte_1967-1-800x563.jpg 800w, https:\/\/poll-berlin.de\/galerie\/wp-content\/uploads\/UB_Monument-der-Jahrhundertmitte_1967-1-768x540.jpg 768w, https:\/\/poll-berlin.de\/galerie\/wp-content\/uploads\/UB_Monument-der-Jahrhundertmitte_1967-1.jpg 1500w","media_details":{"width":1500,"height":1055,"sizes":{"medium":{"file":"UB_Monument-der-Jahrhundertmitte_1967-1-300x211.jpg","width":300,"height":211,"mime-type":"image\/jpeg","source_url":"https:\/\/poll-berlin.de\/galerie\/wp-content\/uploads\/UB_Monument-der-Jahrhundertmitte_1967-1-300x211.jpg"},"large":{"file":"UB_Monument-der-Jahrhundertmitte_1967-1-800x563.jpg","width":800,"height":563,"mime-type":"image\/jpeg","source_url":"https:\/\/poll-berlin.de\/galerie\/wp-content\/uploads\/UB_Monument-der-Jahrhundertmitte_1967-1-800x563.jpg"},"thumbnail":{"file":"UB_Monument-der-Jahrhundertmitte_1967-1-150x150.jpg","width":150,"height":150,"mime-type":"image\/jpeg","source_url":"https:\/\/poll-berlin.de\/galerie\/wp-content\/uploads\/UB_Monument-der-Jahrhundertmitte_1967-1-150x150.jpg"},"medium_large":{"file":"UB_Monument-der-Jahrhundertmitte_1967-1-768x540.jpg","width":768,"height":540,"mime-type":"image\/jpeg","source_url":"https:\/\/poll-berlin.de\/galerie\/wp-content\/uploads\/UB_Monument-der-Jahrhundertmitte_1967-1-768x540.jpg"}}},"alt_text":"","url":"","target":""},{"id":2760,"title":"","caption":"Ulrich Baehr, Medaille f\u00fcr Sowjetk\u00fcnstler, 1967, Farb-, Filzstift und Bleistift auf Papier, 50 x 65 cm","full_image_url":"https:\/\/poll-berlin.de\/galerie\/wp-content\/uploads\/UB_Medaille-fuer-Sowjetkuenstler_1967-1.jpg","thumbnail_image_url":"https:\/\/poll-berlin.de\/galerie\/wp-content\/uploads\/UB_Medaille-fuer-Sowjetkuenstler_1967-1-150x150.jpg","large_srcset":"https:\/\/poll-berlin.de\/galerie\/wp-content\/uploads\/UB_Medaille-fuer-Sowjetkuenstler_1967-1-800x619.jpg 800w, https:\/\/poll-berlin.de\/galerie\/wp-content\/uploads\/UB_Medaille-fuer-Sowjetkuenstler_1967-1-300x232.jpg 300w, https:\/\/poll-berlin.de\/galerie\/wp-content\/uploads\/UB_Medaille-fuer-Sowjetkuenstler_1967-1-768x594.jpg 768w, https:\/\/poll-berlin.de\/galerie\/wp-content\/uploads\/UB_Medaille-fuer-Sowjetkuenstler_1967-1.jpg 1500w","medium_srcset":"https:\/\/poll-berlin.de\/galerie\/wp-content\/uploads\/UB_Medaille-fuer-Sowjetkuenstler_1967-1-300x232.jpg 300w, https:\/\/poll-berlin.de\/galerie\/wp-content\/uploads\/UB_Medaille-fuer-Sowjetkuenstler_1967-1-800x619.jpg 800w, https:\/\/poll-berlin.de\/galerie\/wp-content\/uploads\/UB_Medaille-fuer-Sowjetkuenstler_1967-1-768x594.jpg 768w, https:\/\/poll-berlin.de\/galerie\/wp-content\/uploads\/UB_Medaille-fuer-Sowjetkuenstler_1967-1.jpg 1500w","media_details":{"width":1500,"height":1161,"sizes":{"medium":{"file":"UB_Medaille-fuer-Sowjetkuenstler_1967-1-300x232.jpg","width":300,"height":232,"mime-type":"image\/jpeg","source_url":"https:\/\/poll-berlin.de\/galerie\/wp-content\/uploads\/UB_Medaille-fuer-Sowjetkuenstler_1967-1-300x232.jpg"},"large":{"file":"UB_Medaille-fuer-Sowjetkuenstler_1967-1-800x619.jpg","width":800,"height":619,"mime-type":"image\/jpeg","source_url":"https:\/\/poll-berlin.de\/galerie\/wp-content\/uploads\/UB_Medaille-fuer-Sowjetkuenstler_1967-1-800x619.jpg"},"thumbnail":{"file":"UB_Medaille-fuer-Sowjetkuenstler_1967-1-150x150.jpg","width":150,"height":150,"mime-type":"image\/jpeg","source_url":"https:\/\/poll-berlin.de\/galerie\/wp-content\/uploads\/UB_Medaille-fuer-Sowjetkuenstler_1967-1-150x150.jpg"},"medium_large":{"file":"UB_Medaille-fuer-Sowjetkuenstler_1967-1-768x594.jpg","width":768,"height":594,"mime-type":"image\/jpeg","source_url":"https:\/\/poll-berlin.de\/galerie\/wp-content\/uploads\/UB_Medaille-fuer-Sowjetkuenstler_1967-1-768x594.jpg"}}},"alt_text":"","url":"","target":""}]]}},"_links":{"self":[{"href":"https:\/\/poll-berlin.de\/galerie\/wp-json\/wp\/v2\/pages\/944","targetHints":{"allow":["GET"]}}],"collection":[{"href":"https:\/\/poll-berlin.de\/galerie\/wp-json\/wp\/v2\/pages"}],"about":[{"href":"https:\/\/poll-berlin.de\/galerie\/wp-json\/wp\/v2\/types\/page"}],"author":[{"embeddable":true,"href":"https:\/\/poll-berlin.de\/galerie\/wp-json\/wp\/v2\/users\/2"}],"replies":[{"embeddable":true,"href":"https:\/\/poll-berlin.de\/galerie\/wp-json\/wp\/v2\/comments?post=944"}],"version-history":[{"count":4,"href":"https:\/\/poll-berlin.de\/galerie\/wp-json\/wp\/v2\/pages\/944\/revisions"}],"predecessor-version":[{"id":35377,"href":"https:\/\/poll-berlin.de\/galerie\/wp-json\/wp\/v2\/pages\/944\/revisions\/35377"}],"up":[{"embeddable":true,"href":"https:\/\/poll-berlin.de\/galerie\/wp-json\/wp\/v2\/pages\/60"}],"wp:attachment":[{"href":"https:\/\/poll-berlin.de\/galerie\/wp-json\/wp\/v2\/media?parent=944"}],"curies":[{"name":"wp","href":"https:\/\/api.w.org\/{rel}","templated":true}]}}