{"id":941,"date":"2021-05-26T12:25:00","date_gmt":"2021-05-26T10:25:00","guid":{"rendered":"https:\/\/poll-berlin.de\/galerie\/weitere-kuenstler\/juergen-waller\/"},"modified":"2022-03-25T16:38:37","modified_gmt":"2022-03-25T15:38:37","slug":"juergen-waller","status":"publish","type":"page","link":"https:\/\/poll-berlin.de\/galerie\/weitere-kuenstler\/juergen-waller\/","title":{"rendered":"J\u00fcrgen Waller"},"content":{"rendered":"","protected":false},"excerpt":{"rendered":"","protected":false},"author":2,"featured_media":0,"parent":60,"menu_order":33,"comment_status":"closed","ping_status":"closed","template":"kuenstler.php","meta":{"_acf_changed":false,"footnotes":""},"class_list":["post-941","page","type-page","status-publish","hentry"],"acf":{"photo_gallery":{"bilder":[[{"id":25813,"title":"","caption":"J\u00fcrgen Waller, Unter Tage 2, 1985, Kohle auf Leinwand, 200 x 250 cm","full_image_url":"https:\/\/poll-berlin.de\/galerie\/wp-content\/uploads\/Waller_Unter-Tage_mittel.jpg","thumbnail_image_url":"https:\/\/poll-berlin.de\/galerie\/wp-content\/uploads\/Waller_Unter-Tage_mittel-150x150.jpg","large_srcset":"https:\/\/poll-berlin.de\/galerie\/wp-content\/uploads\/Waller_Unter-Tage_mittel-800x630.jpg 800w, https:\/\/poll-berlin.de\/galerie\/wp-content\/uploads\/Waller_Unter-Tage_mittel-300x236.jpg 300w, https:\/\/poll-berlin.de\/galerie\/wp-content\/uploads\/Waller_Unter-Tage_mittel-768x605.jpg 768w, https:\/\/poll-berlin.de\/galerie\/wp-content\/uploads\/Waller_Unter-Tage_mittel.jpg 1500w","medium_srcset":"https:\/\/poll-berlin.de\/galerie\/wp-content\/uploads\/Waller_Unter-Tage_mittel-300x236.jpg 300w, https:\/\/poll-berlin.de\/galerie\/wp-content\/uploads\/Waller_Unter-Tage_mittel-800x630.jpg 800w, https:\/\/poll-berlin.de\/galerie\/wp-content\/uploads\/Waller_Unter-Tage_mittel-768x605.jpg 768w, https:\/\/poll-berlin.de\/galerie\/wp-content\/uploads\/Waller_Unter-Tage_mittel.jpg 1500w","media_details":{"width":1500,"height":1182,"sizes":{"medium":{"file":"Waller_Unter-Tage_mittel-300x236.jpg","width":300,"height":236,"mime-type":"image\/jpeg","source_url":"https:\/\/poll-berlin.de\/galerie\/wp-content\/uploads\/Waller_Unter-Tage_mittel-300x236.jpg"},"large":{"file":"Waller_Unter-Tage_mittel-800x630.jpg","width":800,"height":630,"mime-type":"image\/jpeg","source_url":"https:\/\/poll-berlin.de\/galerie\/wp-content\/uploads\/Waller_Unter-Tage_mittel-800x630.jpg"},"thumbnail":{"file":"Waller_Unter-Tage_mittel-150x150.jpg","width":150,"height":150,"mime-type":"image\/jpeg","source_url":"https:\/\/poll-berlin.de\/galerie\/wp-content\/uploads\/Waller_Unter-Tage_mittel-150x150.jpg"},"medium_large":{"file":"Waller_Unter-Tage_mittel-768x605.jpg","width":768,"height":605,"mime-type":"image\/jpeg","source_url":"https:\/\/poll-berlin.de\/galerie\/wp-content\/uploads\/Waller_Unter-Tage_mittel-768x605.jpg"}}},"alt_text":"","url":"","target":""},{"id":25814,"title":"","caption":"J\u00fcrgen Waller, Winter, 1980, \u00d6l auf Leinwand, 180 x 140 cm","full_image_url":"https:\/\/poll-berlin.de\/galerie\/wp-content\/uploads\/Waller_Winter_mittel.jpg","thumbnail_image_url":"https:\/\/poll-berlin.de\/galerie\/wp-content\/uploads\/Waller_Winter_mittel-150x150.jpg","large_srcset":"https:\/\/poll-berlin.de\/galerie\/wp-content\/uploads\/Waller_Winter_mittel-800x939.jpg 800w, https:\/\/poll-berlin.de\/galerie\/wp-content\/uploads\/Waller_Winter_mittel-256x300.jpg 256w, https:\/\/poll-berlin.de\/galerie\/wp-content\/uploads\/Waller_Winter_mittel-768x901.jpg 768w, https:\/\/poll-berlin.de\/galerie\/wp-content\/uploads\/Waller_Winter_mittel.jpg 1278w","medium_srcset":"https:\/\/poll-berlin.de\/galerie\/wp-content\/uploads\/Waller_Winter_mittel-256x300.jpg 256w, https:\/\/poll-berlin.de\/galerie\/wp-content\/uploads\/Waller_Winter_mittel-800x939.jpg 800w, https:\/\/poll-berlin.de\/galerie\/wp-content\/uploads\/Waller_Winter_mittel-768x901.jpg 768w, https:\/\/poll-berlin.de\/galerie\/wp-content\/uploads\/Waller_Winter_mittel.jpg 1278w","media_details":{"width":1278,"height":1500,"sizes":{"medium":{"file":"Waller_Winter_mittel-256x300.jpg","width":256,"height":300,"mime-type":"image\/jpeg","source_url":"https:\/\/poll-berlin.de\/galerie\/wp-content\/uploads\/Waller_Winter_mittel-256x300.jpg"},"large":{"file":"Waller_Winter_mittel-800x939.jpg","width":800,"height":939,"mime-type":"image\/jpeg","source_url":"https:\/\/poll-berlin.de\/galerie\/wp-content\/uploads\/Waller_Winter_mittel-800x939.jpg"},"thumbnail":{"file":"Waller_Winter_mittel-150x150.jpg","width":150,"height":150,"mime-type":"image\/jpeg","source_url":"https:\/\/poll-berlin.de\/galerie\/wp-content\/uploads\/Waller_Winter_mittel-150x150.jpg"},"medium_large":{"file":"Waller_Winter_mittel-768x901.jpg","width":768,"height":901,"mime-type":"image\/jpeg","source_url":"https:\/\/poll-berlin.de\/galerie\/wp-content\/uploads\/Waller_Winter_mittel-768x901.jpg"}}},"alt_text":"","url":"","target":""},{"id":25811,"title":"","caption":"J\u00fcrgen Waller, Gro\u00dfstadt - Ein Tag im Leben der Frau M., 1977, Dispersionsfarbe, \u00d6l auf Leinwand, 250 x 400 cm","full_image_url":"https:\/\/poll-berlin.de\/galerie\/wp-content\/uploads\/Waller_Juergen_Grossstadt_Leben_Frau_M_mittel.jpg","thumbnail_image_url":"https:\/\/poll-berlin.de\/galerie\/wp-content\/uploads\/Waller_Juergen_Grossstadt_Leben_Frau_M_mittel-150x150.jpg","large_srcset":"https:\/\/poll-berlin.de\/galerie\/wp-content\/uploads\/Waller_Juergen_Grossstadt_Leben_Frau_M_mittel-800x499.jpg 800w, https:\/\/poll-berlin.de\/galerie\/wp-content\/uploads\/Waller_Juergen_Grossstadt_Leben_Frau_M_mittel-300x187.jpg 300w, https:\/\/poll-berlin.de\/galerie\/wp-content\/uploads\/Waller_Juergen_Grossstadt_Leben_Frau_M_mittel-768x479.jpg 768w, https:\/\/poll-berlin.de\/galerie\/wp-content\/uploads\/Waller_Juergen_Grossstadt_Leben_Frau_M_mittel.jpg 1492w","medium_srcset":"https:\/\/poll-berlin.de\/galerie\/wp-content\/uploads\/Waller_Juergen_Grossstadt_Leben_Frau_M_mittel-300x187.jpg 300w, https:\/\/poll-berlin.de\/galerie\/wp-content\/uploads\/Waller_Juergen_Grossstadt_Leben_Frau_M_mittel-800x499.jpg 800w, https:\/\/poll-berlin.de\/galerie\/wp-content\/uploads\/Waller_Juergen_Grossstadt_Leben_Frau_M_mittel-768x479.jpg 768w, https:\/\/poll-berlin.de\/galerie\/wp-content\/uploads\/Waller_Juergen_Grossstadt_Leben_Frau_M_mittel.jpg 1492w","media_details":{"width":1492,"height":930,"sizes":{"medium":{"file":"Waller_Juergen_Grossstadt_Leben_Frau_M_mittel-300x187.jpg","width":300,"height":187,"mime-type":"image\/jpeg","source_url":"https:\/\/poll-berlin.de\/galerie\/wp-content\/uploads\/Waller_Juergen_Grossstadt_Leben_Frau_M_mittel-300x187.jpg"},"large":{"file":"Waller_Juergen_Grossstadt_Leben_Frau_M_mittel-800x499.jpg","width":800,"height":499,"mime-type":"image\/jpeg","source_url":"https:\/\/poll-berlin.de\/galerie\/wp-content\/uploads\/Waller_Juergen_Grossstadt_Leben_Frau_M_mittel-800x499.jpg"},"thumbnail":{"file":"Waller_Juergen_Grossstadt_Leben_Frau_M_mittel-150x150.jpg","width":150,"height":150,"mime-type":"image\/jpeg","source_url":"https:\/\/poll-berlin.de\/galerie\/wp-content\/uploads\/Waller_Juergen_Grossstadt_Leben_Frau_M_mittel-150x150.jpg"},"medium_large":{"file":"Waller_Juergen_Grossstadt_Leben_Frau_M_mittel-768x479.jpg","width":768,"height":479,"mime-type":"image\/jpeg","source_url":"https:\/\/poll-berlin.de\/galerie\/wp-content\/uploads\/Waller_Juergen_Grossstadt_Leben_Frau_M_mittel-768x479.jpg"}}},"alt_text":"","url":"","target":""},{"id":25816,"title":"Foto: Ilona Ripke, Berlin","caption":"J\u00fcrgen Waller, Ikarus, 1976, \u00d6l auf Leinwand, 150 x 120 cm","full_image_url":"https:\/\/poll-berlin.de\/galerie\/wp-content\/uploads\/Waller_Ikarus_Ilona-Ripke_mittel.jpg","thumbnail_image_url":"https:\/\/poll-berlin.de\/galerie\/wp-content\/uploads\/Waller_Ikarus_Ilona-Ripke_mittel-150x150.jpg","large_srcset":"https:\/\/poll-berlin.de\/galerie\/wp-content\/uploads\/Waller_Ikarus_Ilona-Ripke_mittel-800x1007.jpg 800w, https:\/\/poll-berlin.de\/galerie\/wp-content\/uploads\/Waller_Ikarus_Ilona-Ripke_mittel-238x300.jpg 238w, https:\/\/poll-berlin.de\/galerie\/wp-content\/uploads\/Waller_Ikarus_Ilona-Ripke_mittel-768x966.jpg 768w, https:\/\/poll-berlin.de\/galerie\/wp-content\/uploads\/Waller_Ikarus_Ilona-Ripke_mittel.jpg 1192w","medium_srcset":"https:\/\/poll-berlin.de\/galerie\/wp-content\/uploads\/Waller_Ikarus_Ilona-Ripke_mittel-238x300.jpg 238w, https:\/\/poll-berlin.de\/galerie\/wp-content\/uploads\/Waller_Ikarus_Ilona-Ripke_mittel-800x1007.jpg 800w, https:\/\/poll-berlin.de\/galerie\/wp-content\/uploads\/Waller_Ikarus_Ilona-Ripke_mittel-768x966.jpg 768w, https:\/\/poll-berlin.de\/galerie\/wp-content\/uploads\/Waller_Ikarus_Ilona-Ripke_mittel.jpg 1192w","media_details":{"width":1192,"height":1500,"sizes":{"medium":{"file":"Waller_Ikarus_Ilona-Ripke_mittel-238x300.jpg","width":238,"height":300,"mime-type":"image\/jpeg","source_url":"https:\/\/poll-berlin.de\/galerie\/wp-content\/uploads\/Waller_Ikarus_Ilona-Ripke_mittel-238x300.jpg"},"large":{"file":"Waller_Ikarus_Ilona-Ripke_mittel-800x1007.jpg","width":800,"height":1007,"mime-type":"image\/jpeg","source_url":"https:\/\/poll-berlin.de\/galerie\/wp-content\/uploads\/Waller_Ikarus_Ilona-Ripke_mittel-800x1007.jpg"},"thumbnail":{"file":"Waller_Ikarus_Ilona-Ripke_mittel-150x150.jpg","width":150,"height":150,"mime-type":"image\/jpeg","source_url":"https:\/\/poll-berlin.de\/galerie\/wp-content\/uploads\/Waller_Ikarus_Ilona-Ripke_mittel-150x150.jpg"},"medium_large":{"file":"Waller_Ikarus_Ilona-Ripke_mittel-768x966.jpg","width":768,"height":966,"mime-type":"image\/jpeg","source_url":"https:\/\/poll-berlin.de\/galerie\/wp-content\/uploads\/Waller_Ikarus_Ilona-Ripke_mittel-768x966.jpg"}}},"alt_text":"","url":"","target":""},{"id":25812,"title":"Foto: Ilona Ripke, Berlin","caption":"J\u00fcrgen Waller, Mahnmal vor Moskau, 1974, \u00d6l auf Leinwand, 150 x 120 cm","full_image_url":"https:\/\/poll-berlin.de\/galerie\/wp-content\/uploads\/Waller_Mahnmal-in-Moskau_Ilona-Ripke_mittel.jpg","thumbnail_image_url":"https:\/\/poll-berlin.de\/galerie\/wp-content\/uploads\/Waller_Mahnmal-in-Moskau_Ilona-Ripke_mittel-150x150.jpg","large_srcset":"https:\/\/poll-berlin.de\/galerie\/wp-content\/uploads\/Waller_Mahnmal-in-Moskau_Ilona-Ripke_mittel-800x1006.jpg 800w, https:\/\/poll-berlin.de\/galerie\/wp-content\/uploads\/Waller_Mahnmal-in-Moskau_Ilona-Ripke_mittel-239x300.jpg 239w, https:\/\/poll-berlin.de\/galerie\/wp-content\/uploads\/Waller_Mahnmal-in-Moskau_Ilona-Ripke_mittel-768x966.jpg 768w, https:\/\/poll-berlin.de\/galerie\/wp-content\/uploads\/Waller_Mahnmal-in-Moskau_Ilona-Ripke_mittel.jpg 1193w","medium_srcset":"https:\/\/poll-berlin.de\/galerie\/wp-content\/uploads\/Waller_Mahnmal-in-Moskau_Ilona-Ripke_mittel-239x300.jpg 239w, https:\/\/poll-berlin.de\/galerie\/wp-content\/uploads\/Waller_Mahnmal-in-Moskau_Ilona-Ripke_mittel-800x1006.jpg 800w, https:\/\/poll-berlin.de\/galerie\/wp-content\/uploads\/Waller_Mahnmal-in-Moskau_Ilona-Ripke_mittel-768x966.jpg 768w, https:\/\/poll-berlin.de\/galerie\/wp-content\/uploads\/Waller_Mahnmal-in-Moskau_Ilona-Ripke_mittel.jpg 1193w","media_details":{"width":1193,"height":1500,"sizes":{"medium":{"file":"Waller_Mahnmal-in-Moskau_Ilona-Ripke_mittel-239x300.jpg","width":239,"height":300,"mime-type":"image\/jpeg","source_url":"https:\/\/poll-berlin.de\/galerie\/wp-content\/uploads\/Waller_Mahnmal-in-Moskau_Ilona-Ripke_mittel-239x300.jpg"},"large":{"file":"Waller_Mahnmal-in-Moskau_Ilona-Ripke_mittel-800x1006.jpg","width":800,"height":1006,"mime-type":"image\/jpeg","source_url":"https:\/\/poll-berlin.de\/galerie\/wp-content\/uploads\/Waller_Mahnmal-in-Moskau_Ilona-Ripke_mittel-800x1006.jpg"},"thumbnail":{"file":"Waller_Mahnmal-in-Moskau_Ilona-Ripke_mittel-150x150.jpg","width":150,"height":150,"mime-type":"image\/jpeg","source_url":"https:\/\/poll-berlin.de\/galerie\/wp-content\/uploads\/Waller_Mahnmal-in-Moskau_Ilona-Ripke_mittel-150x150.jpg"},"medium_large":{"file":"Waller_Mahnmal-in-Moskau_Ilona-Ripke_mittel-768x966.jpg","width":768,"height":966,"mime-type":"image\/jpeg","source_url":"https:\/\/poll-berlin.de\/galerie\/wp-content\/uploads\/Waller_Mahnmal-in-Moskau_Ilona-Ripke_mittel-768x966.jpg"}}},"alt_text":"","url":"","target":""}]]}},"_links":{"self":[{"href":"https:\/\/poll-berlin.de\/galerie\/wp-json\/wp\/v2\/pages\/941","targetHints":{"allow":["GET"]}}],"collection":[{"href":"https:\/\/poll-berlin.de\/galerie\/wp-json\/wp\/v2\/pages"}],"about":[{"href":"https:\/\/poll-berlin.de\/galerie\/wp-json\/wp\/v2\/types\/page"}],"author":[{"embeddable":true,"href":"https:\/\/poll-berlin.de\/galerie\/wp-json\/wp\/v2\/users\/2"}],"replies":[{"embeddable":true,"href":"https:\/\/poll-berlin.de\/galerie\/wp-json\/wp\/v2\/comments?post=941"}],"version-history":[{"count":6,"href":"https:\/\/poll-berlin.de\/galerie\/wp-json\/wp\/v2\/pages\/941\/revisions"}],"predecessor-version":[{"id":25875,"href":"https:\/\/poll-berlin.de\/galerie\/wp-json\/wp\/v2\/pages\/941\/revisions\/25875"}],"up":[{"embeddable":true,"href":"https:\/\/poll-berlin.de\/galerie\/wp-json\/wp\/v2\/pages\/60"}],"wp:attachment":[{"href":"https:\/\/poll-berlin.de\/galerie\/wp-json\/wp\/v2\/media?parent=941"}],"curies":[{"name":"wp","href":"https:\/\/api.w.org\/{rel}","templated":true}]}}