{"id":931,"date":"2021-05-26T12:22:30","date_gmt":"2021-05-26T10:22:30","guid":{"rendered":"https:\/\/poll-berlin.de\/galerie\/weitere-kuenstler\/jean-helion\/"},"modified":"2024-12-10T17:30:18","modified_gmt":"2024-12-10T16:30:18","slug":"jean-helion","status":"publish","type":"page","link":"https:\/\/poll-berlin.de\/galerie\/weitere-kuenstler\/jean-helion\/","title":{"rendered":"Jean H\u00e9lion"},"content":{"rendered":"","protected":false},"excerpt":{"rendered":"","protected":false},"author":2,"featured_media":0,"parent":60,"menu_order":13,"comment_status":"closed","ping_status":"closed","template":"kuenstler.php","meta":{"_acf_changed":false,"footnotes":""},"class_list":["post-931","page","type-page","status-publish","hentry"],"acf":{"photo_gallery":{"bilder":[[{"id":40305,"title":"JH_Pens\u00e9e et chaussure_1975","caption":"Jean H\u00e9lion, Pens\u00e9e et Chaussure, 1975, Pastell, 110 x 75 cm","full_image_url":"https:\/\/poll-berlin.de\/galerie\/wp-content\/uploads\/JH_Pensee-et-chaussure_1975.jpg","thumbnail_image_url":"https:\/\/poll-berlin.de\/galerie\/wp-content\/uploads\/JH_Pensee-et-chaussure_1975-150x150.jpg","large_srcset":"https:\/\/poll-berlin.de\/galerie\/wp-content\/uploads\/JH_Pensee-et-chaussure_1975-800x1156.jpg 800w, https:\/\/poll-berlin.de\/galerie\/wp-content\/uploads\/JH_Pensee-et-chaussure_1975-208x300.jpg 208w, https:\/\/poll-berlin.de\/galerie\/wp-content\/uploads\/JH_Pensee-et-chaussure_1975-768x1110.jpg 768w, https:\/\/poll-berlin.de\/galerie\/wp-content\/uploads\/JH_Pensee-et-chaussure_1975.jpg 1038w","medium_srcset":"https:\/\/poll-berlin.de\/galerie\/wp-content\/uploads\/JH_Pensee-et-chaussure_1975-208x300.jpg 208w, https:\/\/poll-berlin.de\/galerie\/wp-content\/uploads\/JH_Pensee-et-chaussure_1975-800x1156.jpg 800w, https:\/\/poll-berlin.de\/galerie\/wp-content\/uploads\/JH_Pensee-et-chaussure_1975-768x1110.jpg 768w, https:\/\/poll-berlin.de\/galerie\/wp-content\/uploads\/JH_Pensee-et-chaussure_1975.jpg 1038w","media_details":{"width":1038,"height":1500,"sizes":{"medium":{"file":"JH_Pensee-et-chaussure_1975-208x300.jpg","width":208,"height":300,"mime-type":"image\/jpeg","filesize":16640,"source_url":"https:\/\/poll-berlin.de\/galerie\/wp-content\/uploads\/JH_Pensee-et-chaussure_1975-208x300.jpg"},"large":{"file":"JH_Pensee-et-chaussure_1975-800x1156.jpg","width":800,"height":1156,"mime-type":"image\/jpeg","filesize":205454,"source_url":"https:\/\/poll-berlin.de\/galerie\/wp-content\/uploads\/JH_Pensee-et-chaussure_1975-800x1156.jpg"},"thumbnail":{"file":"JH_Pensee-et-chaussure_1975-150x150.jpg","width":150,"height":150,"mime-type":"image\/jpeg","filesize":7650,"source_url":"https:\/\/poll-berlin.de\/galerie\/wp-content\/uploads\/JH_Pensee-et-chaussure_1975-150x150.jpg"},"medium_large":{"file":"JH_Pensee-et-chaussure_1975-768x1110.jpg","width":768,"height":1110,"mime-type":"image\/jpeg","filesize":188898,"source_url":"https:\/\/poll-berlin.de\/galerie\/wp-content\/uploads\/JH_Pensee-et-chaussure_1975-768x1110.jpg"}}},"alt_text":"","url":"","target":""},{"id":40312,"title":"JH_Le journalier_1947","caption":"Jean H\u00e9lion, Le journalier, 1947, Kohle auf Papier, 130 x 89 cm","full_image_url":"https:\/\/poll-berlin.de\/galerie\/wp-content\/uploads\/JH_Le-journalier_1947.jpg","thumbnail_image_url":"https:\/\/poll-berlin.de\/galerie\/wp-content\/uploads\/JH_Le-journalier_1947-150x150.jpg","large_srcset":"https:\/\/poll-berlin.de\/galerie\/wp-content\/uploads\/JH_Le-journalier_1947-712x1200.jpg 712w, https:\/\/poll-berlin.de\/galerie\/wp-content\/uploads\/JH_Le-journalier_1947-178x300.jpg 178w, https:\/\/poll-berlin.de\/galerie\/wp-content\/uploads\/JH_Le-journalier_1947-768x1294.jpg 768w, https:\/\/poll-berlin.de\/galerie\/wp-content\/uploads\/JH_Le-journalier_1947.jpg 890w","medium_srcset":"https:\/\/poll-berlin.de\/galerie\/wp-content\/uploads\/JH_Le-journalier_1947-178x300.jpg 178w, https:\/\/poll-berlin.de\/galerie\/wp-content\/uploads\/JH_Le-journalier_1947-712x1200.jpg 712w, https:\/\/poll-berlin.de\/galerie\/wp-content\/uploads\/JH_Le-journalier_1947-768x1294.jpg 768w, https:\/\/poll-berlin.de\/galerie\/wp-content\/uploads\/JH_Le-journalier_1947.jpg 890w","media_details":{"width":890,"height":1500,"sizes":{"medium":{"file":"JH_Le-journalier_1947-178x300.jpg","width":178,"height":300,"mime-type":"image\/jpeg","filesize":12989,"source_url":"https:\/\/poll-berlin.de\/galerie\/wp-content\/uploads\/JH_Le-journalier_1947-178x300.jpg"},"large":{"file":"JH_Le-journalier_1947-712x1200.jpg","width":712,"height":1200,"mime-type":"image\/jpeg","filesize":129581,"source_url":"https:\/\/poll-berlin.de\/galerie\/wp-content\/uploads\/JH_Le-journalier_1947-712x1200.jpg"},"thumbnail":{"file":"JH_Le-journalier_1947-150x150.jpg","width":150,"height":150,"mime-type":"image\/jpeg","filesize":6801,"source_url":"https:\/\/poll-berlin.de\/galerie\/wp-content\/uploads\/JH_Le-journalier_1947-150x150.jpg"},"medium_large":{"file":"JH_Le-journalier_1947-768x1294.jpg","width":768,"height":1294,"mime-type":"image\/jpeg","filesize":147445,"source_url":"https:\/\/poll-berlin.de\/galerie\/wp-content\/uploads\/JH_Le-journalier_1947-768x1294.jpg"}}},"alt_text":"","url":"","target":""}]]}},"_links":{"self":[{"href":"https:\/\/poll-berlin.de\/galerie\/wp-json\/wp\/v2\/pages\/931","targetHints":{"allow":["GET"]}}],"collection":[{"href":"https:\/\/poll-berlin.de\/galerie\/wp-json\/wp\/v2\/pages"}],"about":[{"href":"https:\/\/poll-berlin.de\/galerie\/wp-json\/wp\/v2\/types\/page"}],"author":[{"embeddable":true,"href":"https:\/\/poll-berlin.de\/galerie\/wp-json\/wp\/v2\/users\/2"}],"replies":[{"embeddable":true,"href":"https:\/\/poll-berlin.de\/galerie\/wp-json\/wp\/v2\/comments?post=931"}],"version-history":[{"count":4,"href":"https:\/\/poll-berlin.de\/galerie\/wp-json\/wp\/v2\/pages\/931\/revisions"}],"predecessor-version":[{"id":40307,"href":"https:\/\/poll-berlin.de\/galerie\/wp-json\/wp\/v2\/pages\/931\/revisions\/40307"}],"up":[{"embeddable":true,"href":"https:\/\/poll-berlin.de\/galerie\/wp-json\/wp\/v2\/pages\/60"}],"wp:attachment":[{"href":"https:\/\/poll-berlin.de\/galerie\/wp-json\/wp\/v2\/media?parent=931"}],"curies":[{"name":"wp","href":"https:\/\/api.w.org\/{rel}","templated":true}]}}