{"id":921,"date":"2021-05-26T12:19:05","date_gmt":"2021-05-26T10:19:05","guid":{"rendered":"https:\/\/poll-berlin.de\/galerie\/weitere-kuenstler\/jacobo-borges\/"},"modified":"2022-01-22T14:15:41","modified_gmt":"2022-01-22T13:15:41","slug":"jacobo-borges","status":"publish","type":"page","link":"https:\/\/poll-berlin.de\/galerie\/weitere-kuenstler\/jacobo-borges\/","title":{"rendered":"Jacobo Borges"},"content":{"rendered":"","protected":false},"excerpt":{"rendered":"","protected":false},"author":2,"featured_media":0,"parent":60,"menu_order":4,"comment_status":"closed","ping_status":"closed","template":"kuenstler.php","meta":{"_acf_changed":false,"footnotes":""},"class_list":["post-921","page","type-page","status-publish","hentry"],"acf":{"photo_gallery":{"bilder":[[{"id":25202,"title":"","caption":"Jacobo Borges, Friedrichstra\u00dfe II, 1989, \u00d6l auf Leinwand, 120 x 120 cm","full_image_url":"https:\/\/poll-berlin.de\/galerie\/wp-content\/uploads\/JB_Friedrichstrasse_II_web.jpg","thumbnail_image_url":"https:\/\/poll-berlin.de\/galerie\/wp-content\/uploads\/JB_Friedrichstrasse_II_web-150x150.jpg","large_srcset":"https:\/\/poll-berlin.de\/galerie\/wp-content\/uploads\/JB_Friedrichstrasse_II_web-800x791.jpg 800w, https:\/\/poll-berlin.de\/galerie\/wp-content\/uploads\/JB_Friedrichstrasse_II_web-300x297.jpg 300w, https:\/\/poll-berlin.de\/galerie\/wp-content\/uploads\/JB_Friedrichstrasse_II_web-768x759.jpg 768w, https:\/\/poll-berlin.de\/galerie\/wp-content\/uploads\/JB_Friedrichstrasse_II_web.jpg 1517w","medium_srcset":"https:\/\/poll-berlin.de\/galerie\/wp-content\/uploads\/JB_Friedrichstrasse_II_web-300x297.jpg 300w, https:\/\/poll-berlin.de\/galerie\/wp-content\/uploads\/JB_Friedrichstrasse_II_web-800x791.jpg 800w, https:\/\/poll-berlin.de\/galerie\/wp-content\/uploads\/JB_Friedrichstrasse_II_web-150x150.jpg 150w, https:\/\/poll-berlin.de\/galerie\/wp-content\/uploads\/JB_Friedrichstrasse_II_web-768x759.jpg 768w, https:\/\/poll-berlin.de\/galerie\/wp-content\/uploads\/JB_Friedrichstrasse_II_web.jpg 1517w","media_details":{"width":1517,"height":1500,"sizes":{"medium":{"file":"JB_Friedrichstrasse_II_web-300x297.jpg","width":300,"height":297,"mime-type":"image\/jpeg","source_url":"https:\/\/poll-berlin.de\/galerie\/wp-content\/uploads\/JB_Friedrichstrasse_II_web-300x297.jpg"},"large":{"file":"JB_Friedrichstrasse_II_web-800x791.jpg","width":800,"height":791,"mime-type":"image\/jpeg","source_url":"https:\/\/poll-berlin.de\/galerie\/wp-content\/uploads\/JB_Friedrichstrasse_II_web-800x791.jpg"},"thumbnail":{"file":"JB_Friedrichstrasse_II_web-150x150.jpg","width":150,"height":150,"mime-type":"image\/jpeg","source_url":"https:\/\/poll-berlin.de\/galerie\/wp-content\/uploads\/JB_Friedrichstrasse_II_web-150x150.jpg"},"medium_large":{"file":"JB_Friedrichstrasse_II_web-768x759.jpg","width":768,"height":759,"mime-type":"image\/jpeg","source_url":"https:\/\/poll-berlin.de\/galerie\/wp-content\/uploads\/JB_Friedrichstrasse_II_web-768x759.jpg"}}},"alt_text":"","url":"","target":""},{"id":25203,"title":"","caption":"Jacobo Borges, Rains I, 1992, \u00d6l auf Leinwand, 41 x 45 cm","full_image_url":"https:\/\/poll-berlin.de\/galerie\/wp-content\/uploads\/JB_Rains_I_1992_web.jpg","thumbnail_image_url":"https:\/\/poll-berlin.de\/galerie\/wp-content\/uploads\/JB_Rains_I_1992_web-150x150.jpg","large_srcset":"https:\/\/poll-berlin.de\/galerie\/wp-content\/uploads\/JB_Rains_I_1992_web-800x729.jpg 800w, https:\/\/poll-berlin.de\/galerie\/wp-content\/uploads\/JB_Rains_I_1992_web-300x274.jpg 300w, https:\/\/poll-berlin.de\/galerie\/wp-content\/uploads\/JB_Rains_I_1992_web-768x700.jpg 768w, https:\/\/poll-berlin.de\/galerie\/wp-content\/uploads\/JB_Rains_I_1992_web-1536x1401.jpg 1536w, https:\/\/poll-berlin.de\/galerie\/wp-content\/uploads\/JB_Rains_I_1992_web.jpg 1645w","medium_srcset":"https:\/\/poll-berlin.de\/galerie\/wp-content\/uploads\/JB_Rains_I_1992_web-300x274.jpg 300w, https:\/\/poll-berlin.de\/galerie\/wp-content\/uploads\/JB_Rains_I_1992_web-800x729.jpg 800w, https:\/\/poll-berlin.de\/galerie\/wp-content\/uploads\/JB_Rains_I_1992_web-768x700.jpg 768w, https:\/\/poll-berlin.de\/galerie\/wp-content\/uploads\/JB_Rains_I_1992_web-1536x1401.jpg 1536w, https:\/\/poll-berlin.de\/galerie\/wp-content\/uploads\/JB_Rains_I_1992_web.jpg 1645w","media_details":{"width":1645,"height":1500,"sizes":{"medium":{"file":"JB_Rains_I_1992_web-300x274.jpg","width":300,"height":274,"mime-type":"image\/jpeg","source_url":"https:\/\/poll-berlin.de\/galerie\/wp-content\/uploads\/JB_Rains_I_1992_web-300x274.jpg"},"large":{"file":"JB_Rains_I_1992_web-800x729.jpg","width":800,"height":729,"mime-type":"image\/jpeg","source_url":"https:\/\/poll-berlin.de\/galerie\/wp-content\/uploads\/JB_Rains_I_1992_web-800x729.jpg"},"thumbnail":{"file":"JB_Rains_I_1992_web-150x150.jpg","width":150,"height":150,"mime-type":"image\/jpeg","source_url":"https:\/\/poll-berlin.de\/galerie\/wp-content\/uploads\/JB_Rains_I_1992_web-150x150.jpg"},"medium_large":{"file":"JB_Rains_I_1992_web-768x700.jpg","width":768,"height":700,"mime-type":"image\/jpeg","source_url":"https:\/\/poll-berlin.de\/galerie\/wp-content\/uploads\/JB_Rains_I_1992_web-768x700.jpg"},"1536x1536":{"file":"JB_Rains_I_1992_web-1536x1401.jpg","width":1536,"height":1401,"mime-type":"image\/jpeg","source_url":"https:\/\/poll-berlin.de\/galerie\/wp-content\/uploads\/JB_Rains_I_1992_web-1536x1401.jpg"}}},"alt_text":"","url":"","target":""},{"id":25204,"title":"","caption":"Jacobo Borges, Rains II, 1992, \u00d6l auf Leinwand, 41 x 45 cm","full_image_url":"https:\/\/poll-berlin.de\/galerie\/wp-content\/uploads\/JB_Rains_II_1992_web.jpg","thumbnail_image_url":"https:\/\/poll-berlin.de\/galerie\/wp-content\/uploads\/JB_Rains_II_1992_web-150x150.jpg","large_srcset":"https:\/\/poll-berlin.de\/galerie\/wp-content\/uploads\/JB_Rains_II_1992_web-800x711.jpg 800w, https:\/\/poll-berlin.de\/galerie\/wp-content\/uploads\/JB_Rains_II_1992_web-300x267.jpg 300w, https:\/\/poll-berlin.de\/galerie\/wp-content\/uploads\/JB_Rains_II_1992_web-768x683.jpg 768w, https:\/\/poll-berlin.de\/galerie\/wp-content\/uploads\/JB_Rains_II_1992_web.jpg 1500w","medium_srcset":"https:\/\/poll-berlin.de\/galerie\/wp-content\/uploads\/JB_Rains_II_1992_web-300x267.jpg 300w, https:\/\/poll-berlin.de\/galerie\/wp-content\/uploads\/JB_Rains_II_1992_web-800x711.jpg 800w, https:\/\/poll-berlin.de\/galerie\/wp-content\/uploads\/JB_Rains_II_1992_web-768x683.jpg 768w, https:\/\/poll-berlin.de\/galerie\/wp-content\/uploads\/JB_Rains_II_1992_web.jpg 1500w","media_details":{"width":1500,"height":1334,"sizes":{"medium":{"file":"JB_Rains_II_1992_web-300x267.jpg","width":300,"height":267,"mime-type":"image\/jpeg","source_url":"https:\/\/poll-berlin.de\/galerie\/wp-content\/uploads\/JB_Rains_II_1992_web-300x267.jpg"},"large":{"file":"JB_Rains_II_1992_web-800x711.jpg","width":800,"height":711,"mime-type":"image\/jpeg","source_url":"https:\/\/poll-berlin.de\/galerie\/wp-content\/uploads\/JB_Rains_II_1992_web-800x711.jpg"},"thumbnail":{"file":"JB_Rains_II_1992_web-150x150.jpg","width":150,"height":150,"mime-type":"image\/jpeg","source_url":"https:\/\/poll-berlin.de\/galerie\/wp-content\/uploads\/JB_Rains_II_1992_web-150x150.jpg"},"medium_large":{"file":"JB_Rains_II_1992_web-768x683.jpg","width":768,"height":683,"mime-type":"image\/jpeg","source_url":"https:\/\/poll-berlin.de\/galerie\/wp-content\/uploads\/JB_Rains_II_1992_web-768x683.jpg"}}},"alt_text":"","url":"","target":""},{"id":25201,"title":"","caption":"Jacobo Borges, B\u00fclowstra\u00dfe, 1992, \u00d6l auf Leinwand, 30 x 25 cm","full_image_url":"https:\/\/poll-berlin.de\/galerie\/wp-content\/uploads\/JB_Buelowstrasse_web.jpg","thumbnail_image_url":"https:\/\/poll-berlin.de\/galerie\/wp-content\/uploads\/JB_Buelowstrasse_web-150x150.jpg","large_srcset":"https:\/\/poll-berlin.de\/galerie\/wp-content\/uploads\/JB_Buelowstrasse_web-800x953.jpg 800w, https:\/\/poll-berlin.de\/galerie\/wp-content\/uploads\/JB_Buelowstrasse_web-252x300.jpg 252w, https:\/\/poll-berlin.de\/galerie\/wp-content\/uploads\/JB_Buelowstrasse_web-768x915.jpg 768w, https:\/\/poll-berlin.de\/galerie\/wp-content\/uploads\/JB_Buelowstrasse_web.jpg 1259w","medium_srcset":"https:\/\/poll-berlin.de\/galerie\/wp-content\/uploads\/JB_Buelowstrasse_web-252x300.jpg 252w, https:\/\/poll-berlin.de\/galerie\/wp-content\/uploads\/JB_Buelowstrasse_web-800x953.jpg 800w, https:\/\/poll-berlin.de\/galerie\/wp-content\/uploads\/JB_Buelowstrasse_web-768x915.jpg 768w, https:\/\/poll-berlin.de\/galerie\/wp-content\/uploads\/JB_Buelowstrasse_web.jpg 1259w","media_details":{"width":1259,"height":1500,"sizes":{"medium":{"file":"JB_Buelowstrasse_web-252x300.jpg","width":252,"height":300,"mime-type":"image\/jpeg","source_url":"https:\/\/poll-berlin.de\/galerie\/wp-content\/uploads\/JB_Buelowstrasse_web-252x300.jpg"},"large":{"file":"JB_Buelowstrasse_web-800x953.jpg","width":800,"height":953,"mime-type":"image\/jpeg","source_url":"https:\/\/poll-berlin.de\/galerie\/wp-content\/uploads\/JB_Buelowstrasse_web-800x953.jpg"},"thumbnail":{"file":"JB_Buelowstrasse_web-150x150.jpg","width":150,"height":150,"mime-type":"image\/jpeg","source_url":"https:\/\/poll-berlin.de\/galerie\/wp-content\/uploads\/JB_Buelowstrasse_web-150x150.jpg"},"medium_large":{"file":"JB_Buelowstrasse_web-768x915.jpg","width":768,"height":915,"mime-type":"image\/jpeg","source_url":"https:\/\/poll-berlin.de\/galerie\/wp-content\/uploads\/JB_Buelowstrasse_web-768x915.jpg"}}},"alt_text":"","url":"","target":""}]]}},"_links":{"self":[{"href":"https:\/\/poll-berlin.de\/galerie\/wp-json\/wp\/v2\/pages\/921","targetHints":{"allow":["GET"]}}],"collection":[{"href":"https:\/\/poll-berlin.de\/galerie\/wp-json\/wp\/v2\/pages"}],"about":[{"href":"https:\/\/poll-berlin.de\/galerie\/wp-json\/wp\/v2\/types\/page"}],"author":[{"embeddable":true,"href":"https:\/\/poll-berlin.de\/galerie\/wp-json\/wp\/v2\/users\/2"}],"replies":[{"embeddable":true,"href":"https:\/\/poll-berlin.de\/galerie\/wp-json\/wp\/v2\/comments?post=921"}],"version-history":[{"count":2,"href":"https:\/\/poll-berlin.de\/galerie\/wp-json\/wp\/v2\/pages\/921\/revisions"}],"predecessor-version":[{"id":25205,"href":"https:\/\/poll-berlin.de\/galerie\/wp-json\/wp\/v2\/pages\/921\/revisions\/25205"}],"up":[{"embeddable":true,"href":"https:\/\/poll-berlin.de\/galerie\/wp-json\/wp\/v2\/pages\/60"}],"wp:attachment":[{"href":"https:\/\/poll-berlin.de\/galerie\/wp-json\/wp\/v2\/media?parent=921"}],"curies":[{"name":"wp","href":"https:\/\/api.w.org\/{rel}","templated":true}]}}