{"id":912,"date":"2021-05-26T12:17:48","date_gmt":"2021-05-26T10:17:48","guid":{"rendered":"https:\/\/poll-berlin.de\/galerie\/weitere-kuenstler\/paolo-baratella\/"},"modified":"2021-12-15T19:48:16","modified_gmt":"2021-12-15T18:48:16","slug":"paolo-baratella","status":"publish","type":"page","link":"https:\/\/poll-berlin.de\/galerie\/weitere-kuenstler\/paolo-baratella\/","title":{"rendered":"Paolo Baratella"},"content":{"rendered":"","protected":false},"excerpt":{"rendered":"","protected":false},"author":2,"featured_media":0,"parent":60,"menu_order":2,"comment_status":"closed","ping_status":"closed","template":"kuenstler.php","meta":{"_acf_changed":false,"footnotes":""},"class_list":["post-912","page","type-page","status-publish","hentry"],"acf":{"photo_gallery":{"bilder":[[{"id":4631,"title":"","caption":"Paolo Baratella, Als wenn alles aus w\u00e4re und ich Schei\u00dfe fressen m\u00fc\u00dfte, 1972, Siebdruck auf Leinwand, \u00fcbermalt, 63 x 189 cm, dreiteilig","full_image_url":"https:\/\/poll-berlin.de\/galerie\/wp-content\/uploads\/PB_00002_Als_wenn_alles_aus_waere_1500_web.jpg","thumbnail_image_url":"https:\/\/poll-berlin.de\/galerie\/wp-content\/uploads\/PB_00002_Als_wenn_alles_aus_waere_1500_web-150x150.jpg","large_srcset":"https:\/\/poll-berlin.de\/galerie\/wp-content\/uploads\/PB_00002_Als_wenn_alles_aus_waere_1500_web-800x262.jpg 800w, https:\/\/poll-berlin.de\/galerie\/wp-content\/uploads\/PB_00002_Als_wenn_alles_aus_waere_1500_web-300x98.jpg 300w, https:\/\/poll-berlin.de\/galerie\/wp-content\/uploads\/PB_00002_Als_wenn_alles_aus_waere_1500_web-768x251.jpg 768w, https:\/\/poll-berlin.de\/galerie\/wp-content\/uploads\/PB_00002_Als_wenn_alles_aus_waere_1500_web.jpg 1500w","medium_srcset":"https:\/\/poll-berlin.de\/galerie\/wp-content\/uploads\/PB_00002_Als_wenn_alles_aus_waere_1500_web-300x98.jpg 300w, https:\/\/poll-berlin.de\/galerie\/wp-content\/uploads\/PB_00002_Als_wenn_alles_aus_waere_1500_web-800x262.jpg 800w, https:\/\/poll-berlin.de\/galerie\/wp-content\/uploads\/PB_00002_Als_wenn_alles_aus_waere_1500_web-768x251.jpg 768w, https:\/\/poll-berlin.de\/galerie\/wp-content\/uploads\/PB_00002_Als_wenn_alles_aus_waere_1500_web.jpg 1500w","media_details":{"width":1500,"height":491,"sizes":{"medium":{"file":"PB_00002_Als_wenn_alles_aus_waere_1500_web-300x98.jpg","width":300,"height":98,"mime-type":"image\/jpeg","source_url":"https:\/\/poll-berlin.de\/galerie\/wp-content\/uploads\/PB_00002_Als_wenn_alles_aus_waere_1500_web-300x98.jpg"},"large":{"file":"PB_00002_Als_wenn_alles_aus_waere_1500_web-800x262.jpg","width":800,"height":262,"mime-type":"image\/jpeg","source_url":"https:\/\/poll-berlin.de\/galerie\/wp-content\/uploads\/PB_00002_Als_wenn_alles_aus_waere_1500_web-800x262.jpg"},"thumbnail":{"file":"PB_00002_Als_wenn_alles_aus_waere_1500_web-150x150.jpg","width":150,"height":150,"mime-type":"image\/jpeg","source_url":"https:\/\/poll-berlin.de\/galerie\/wp-content\/uploads\/PB_00002_Als_wenn_alles_aus_waere_1500_web-150x150.jpg"},"medium_large":{"file":"PB_00002_Als_wenn_alles_aus_waere_1500_web-768x251.jpg","width":768,"height":251,"mime-type":"image\/jpeg","source_url":"https:\/\/poll-berlin.de\/galerie\/wp-content\/uploads\/PB_00002_Als_wenn_alles_aus_waere_1500_web-768x251.jpg"}}},"alt_text":"","url":"","target":""},{"id":4627,"title":"","caption":"Paolo Baratella, Genocidio, 1972, \u00d6l auf Leinwand, 140 x 140 cm","full_image_url":"https:\/\/poll-berlin.de\/galerie\/wp-content\/uploads\/PB_00003_Genocidio_1500_web.jpg","thumbnail_image_url":"https:\/\/poll-berlin.de\/galerie\/wp-content\/uploads\/PB_00003_Genocidio_1500_web-150x150.jpg","large_srcset":"https:\/\/poll-berlin.de\/galerie\/wp-content\/uploads\/PB_00003_Genocidio_1500_web-800x812.jpg 800w, https:\/\/poll-berlin.de\/galerie\/wp-content\/uploads\/PB_00003_Genocidio_1500_web-296x300.jpg 296w, https:\/\/poll-berlin.de\/galerie\/wp-content\/uploads\/PB_00003_Genocidio_1500_web-768x779.jpg 768w, https:\/\/poll-berlin.de\/galerie\/wp-content\/uploads\/PB_00003_Genocidio_1500_web.jpg 1478w","medium_srcset":"https:\/\/poll-berlin.de\/galerie\/wp-content\/uploads\/PB_00003_Genocidio_1500_web-296x300.jpg 296w, https:\/\/poll-berlin.de\/galerie\/wp-content\/uploads\/PB_00003_Genocidio_1500_web-800x812.jpg 800w, https:\/\/poll-berlin.de\/galerie\/wp-content\/uploads\/PB_00003_Genocidio_1500_web-768x779.jpg 768w, https:\/\/poll-berlin.de\/galerie\/wp-content\/uploads\/PB_00003_Genocidio_1500_web.jpg 1478w","media_details":{"width":1478,"height":1500,"sizes":{"medium":{"file":"PB_00003_Genocidio_1500_web-296x300.jpg","width":296,"height":300,"mime-type":"image\/jpeg","source_url":"https:\/\/poll-berlin.de\/galerie\/wp-content\/uploads\/PB_00003_Genocidio_1500_web-296x300.jpg"},"large":{"file":"PB_00003_Genocidio_1500_web-800x812.jpg","width":800,"height":812,"mime-type":"image\/jpeg","source_url":"https:\/\/poll-berlin.de\/galerie\/wp-content\/uploads\/PB_00003_Genocidio_1500_web-800x812.jpg"},"thumbnail":{"file":"PB_00003_Genocidio_1500_web-150x150.jpg","width":150,"height":150,"mime-type":"image\/jpeg","source_url":"https:\/\/poll-berlin.de\/galerie\/wp-content\/uploads\/PB_00003_Genocidio_1500_web-150x150.jpg"},"medium_large":{"file":"PB_00003_Genocidio_1500_web-768x779.jpg","width":768,"height":779,"mime-type":"image\/jpeg","source_url":"https:\/\/poll-berlin.de\/galerie\/wp-content\/uploads\/PB_00003_Genocidio_1500_web-768x779.jpg"}}},"alt_text":"","url":"","target":""},{"id":4628,"title":"","caption":"Paolo Baratella, Dem Deutschen Volke, 1975, Acryl auf Leinwand, 100 x 100 cm","full_image_url":"https:\/\/poll-berlin.de\/galerie\/wp-content\/uploads\/PB_00006_Dem_Deutschen_Volke_1500_web.jpg","thumbnail_image_url":"https:\/\/poll-berlin.de\/galerie\/wp-content\/uploads\/PB_00006_Dem_Deutschen_Volke_1500_web-150x150.jpg","large_srcset":"https:\/\/poll-berlin.de\/galerie\/wp-content\/uploads\/PB_00006_Dem_Deutschen_Volke_1500_web-800x799.jpg 800w, https:\/\/poll-berlin.de\/galerie\/wp-content\/uploads\/PB_00006_Dem_Deutschen_Volke_1500_web-300x300.jpg 300w, https:\/\/poll-berlin.de\/galerie\/wp-content\/uploads\/PB_00006_Dem_Deutschen_Volke_1500_web-150x150.jpg 150w, https:\/\/poll-berlin.de\/galerie\/wp-content\/uploads\/PB_00006_Dem_Deutschen_Volke_1500_web-768x767.jpg 768w, https:\/\/poll-berlin.de\/galerie\/wp-content\/uploads\/PB_00006_Dem_Deutschen_Volke_1500_web.jpg 1500w","medium_srcset":"https:\/\/poll-berlin.de\/galerie\/wp-content\/uploads\/PB_00006_Dem_Deutschen_Volke_1500_web-300x300.jpg 300w, https:\/\/poll-berlin.de\/galerie\/wp-content\/uploads\/PB_00006_Dem_Deutschen_Volke_1500_web-800x799.jpg 800w, https:\/\/poll-berlin.de\/galerie\/wp-content\/uploads\/PB_00006_Dem_Deutschen_Volke_1500_web-150x150.jpg 150w, https:\/\/poll-berlin.de\/galerie\/wp-content\/uploads\/PB_00006_Dem_Deutschen_Volke_1500_web-768x767.jpg 768w, https:\/\/poll-berlin.de\/galerie\/wp-content\/uploads\/PB_00006_Dem_Deutschen_Volke_1500_web.jpg 1500w","media_details":{"width":1500,"height":1498,"sizes":{"medium":{"file":"PB_00006_Dem_Deutschen_Volke_1500_web-300x300.jpg","width":300,"height":300,"mime-type":"image\/jpeg","source_url":"https:\/\/poll-berlin.de\/galerie\/wp-content\/uploads\/PB_00006_Dem_Deutschen_Volke_1500_web-300x300.jpg"},"large":{"file":"PB_00006_Dem_Deutschen_Volke_1500_web-800x799.jpg","width":800,"height":799,"mime-type":"image\/jpeg","source_url":"https:\/\/poll-berlin.de\/galerie\/wp-content\/uploads\/PB_00006_Dem_Deutschen_Volke_1500_web-800x799.jpg"},"thumbnail":{"file":"PB_00006_Dem_Deutschen_Volke_1500_web-150x150.jpg","width":150,"height":150,"mime-type":"image\/jpeg","source_url":"https:\/\/poll-berlin.de\/galerie\/wp-content\/uploads\/PB_00006_Dem_Deutschen_Volke_1500_web-150x150.jpg"},"medium_large":{"file":"PB_00006_Dem_Deutschen_Volke_1500_web-768x767.jpg","width":768,"height":767,"mime-type":"image\/jpeg","source_url":"https:\/\/poll-berlin.de\/galerie\/wp-content\/uploads\/PB_00006_Dem_Deutschen_Volke_1500_web-768x767.jpg"}}},"alt_text":"","url":"","target":""},{"id":4630,"title":"","caption":"Paolo Baratella, Visitate il Cile..., 1975, Graphit auf Papier, 86 x 61 cm","full_image_url":"https:\/\/poll-berlin.de\/galerie\/wp-content\/uploads\/PB_00007_Visitate_il_Cile_1500_web.jpg","thumbnail_image_url":"https:\/\/poll-berlin.de\/galerie\/wp-content\/uploads\/PB_00007_Visitate_il_Cile_1500_web-150x150.jpg","large_srcset":"https:\/\/poll-berlin.de\/galerie\/wp-content\/uploads\/PB_00007_Visitate_il_Cile_1500_web-800x1159.jpg 800w, https:\/\/poll-berlin.de\/galerie\/wp-content\/uploads\/PB_00007_Visitate_il_Cile_1500_web-207x300.jpg 207w, https:\/\/poll-berlin.de\/galerie\/wp-content\/uploads\/PB_00007_Visitate_il_Cile_1500_web-768x1113.jpg 768w, https:\/\/poll-berlin.de\/galerie\/wp-content\/uploads\/PB_00007_Visitate_il_Cile_1500_web.jpg 1035w","medium_srcset":"https:\/\/poll-berlin.de\/galerie\/wp-content\/uploads\/PB_00007_Visitate_il_Cile_1500_web-207x300.jpg 207w, https:\/\/poll-berlin.de\/galerie\/wp-content\/uploads\/PB_00007_Visitate_il_Cile_1500_web-800x1159.jpg 800w, https:\/\/poll-berlin.de\/galerie\/wp-content\/uploads\/PB_00007_Visitate_il_Cile_1500_web-768x1113.jpg 768w, https:\/\/poll-berlin.de\/galerie\/wp-content\/uploads\/PB_00007_Visitate_il_Cile_1500_web.jpg 1035w","media_details":{"width":1035,"height":1500,"sizes":{"medium":{"file":"PB_00007_Visitate_il_Cile_1500_web-207x300.jpg","width":207,"height":300,"mime-type":"image\/jpeg","source_url":"https:\/\/poll-berlin.de\/galerie\/wp-content\/uploads\/PB_00007_Visitate_il_Cile_1500_web-207x300.jpg"},"large":{"file":"PB_00007_Visitate_il_Cile_1500_web-800x1159.jpg","width":800,"height":1159,"mime-type":"image\/jpeg","source_url":"https:\/\/poll-berlin.de\/galerie\/wp-content\/uploads\/PB_00007_Visitate_il_Cile_1500_web-800x1159.jpg"},"thumbnail":{"file":"PB_00007_Visitate_il_Cile_1500_web-150x150.jpg","width":150,"height":150,"mime-type":"image\/jpeg","source_url":"https:\/\/poll-berlin.de\/galerie\/wp-content\/uploads\/PB_00007_Visitate_il_Cile_1500_web-150x150.jpg"},"medium_large":{"file":"PB_00007_Visitate_il_Cile_1500_web-768x1113.jpg","width":768,"height":1113,"mime-type":"image\/jpeg","source_url":"https:\/\/poll-berlin.de\/galerie\/wp-content\/uploads\/PB_00007_Visitate_il_Cile_1500_web-768x1113.jpg"}}},"alt_text":"","url":"","target":""},{"id":4629,"title":"","caption":"Paolo Baratella, Nuovo Facismo, 1976, Acryl auf Leinwand, 100 x 100 cm","full_image_url":"https:\/\/poll-berlin.de\/galerie\/wp-content\/uploads\/PB_00009_Nuovo_facismo_1500_web.jpg","thumbnail_image_url":"https:\/\/poll-berlin.de\/galerie\/wp-content\/uploads\/PB_00009_Nuovo_facismo_1500_web-150x150.jpg","large_srcset":"https:\/\/poll-berlin.de\/galerie\/wp-content\/uploads\/PB_00009_Nuovo_facismo_1500_web-800x786.jpg 800w, https:\/\/poll-berlin.de\/galerie\/wp-content\/uploads\/PB_00009_Nuovo_facismo_1500_web-300x295.jpg 300w, https:\/\/poll-berlin.de\/galerie\/wp-content\/uploads\/PB_00009_Nuovo_facismo_1500_web-768x755.jpg 768w, https:\/\/poll-berlin.de\/galerie\/wp-content\/uploads\/PB_00009_Nuovo_facismo_1500_web.jpg 1500w","medium_srcset":"https:\/\/poll-berlin.de\/galerie\/wp-content\/uploads\/PB_00009_Nuovo_facismo_1500_web-300x295.jpg 300w, https:\/\/poll-berlin.de\/galerie\/wp-content\/uploads\/PB_00009_Nuovo_facismo_1500_web-800x786.jpg 800w, https:\/\/poll-berlin.de\/galerie\/wp-content\/uploads\/PB_00009_Nuovo_facismo_1500_web-768x755.jpg 768w, https:\/\/poll-berlin.de\/galerie\/wp-content\/uploads\/PB_00009_Nuovo_facismo_1500_web.jpg 1500w","media_details":{"width":1500,"height":1474,"sizes":{"medium":{"file":"PB_00009_Nuovo_facismo_1500_web-300x295.jpg","width":300,"height":295,"mime-type":"image\/jpeg","source_url":"https:\/\/poll-berlin.de\/galerie\/wp-content\/uploads\/PB_00009_Nuovo_facismo_1500_web-300x295.jpg"},"large":{"file":"PB_00009_Nuovo_facismo_1500_web-800x786.jpg","width":800,"height":786,"mime-type":"image\/jpeg","source_url":"https:\/\/poll-berlin.de\/galerie\/wp-content\/uploads\/PB_00009_Nuovo_facismo_1500_web-800x786.jpg"},"thumbnail":{"file":"PB_00009_Nuovo_facismo_1500_web-150x150.jpg","width":150,"height":150,"mime-type":"image\/jpeg","source_url":"https:\/\/poll-berlin.de\/galerie\/wp-content\/uploads\/PB_00009_Nuovo_facismo_1500_web-150x150.jpg"},"medium_large":{"file":"PB_00009_Nuovo_facismo_1500_web-768x755.jpg","width":768,"height":755,"mime-type":"image\/jpeg","source_url":"https:\/\/poll-berlin.de\/galerie\/wp-content\/uploads\/PB_00009_Nuovo_facismo_1500_web-768x755.jpg"}}},"alt_text":"","url":"","target":""}]]}},"_links":{"self":[{"href":"https:\/\/poll-berlin.de\/galerie\/wp-json\/wp\/v2\/pages\/912","targetHints":{"allow":["GET"]}}],"collection":[{"href":"https:\/\/poll-berlin.de\/galerie\/wp-json\/wp\/v2\/pages"}],"about":[{"href":"https:\/\/poll-berlin.de\/galerie\/wp-json\/wp\/v2\/types\/page"}],"author":[{"embeddable":true,"href":"https:\/\/poll-berlin.de\/galerie\/wp-json\/wp\/v2\/users\/2"}],"replies":[{"embeddable":true,"href":"https:\/\/poll-berlin.de\/galerie\/wp-json\/wp\/v2\/comments?post=912"}],"version-history":[{"count":2,"href":"https:\/\/poll-berlin.de\/galerie\/wp-json\/wp\/v2\/pages\/912\/revisions"}],"predecessor-version":[{"id":4632,"href":"https:\/\/poll-berlin.de\/galerie\/wp-json\/wp\/v2\/pages\/912\/revisions\/4632"}],"up":[{"embeddable":true,"href":"https:\/\/poll-berlin.de\/galerie\/wp-json\/wp\/v2\/pages\/60"}],"wp:attachment":[{"href":"https:\/\/poll-berlin.de\/galerie\/wp-json\/wp\/v2\/media?parent=912"}],"curies":[{"name":"wp","href":"https:\/\/api.w.org\/{rel}","templated":true}]}}