{"id":663,"date":"2021-05-10T17:26:34","date_gmt":"2021-05-10T15:26:34","guid":{"rendered":"https:\/\/poll-berlin.de\/galerie\/kuenstler-der-galerie\/ralf-kerbach\/kataloge\/kat-6-kerbach\/"},"modified":"2024-10-08T13:00:57","modified_gmt":"2024-10-08T11:00:57","slug":"kat-6-kerbach","status":"publish","type":"page","link":"https:\/\/poll-berlin.de\/galerie\/kuenstler-der-galerie\/ralf-kerbach\/kataloge\/kat-6-kerbach\/","title":{"rendered":"Katalog 7 &#8211; Kerbach"},"content":{"rendered":"\n<p><strong>BETON. Neue Bilder zum Arbeiter von Ralf Kerbach<\/strong><br>Eva und Lothar C. Poll (Hrsg.), Text von Dr. Eckhart J. Gillen, Gespr\u00e4ch Jochen L. St\u00f6ckmanns mit Ralf Kerbach, Katalog anl\u00e4sslich der gleichnamigen Ausstellung in der Galerie Poll, Berlin (4.9.-24.10.2020), Berlin 2020, 27 x 21 cm, 48 Seiten, zahlreiche Farbabbildungen<br>20 Euro<\/p>\n\n\n<a id=\"mailinger\" href=\"mailto:galerie@poll-berlin.de?subject=Bestellung Katalog 7 &#8211; Kerbach&amp;body=Hiermit bestelle ich verbindlich den Katalog \u201eBETON. Neue Bilder zum Arbeiter von Ralf Kerbach\u201c zu einem Preis von 20 Euro (zzgl. Versand). Bitte teilen Sie mir die entsprechende Bankverbindung mit.%0D%0AMeine Adresse lautet:%0D%0A%0D%0AInstitution:%0D%0AVorname, Name:%0D%0AStra\u00dfe, Haus-Nr.:%0D%0APLZ, Stadt:%0D%0ALand:\" title=\"Bestellung\">Bestellung<\/a>\n","protected":false},"excerpt":{"rendered":"<p>BETON. Neue Bilder zum Arbeiter von Ralf KerbachEva und Lothar C. Poll (Hrsg.), Text von Dr. Eckhart J. Gillen, Gespr\u00e4ch Jochen L. St\u00f6ckmanns mit Ralf Kerbach, Katalog anl\u00e4sslich der gleichnamigen Ausstellung in der Galerie Poll, Berlin (4.9.-24.10.2020), Berlin 2020, 27 x 21 cm, 48 Seiten, zahlreiche Farbabbildungen20 Euro<\/p>\n","protected":false},"author":2,"featured_media":664,"parent":278,"menu_order":6,"comment_status":"closed","ping_status":"closed","template":"kuenstler-katalog.php","meta":{"_acf_changed":false,"footnotes":""},"class_list":["post-663","page","type-page","status-publish","has-post-thumbnail","hentry"],"acf":{"photo_gallery":{"bilder":[[]]}},"_links":{"self":[{"href":"https:\/\/poll-berlin.de\/galerie\/wp-json\/wp\/v2\/pages\/663","targetHints":{"allow":["GET"]}}],"collection":[{"href":"https:\/\/poll-berlin.de\/galerie\/wp-json\/wp\/v2\/pages"}],"about":[{"href":"https:\/\/poll-berlin.de\/galerie\/wp-json\/wp\/v2\/types\/page"}],"author":[{"embeddable":true,"href":"https:\/\/poll-berlin.de\/galerie\/wp-json\/wp\/v2\/users\/2"}],"replies":[{"embeddable":true,"href":"https:\/\/poll-berlin.de\/galerie\/wp-json\/wp\/v2\/comments?post=663"}],"version-history":[{"count":9,"href":"https:\/\/poll-berlin.de\/galerie\/wp-json\/wp\/v2\/pages\/663\/revisions"}],"predecessor-version":[{"id":38894,"href":"https:\/\/poll-berlin.de\/galerie\/wp-json\/wp\/v2\/pages\/663\/revisions\/38894"}],"up":[{"embeddable":true,"href":"https:\/\/poll-berlin.de\/galerie\/wp-json\/wp\/v2\/pages\/278"}],"wp:featuredmedia":[{"embeddable":true,"href":"https:\/\/poll-berlin.de\/galerie\/wp-json\/wp\/v2\/media\/664"}],"wp:attachment":[{"href":"https:\/\/poll-berlin.de\/galerie\/wp-json\/wp\/v2\/media?parent=663"}],"curies":[{"name":"wp","href":"https:\/\/api.w.org\/{rel}","templated":true}]}}