{"id":644,"date":"2021-05-10T17:15:18","date_gmt":"2021-05-10T15:15:18","guid":{"rendered":"https:\/\/poll-berlin.de\/galerie\/kuenstler-der-galerie\/goeran-gnaudschun\/kataloge\/kat-4-gnaud\/"},"modified":"2023-07-26T17:36:23","modified_gmt":"2023-07-26T15:36:23","slug":"kat-4-gnaud","status":"publish","type":"page","link":"https:\/\/poll-berlin.de\/galerie\/kuenstler-der-galerie\/goeran-gnaudschun\/kataloge\/kat-4-gnaud\/","title":{"rendered":"Katalog 4 &#8211; Gnaudschun"},"content":{"rendered":"\n<p><strong>G\u00f6ran Gnaudschun \u2013 I follow rivers<\/strong><br>Texte von G\u00f6ran Gnaudschun, publish&amp;print Verlag, Dresden 2020, 17,5 x 24,5 cm, 84 Seiten, 60 Abbildungen, Auflage 200, signiert, nummeriert, Hardcover, Fadenheftung, ISBN 978-3-946339-30-4<br>28 Euro<\/p>\n\n\n<a id=\"mailinger\" href=\"mailto:galerie@poll-berlin.de?subject=Bestellung Katalog 4 &#8211; Gnaudschun&amp;body=Hiermit bestelle ich verbindlich den Katalog \u201eG\u00f6ran Gnaudschun \u2013 I follow rivers\u201c zu einem Preis von 28 Euro (zzgl. Versand). Bitte teilen Sie mir die entsprechende Bankverbindung mit.%0D%0AMeine Adresse lautet:%0D%0A%0D%0AInstitution:%0D%0AVorname, Name:%0D%0AStra\u00dfe, Haus-Nr.:%0D%0APLZ, Stadt:%0D%0ALand:\" title=\"Bestellung\">Bestellung<\/a>\n\n\n\n<p><strong>Vorzugsausgabe<\/strong><br>mit dem im Buch nicht abgedruckten Motiv &#8222;Elisabethh\u00f6he&#8220;, 2020, Pigmentdruck auf Barytpapier, 22,6 x 16 cm, Auflage 20, signiert, nummeriert<br>180 Euro<\/p>\n\n\n<a id=\"mailinger\" href=\"mailto:galerie@poll-berlin.de?subject=Bestellung Katalog 4 &#8211; Gnaudschun&amp;body=Hiermit bestelle ich verbindlich die Vorzugsausgabe des Kataloges \u201eG\u00f6ran Gnaudschun \u2013 I follow rivers\u201c zu einem Preis von 180 Euro (zzgl. Versand). Bitte teilen Sie mir die entsprechende Bankverbindung mit.%0D%0AMeine Adresse lautet:%0D%0A%0D%0AInstitution:%0D%0AVorname, Name:%0D%0AStra\u00dfe, Haus-Nr.:%0D%0APLZ, Stadt:%0D%0ALand:\" title=\"Bestellung\">Bestellung<\/a>\n","protected":false},"excerpt":{"rendered":"<p>G\u00f6ran Gnaudschun \u2013 I follow riversTexte von G\u00f6ran Gnaudschun, publish&amp;print Verlag, Dresden 2020, 17,5 x 24,5 cm, 84 Seiten, 60 Abbildungen, Auflage 200, signiert, nummeriert, Hardcover, Fadenheftung, ISBN 978-3-946339-30-428 Euro Vorzugsausgabemit dem im Buch nicht abgedruckten Motiv &#8222;Elisabethh\u00f6he&#8220;, 2020, Pigmentdruck auf Barytpapier, 22,6 x 16 cm, Auflage 20, signiert, nummeriert180 Euro<\/p>\n","protected":false},"author":2,"featured_media":33149,"parent":253,"menu_order":3,"comment_status":"closed","ping_status":"closed","template":"kuenstler-katalog.php","meta":{"_acf_changed":false,"footnotes":""},"class_list":["post-644","page","type-page","status-publish","has-post-thumbnail","hentry"],"acf":{"photo_gallery":{"bilder":[[{"id":32290,"title":"GG_Elisabeth\u00f6he_2020","caption":"G\u00f6ran Gnaudschun, Elisabethh\u00f6he, 2020, aus: I follow rivers, 2016-2020, Pigmentdruck auf Barytpapier, 40,3 x 26,7 cm","full_image_url":"https:\/\/poll-berlin.de\/galerie\/wp-content\/uploads\/GG_Elisabethoehe_2020.jpg","thumbnail_image_url":"https:\/\/poll-berlin.de\/galerie\/wp-content\/uploads\/GG_Elisabethoehe_2020-150x150.jpg","large_srcset":"https:\/\/poll-berlin.de\/galerie\/wp-content\/uploads\/GG_Elisabethoehe_2020-800x1200.jpg 800w, https:\/\/poll-berlin.de\/galerie\/wp-content\/uploads\/GG_Elisabethoehe_2020-200x300.jpg 200w, https:\/\/poll-berlin.de\/galerie\/wp-content\/uploads\/GG_Elisabethoehe_2020-768x1152.jpg 768w, https:\/\/poll-berlin.de\/galerie\/wp-content\/uploads\/GG_Elisabethoehe_2020.jpg 1000w","medium_srcset":"https:\/\/poll-berlin.de\/galerie\/wp-content\/uploads\/GG_Elisabethoehe_2020-200x300.jpg 200w, https:\/\/poll-berlin.de\/galerie\/wp-content\/uploads\/GG_Elisabethoehe_2020-800x1200.jpg 800w, https:\/\/poll-berlin.de\/galerie\/wp-content\/uploads\/GG_Elisabethoehe_2020-768x1152.jpg 768w, https:\/\/poll-berlin.de\/galerie\/wp-content\/uploads\/GG_Elisabethoehe_2020.jpg 1000w","media_details":{"width":1000,"height":1500,"sizes":{"medium":{"file":"GG_Elisabethoehe_2020-200x300.jpg","width":200,"height":300,"mime-type":"image\/jpeg","filesize":12825,"source_url":"https:\/\/poll-berlin.de\/galerie\/wp-content\/uploads\/GG_Elisabethoehe_2020-200x300.jpg"},"large":{"file":"GG_Elisabethoehe_2020-800x1200.jpg","width":800,"height":1200,"mime-type":"image\/jpeg","filesize":167699,"source_url":"https:\/\/poll-berlin.de\/galerie\/wp-content\/uploads\/GG_Elisabethoehe_2020-800x1200.jpg"},"thumbnail":{"file":"GG_Elisabethoehe_2020-150x150.jpg","width":150,"height":150,"mime-type":"image\/jpeg","filesize":6155,"source_url":"https:\/\/poll-berlin.de\/galerie\/wp-content\/uploads\/GG_Elisabethoehe_2020-150x150.jpg"},"medium_large":{"file":"GG_Elisabethoehe_2020-768x1152.jpg","width":768,"height":1152,"mime-type":"image\/jpeg","filesize":155814,"source_url":"https:\/\/poll-berlin.de\/galerie\/wp-content\/uploads\/GG_Elisabethoehe_2020-768x1152.jpg"}}},"alt_text":"","url":"","target":""}]]}},"_links":{"self":[{"href":"https:\/\/poll-berlin.de\/galerie\/wp-json\/wp\/v2\/pages\/644","targetHints":{"allow":["GET"]}}],"collection":[{"href":"https:\/\/poll-berlin.de\/galerie\/wp-json\/wp\/v2\/pages"}],"about":[{"href":"https:\/\/poll-berlin.de\/galerie\/wp-json\/wp\/v2\/types\/page"}],"author":[{"embeddable":true,"href":"https:\/\/poll-berlin.de\/galerie\/wp-json\/wp\/v2\/users\/2"}],"replies":[{"embeddable":true,"href":"https:\/\/poll-berlin.de\/galerie\/wp-json\/wp\/v2\/comments?post=644"}],"version-history":[{"count":15,"href":"https:\/\/poll-berlin.de\/galerie\/wp-json\/wp\/v2\/pages\/644\/revisions"}],"predecessor-version":[{"id":32429,"href":"https:\/\/poll-berlin.de\/galerie\/wp-json\/wp\/v2\/pages\/644\/revisions\/32429"}],"up":[{"embeddable":true,"href":"https:\/\/poll-berlin.de\/galerie\/wp-json\/wp\/v2\/pages\/253"}],"wp:featuredmedia":[{"embeddable":true,"href":"https:\/\/poll-berlin.de\/galerie\/wp-json\/wp\/v2\/media\/33149"}],"wp:attachment":[{"href":"https:\/\/poll-berlin.de\/galerie\/wp-json\/wp\/v2\/media?parent=644"}],"curies":[{"name":"wp","href":"https:\/\/api.w.org\/{rel}","templated":true}]}}