{"id":560,"date":"2021-05-10T14:31:40","date_gmt":"2021-05-10T12:31:40","guid":{"rendered":"https:\/\/poll-berlin.de\/galerie\/kuenstler-der-galerie\/volker-stelzmann\/werke-in-sammlungen-2\/"},"modified":"2025-12-10T12:57:58","modified_gmt":"2025-12-10T11:57:58","slug":"werke-in-sammlungen-2","status":"publish","type":"page","link":"https:\/\/poll-berlin.de\/galerie\/kuenstler-der-galerie\/volker-stelzmann\/werke-in-sammlungen-2\/","title":{"rendered":"Werke in Sammlungen"},"content":{"rendered":"\n<p><strong>Werke in Sammlungen<\/strong><\/p>\n\n\n\n<p>Ludwig Forum f\u00fcr Internationale Kunst, Aachen<br>St\u00e4dtische Galerie Albstadt<br>Berlinische Galerie &#8211; Museum f\u00fcr Moderne Kunst<br>Kunststiftung Poll, Berlin<br>Kupferstichkabinett der Staatlichen Museen zu Berlin<br>Neue Nationalgalerie der Staatlichen Museen zu Berlin<br>Herzog Anton Ulrich-Museum, Braunschweig<br>Museum Ludwig &#8211; Museum f\u00fcr zeitgen\u00f6ssische Kunst, Budapest<br>Ungarische Nationalgalerie, Budapest<br>Neue S\u00e4chsische Galerie, Chemnitz<br>Kunstsammlungen der Veste Coburg<br>Brandenburgische Kunstsammlungen Cottbus<br>Museum No Hero, Delden (Niederlande)<br>Kupferstich-Kabinett der Staatlichen Kunstsammlungen Dresden<br>Museum f\u00fcr aktuelle Kunst &#8211; Sammlung Hurrle, Durbach<br>Museum Folkwang, Essen<br>Deutsche Bibliothek, Frankfurt am Main<br>Museum Junge Kunst, Frankfurt (Oder)<br>St\u00e4dtische Sammlungen Freital<br>Kunstsammlung Gera<br>Sprengel Museum, Hannover<br>Kurpf\u00e4lzisches Museum, Heidelberg<br>Sammlung Wemh\u00f6ner, Herford<br>Lessing-Museum Kamenz<br>Kunsthalle zu Kiel<br>Sammlung W\u00fcrth, K\u00fcnzelsau<br>Gewandhaus zu Leipzig<br>Kunstsammlung der Universit\u00e4t Leipzig<br>Museum der bildenden K\u00fcnste Leipzig<br>Sammlung Fritz P. Mayer, Leipzig<br>Deutsches Literaturarchiv Marbach<br>Staatliche Graphische Sammlung M\u00fcnchen<br>Albrecht-D\u00fcrer-Haus, N\u00fcrnberg<br>Germanisches Nationalmuseum, N\u00fcrnberg<br>Kunsthalle N\u00fcrnberg<br>Sammlung Ludwig der St\u00e4dtischen Galerie, Oberhausen<br>Klingspor-Museum, Offenbach am Main<br>Landesmuseum f\u00fcr Kunst und Kulturgeschichte Oldenburg<br>Sammlung Ludwig im Russischen Museum, St. Petersburg<br>Kunsthalle Rostock<br>Di\u00f6zesanmuseum Rottenburg<br>Stiftung Schleswig-Holsteinische Landesmuseen, Schleswig<br>Kunsthalle Schweinfurt<br>Staatliches Museum, Schwerin<br>Museum Angerlehner, Thalheim bei Wels<br>Nationalmuseum f\u00fcr westliche Kunst, Tokio<br>Museum der Brotkultur, Ulm<br>Sammlung Ludwig im Palais Liechtenstein, Wien<br>Herzog August Bibliothek Wolfenb\u00fcttel<br>Martin von Wagner-Museum der Universit\u00e4t W\u00fcrzburg<br>Museum am Dom, W\u00fcrzburg<\/p>\n","protected":false},"excerpt":{"rendered":"<p>Werke in Sammlungen Ludwig Forum f\u00fcr Internationale Kunst, AachenSt\u00e4dtische Galerie AlbstadtBerlinische Galerie &#8211; Museum f\u00fcr Moderne KunstKunststiftung Poll, BerlinKupferstichkabinett der Staatlichen Museen zu BerlinNeue Nationalgalerie der Staatlichen Museen zu BerlinHerzog Anton Ulrich-Museum, BraunschweigMuseum Ludwig &#8211; Museum f\u00fcr zeitgen\u00f6ssische Kunst, BudapestUngarische Nationalgalerie, BudapestNeue S\u00e4chsische Galerie, ChemnitzKunstsammlungen der Veste CoburgBrandenburgische Kunstsammlungen CottbusMuseum No Hero, Delden (Niederlande)Kupferstich-Kabinett der [&hellip;]<\/p>\n","protected":false},"author":2,"featured_media":0,"parent":190,"menu_order":2,"comment_status":"closed","ping_status":"closed","template":"kuenstler-text.php","meta":{"_acf_changed":false,"footnotes":""},"class_list":["post-560","page","type-page","status-publish","hentry"],"acf":[],"_links":{"self":[{"href":"https:\/\/poll-berlin.de\/galerie\/wp-json\/wp\/v2\/pages\/560","targetHints":{"allow":["GET"]}}],"collection":[{"href":"https:\/\/poll-berlin.de\/galerie\/wp-json\/wp\/v2\/pages"}],"about":[{"href":"https:\/\/poll-berlin.de\/galerie\/wp-json\/wp\/v2\/types\/page"}],"author":[{"embeddable":true,"href":"https:\/\/poll-berlin.de\/galerie\/wp-json\/wp\/v2\/users\/2"}],"replies":[{"embeddable":true,"href":"https:\/\/poll-berlin.de\/galerie\/wp-json\/wp\/v2\/comments?post=560"}],"version-history":[{"count":17,"href":"https:\/\/poll-berlin.de\/galerie\/wp-json\/wp\/v2\/pages\/560\/revisions"}],"predecessor-version":[{"id":44902,"href":"https:\/\/poll-berlin.de\/galerie\/wp-json\/wp\/v2\/pages\/560\/revisions\/44902"}],"up":[{"embeddable":true,"href":"https:\/\/poll-berlin.de\/galerie\/wp-json\/wp\/v2\/pages\/190"}],"wp:attachment":[{"href":"https:\/\/poll-berlin.de\/galerie\/wp-json\/wp\/v2\/media?parent=560"}],"curies":[{"name":"wp","href":"https:\/\/api.w.org\/{rel}","templated":true}]}}