{"id":554,"date":"2021-05-10T14:27:35","date_gmt":"2021-05-10T12:27:35","guid":{"rendered":"https:\/\/poll-berlin.de\/galerie\/kuenstler-der-galerie\/volker-stelzmann\/grafik\/"},"modified":"2023-09-12T13:18:54","modified_gmt":"2023-09-12T11:18:54","slug":"grafik","status":"publish","type":"page","link":"https:\/\/poll-berlin.de\/galerie\/kuenstler-der-galerie\/volker-stelzmann\/grafik\/","title":{"rendered":"Grafik"},"content":{"rendered":"","protected":false},"excerpt":{"rendered":"","protected":false},"author":2,"featured_media":0,"parent":190,"menu_order":3,"comment_status":"closed","ping_status":"closed","template":"kuenstler-galerie.php","meta":{"_acf_changed":false,"footnotes":""},"class_list":["post-554","page","type-page","status-publish","hentry"],"acf":{"photo_gallery":{"bilder":[[{"id":34412,"title":"VS_H\u00e4nde-Arme, K\u00f6pfe, Beine-F\u00fc\u00dfe_1999-2013","caption":"Volker Stelzmann, H\u00e4nde-Arme\/ K\u00f6pfe\/ Beine-F\u00fc\u00dfe, 1999\/ 2013, Radierung, Auflage: 10, Bild: 47 x 29,5 cm, Blatt: 70 x 50 cm","full_image_url":"https:\/\/poll-berlin.de\/galerie\/wp-content\/uploads\/VS_Haende-Arme-Koepfe-Beine-Fuesse_1999-2013.jpg","thumbnail_image_url":"https:\/\/poll-berlin.de\/galerie\/wp-content\/uploads\/VS_Haende-Arme-Koepfe-Beine-Fuesse_1999-2013-150x150.jpg","large_srcset":"https:\/\/poll-berlin.de\/galerie\/wp-content\/uploads\/VS_Haende-Arme-Koepfe-Beine-Fuesse_1999-2013-758x1200.jpg 758w, https:\/\/poll-berlin.de\/galerie\/wp-content\/uploads\/VS_Haende-Arme-Koepfe-Beine-Fuesse_1999-2013-190x300.jpg 190w, https:\/\/poll-berlin.de\/galerie\/wp-content\/uploads\/VS_Haende-Arme-Koepfe-Beine-Fuesse_1999-2013-768x1215.jpg 768w, https:\/\/poll-berlin.de\/galerie\/wp-content\/uploads\/VS_Haende-Arme-Koepfe-Beine-Fuesse_1999-2013.jpg 948w","medium_srcset":"https:\/\/poll-berlin.de\/galerie\/wp-content\/uploads\/VS_Haende-Arme-Koepfe-Beine-Fuesse_1999-2013-190x300.jpg 190w, https:\/\/poll-berlin.de\/galerie\/wp-content\/uploads\/VS_Haende-Arme-Koepfe-Beine-Fuesse_1999-2013-758x1200.jpg 758w, https:\/\/poll-berlin.de\/galerie\/wp-content\/uploads\/VS_Haende-Arme-Koepfe-Beine-Fuesse_1999-2013-768x1215.jpg 768w, https:\/\/poll-berlin.de\/galerie\/wp-content\/uploads\/VS_Haende-Arme-Koepfe-Beine-Fuesse_1999-2013.jpg 948w","media_details":{"width":948,"height":1500,"sizes":{"medium":{"file":"VS_Haende-Arme-Koepfe-Beine-Fuesse_1999-2013-190x300.jpg","width":190,"height":300,"mime-type":"image\/jpeg","filesize":18425,"source_url":"https:\/\/poll-berlin.de\/galerie\/wp-content\/uploads\/VS_Haende-Arme-Koepfe-Beine-Fuesse_1999-2013-190x300.jpg"},"large":{"file":"VS_Haende-Arme-Koepfe-Beine-Fuesse_1999-2013-758x1200.jpg","width":758,"height":1200,"mime-type":"image\/jpeg","filesize":243871,"source_url":"https:\/\/poll-berlin.de\/galerie\/wp-content\/uploads\/VS_Haende-Arme-Koepfe-Beine-Fuesse_1999-2013-758x1200.jpg"},"thumbnail":{"file":"VS_Haende-Arme-Koepfe-Beine-Fuesse_1999-2013-150x150.jpg","width":150,"height":150,"mime-type":"image\/jpeg","filesize":7702,"source_url":"https:\/\/poll-berlin.de\/galerie\/wp-content\/uploads\/VS_Haende-Arme-Koepfe-Beine-Fuesse_1999-2013-150x150.jpg"},"medium_large":{"file":"VS_Haende-Arme-Koepfe-Beine-Fuesse_1999-2013-768x1215.jpg","width":768,"height":1215,"mime-type":"image\/jpeg","filesize":249093,"source_url":"https:\/\/poll-berlin.de\/galerie\/wp-content\/uploads\/VS_Haende-Arme-Koepfe-Beine-Fuesse_1999-2013-768x1215.jpg"}}},"alt_text":"","url":"","target":""},{"id":34411,"title":"VS_Selbstbildnis mit schwarzer Kappe_1994","caption":"Volker Stelzmann, Selbstbildnis mit schwarzer Kappe, 1994, Radierung, Auflage: 10, Bild: 27,5 x 28,8 cm, Blatt: 53,3 x 50 cm","full_image_url":"https:\/\/poll-berlin.de\/galerie\/wp-content\/uploads\/VS_Selbstbildnis-mit-schwarzer-Kappe_1994.jpg","thumbnail_image_url":"https:\/\/poll-berlin.de\/galerie\/wp-content\/uploads\/VS_Selbstbildnis-mit-schwarzer-Kappe_1994-150x150.jpg","large_srcset":"https:\/\/poll-berlin.de\/galerie\/wp-content\/uploads\/VS_Selbstbildnis-mit-schwarzer-Kappe_1994-800x767.jpg 800w, https:\/\/poll-berlin.de\/galerie\/wp-content\/uploads\/VS_Selbstbildnis-mit-schwarzer-Kappe_1994-300x288.jpg 300w, https:\/\/poll-berlin.de\/galerie\/wp-content\/uploads\/VS_Selbstbildnis-mit-schwarzer-Kappe_1994-768x736.jpg 768w, https:\/\/poll-berlin.de\/galerie\/wp-content\/uploads\/VS_Selbstbildnis-mit-schwarzer-Kappe_1994.jpg 1500w","medium_srcset":"https:\/\/poll-berlin.de\/galerie\/wp-content\/uploads\/VS_Selbstbildnis-mit-schwarzer-Kappe_1994-300x288.jpg 300w, https:\/\/poll-berlin.de\/galerie\/wp-content\/uploads\/VS_Selbstbildnis-mit-schwarzer-Kappe_1994-800x767.jpg 800w, https:\/\/poll-berlin.de\/galerie\/wp-content\/uploads\/VS_Selbstbildnis-mit-schwarzer-Kappe_1994-768x736.jpg 768w, https:\/\/poll-berlin.de\/galerie\/wp-content\/uploads\/VS_Selbstbildnis-mit-schwarzer-Kappe_1994.jpg 1500w","media_details":{"width":1500,"height":1438,"sizes":{"medium":{"file":"VS_Selbstbildnis-mit-schwarzer-Kappe_1994-300x288.jpg","width":300,"height":288,"mime-type":"image\/jpeg","filesize":15489,"source_url":"https:\/\/poll-berlin.de\/galerie\/wp-content\/uploads\/VS_Selbstbildnis-mit-schwarzer-Kappe_1994-300x288.jpg"},"large":{"file":"VS_Selbstbildnis-mit-schwarzer-Kappe_1994-800x767.jpg","width":800,"height":767,"mime-type":"image\/jpeg","filesize":101684,"source_url":"https:\/\/poll-berlin.de\/galerie\/wp-content\/uploads\/VS_Selbstbildnis-mit-schwarzer-Kappe_1994-800x767.jpg"},"thumbnail":{"file":"VS_Selbstbildnis-mit-schwarzer-Kappe_1994-150x150.jpg","width":150,"height":150,"mime-type":"image\/jpeg","filesize":5001,"source_url":"https:\/\/poll-berlin.de\/galerie\/wp-content\/uploads\/VS_Selbstbildnis-mit-schwarzer-Kappe_1994-150x150.jpg"},"medium_large":{"file":"VS_Selbstbildnis-mit-schwarzer-Kappe_1994-768x736.jpg","width":768,"height":736,"mime-type":"image\/jpeg","filesize":94772,"source_url":"https:\/\/poll-berlin.de\/galerie\/wp-content\/uploads\/VS_Selbstbildnis-mit-schwarzer-Kappe_1994-768x736.jpg"}}},"alt_text":"","url":"","target":""},{"id":34410,"title":"VS_F\u00fcr und nach El Greco_1989","caption":"Volker Stelzmann, F\u00fcr und nach El Greco, 1989, Radierung, Strich\u00e4tzung, Aquatinta, Auflage: 10, Bild: 40 x 59,5 cm, Blatt: 55,5 x 76 cm","full_image_url":"https:\/\/poll-berlin.de\/galerie\/wp-content\/uploads\/VS_Fuer-und-nach-El-Greco_1989.jpg","thumbnail_image_url":"https:\/\/poll-berlin.de\/galerie\/wp-content\/uploads\/VS_Fuer-und-nach-El-Greco_1989-150x150.jpg","large_srcset":"https:\/\/poll-berlin.de\/galerie\/wp-content\/uploads\/VS_Fuer-und-nach-El-Greco_1989-800x565.jpg 800w, https:\/\/poll-berlin.de\/galerie\/wp-content\/uploads\/VS_Fuer-und-nach-El-Greco_1989-300x212.jpg 300w, https:\/\/poll-berlin.de\/galerie\/wp-content\/uploads\/VS_Fuer-und-nach-El-Greco_1989-768x542.jpg 768w, https:\/\/poll-berlin.de\/galerie\/wp-content\/uploads\/VS_Fuer-und-nach-El-Greco_1989.jpg 1500w","medium_srcset":"https:\/\/poll-berlin.de\/galerie\/wp-content\/uploads\/VS_Fuer-und-nach-El-Greco_1989-300x212.jpg 300w, https:\/\/poll-berlin.de\/galerie\/wp-content\/uploads\/VS_Fuer-und-nach-El-Greco_1989-800x565.jpg 800w, https:\/\/poll-berlin.de\/galerie\/wp-content\/uploads\/VS_Fuer-und-nach-El-Greco_1989-768x542.jpg 768w, https:\/\/poll-berlin.de\/galerie\/wp-content\/uploads\/VS_Fuer-und-nach-El-Greco_1989.jpg 1500w","media_details":{"width":1500,"height":1059,"sizes":{"medium":{"file":"VS_Fuer-und-nach-El-Greco_1989-300x212.jpg","width":300,"height":212,"mime-type":"image\/jpeg","filesize":20523,"source_url":"https:\/\/poll-berlin.de\/galerie\/wp-content\/uploads\/VS_Fuer-und-nach-El-Greco_1989-300x212.jpg"},"large":{"file":"VS_Fuer-und-nach-El-Greco_1989-800x565.jpg","width":800,"height":565,"mime-type":"image\/jpeg","filesize":114921,"source_url":"https:\/\/poll-berlin.de\/galerie\/wp-content\/uploads\/VS_Fuer-und-nach-El-Greco_1989-800x565.jpg"},"thumbnail":{"file":"VS_Fuer-und-nach-El-Greco_1989-150x150.jpg","width":150,"height":150,"mime-type":"image\/jpeg","filesize":8786,"source_url":"https:\/\/poll-berlin.de\/galerie\/wp-content\/uploads\/VS_Fuer-und-nach-El-Greco_1989-150x150.jpg"},"medium_large":{"file":"VS_Fuer-und-nach-El-Greco_1989-768x542.jpg","width":768,"height":542,"mime-type":"image\/jpeg","filesize":107546,"source_url":"https:\/\/poll-berlin.de\/galerie\/wp-content\/uploads\/VS_Fuer-und-nach-El-Greco_1989-768x542.jpg"}}},"alt_text":"","url":"","target":""},{"id":34409,"title":"VS_Streiflicht_1989","caption":"Volker Stelzmann, Streiflicht, 1989, Radierung, Auflage: 10, Bild: 39,8 x 28,8 cm, Blatt: 65 x 50 cm","full_image_url":"https:\/\/poll-berlin.de\/galerie\/wp-content\/uploads\/VS_Streiflicht_1989.jpg","thumbnail_image_url":"https:\/\/poll-berlin.de\/galerie\/wp-content\/uploads\/VS_Streiflicht_1989-150x150.jpg","large_srcset":"https:\/\/poll-berlin.de\/galerie\/wp-content\/uploads\/VS_Streiflicht_1989-800x1070.jpg 800w, https:\/\/poll-berlin.de\/galerie\/wp-content\/uploads\/VS_Streiflicht_1989-224x300.jpg 224w, https:\/\/poll-berlin.de\/galerie\/wp-content\/uploads\/VS_Streiflicht_1989-768x1027.jpg 768w, https:\/\/poll-berlin.de\/galerie\/wp-content\/uploads\/VS_Streiflicht_1989.jpg 1122w","medium_srcset":"https:\/\/poll-berlin.de\/galerie\/wp-content\/uploads\/VS_Streiflicht_1989-224x300.jpg 224w, https:\/\/poll-berlin.de\/galerie\/wp-content\/uploads\/VS_Streiflicht_1989-800x1070.jpg 800w, https:\/\/poll-berlin.de\/galerie\/wp-content\/uploads\/VS_Streiflicht_1989-768x1027.jpg 768w, https:\/\/poll-berlin.de\/galerie\/wp-content\/uploads\/VS_Streiflicht_1989.jpg 1122w","media_details":{"width":1122,"height":1500,"sizes":{"medium":{"file":"VS_Streiflicht_1989-224x300.jpg","width":224,"height":300,"mime-type":"image\/jpeg","filesize":10838,"source_url":"https:\/\/poll-berlin.de\/galerie\/wp-content\/uploads\/VS_Streiflicht_1989-224x300.jpg"},"large":{"file":"VS_Streiflicht_1989-800x1070.jpg","width":800,"height":1070,"mime-type":"image\/jpeg","filesize":124438,"source_url":"https:\/\/poll-berlin.de\/galerie\/wp-content\/uploads\/VS_Streiflicht_1989-800x1070.jpg"},"thumbnail":{"file":"VS_Streiflicht_1989-150x150.jpg","width":150,"height":150,"mime-type":"image\/jpeg","filesize":4423,"source_url":"https:\/\/poll-berlin.de\/galerie\/wp-content\/uploads\/VS_Streiflicht_1989-150x150.jpg"},"medium_large":{"file":"VS_Streiflicht_1989-768x1027.jpg","width":768,"height":1027,"mime-type":"image\/jpeg","filesize":115337,"source_url":"https:\/\/poll-berlin.de\/galerie\/wp-content\/uploads\/VS_Streiflicht_1989-768x1027.jpg"}}},"alt_text":"","url":"","target":""},{"id":34408,"title":"VS_Im D\u00e4mmer_1983","caption":"Volker Stelzmann, Im D\u00e4mmer, 1983, Radierung, Auflage: 10, Bild: 49,8 x 32,5 cm, Blatt: 76 x 55,5 cm","full_image_url":"https:\/\/poll-berlin.de\/galerie\/wp-content\/uploads\/VS_Im-Daemmer_1983.jpg","thumbnail_image_url":"https:\/\/poll-berlin.de\/galerie\/wp-content\/uploads\/VS_Im-Daemmer_1983-150x150.jpg","large_srcset":"https:\/\/poll-berlin.de\/galerie\/wp-content\/uploads\/VS_Im-Daemmer_1983-800x1168.jpg 800w, https:\/\/poll-berlin.de\/galerie\/wp-content\/uploads\/VS_Im-Daemmer_1983-205x300.jpg 205w, https:\/\/poll-berlin.de\/galerie\/wp-content\/uploads\/VS_Im-Daemmer_1983-768x1122.jpg 768w, https:\/\/poll-berlin.de\/galerie\/wp-content\/uploads\/VS_Im-Daemmer_1983.jpg 1027w","medium_srcset":"https:\/\/poll-berlin.de\/galerie\/wp-content\/uploads\/VS_Im-Daemmer_1983-205x300.jpg 205w, https:\/\/poll-berlin.de\/galerie\/wp-content\/uploads\/VS_Im-Daemmer_1983-800x1168.jpg 800w, https:\/\/poll-berlin.de\/galerie\/wp-content\/uploads\/VS_Im-Daemmer_1983-768x1122.jpg 768w, https:\/\/poll-berlin.de\/galerie\/wp-content\/uploads\/VS_Im-Daemmer_1983.jpg 1027w","media_details":{"width":1027,"height":1500,"sizes":{"medium":{"file":"VS_Im-Daemmer_1983-205x300.jpg","width":205,"height":300,"mime-type":"image\/jpeg","filesize":12607,"source_url":"https:\/\/poll-berlin.de\/galerie\/wp-content\/uploads\/VS_Im-Daemmer_1983-205x300.jpg"},"large":{"file":"VS_Im-Daemmer_1983-800x1168.jpg","width":800,"height":1168,"mime-type":"image\/jpeg","filesize":140348,"source_url":"https:\/\/poll-berlin.de\/galerie\/wp-content\/uploads\/VS_Im-Daemmer_1983-800x1168.jpg"},"thumbnail":{"file":"VS_Im-Daemmer_1983-150x150.jpg","width":150,"height":150,"mime-type":"image\/jpeg","filesize":5738,"source_url":"https:\/\/poll-berlin.de\/galerie\/wp-content\/uploads\/VS_Im-Daemmer_1983-150x150.jpg"},"medium_large":{"file":"VS_Im-Daemmer_1983-768x1122.jpg","width":768,"height":1122,"mime-type":"image\/jpeg","filesize":129771,"source_url":"https:\/\/poll-berlin.de\/galerie\/wp-content\/uploads\/VS_Im-Daemmer_1983-768x1122.jpg"}}},"alt_text":"","url":"","target":""},{"id":34407,"title":"VS_Das unbekannte Gesicht_1980","caption":"Volker Stelzmann, Das unbekannte Gesicht, 1980, Radierung, Strich\u00e4tzung, Aquatinta, Auflage: 7, Bild: 19,5 x 7 cm, Blatt: 53,5 x 38 cm","full_image_url":"https:\/\/poll-berlin.de\/galerie\/wp-content\/uploads\/VS_Das-unbekannte-Gesicht_1980.jpg","thumbnail_image_url":"https:\/\/poll-berlin.de\/galerie\/wp-content\/uploads\/VS_Das-unbekannte-Gesicht_1980-150x150.jpg","large_srcset":"https:\/\/poll-berlin.de\/galerie\/wp-content\/uploads\/VS_Das-unbekannte-Gesicht_1980-800x1116.jpg 800w, https:\/\/poll-berlin.de\/galerie\/wp-content\/uploads\/VS_Das-unbekannte-Gesicht_1980-215x300.jpg 215w, https:\/\/poll-berlin.de\/galerie\/wp-content\/uploads\/VS_Das-unbekannte-Gesicht_1980-768x1072.jpg 768w, https:\/\/poll-berlin.de\/galerie\/wp-content\/uploads\/VS_Das-unbekannte-Gesicht_1980.jpg 1075w","medium_srcset":"https:\/\/poll-berlin.de\/galerie\/wp-content\/uploads\/VS_Das-unbekannte-Gesicht_1980-215x300.jpg 215w, https:\/\/poll-berlin.de\/galerie\/wp-content\/uploads\/VS_Das-unbekannte-Gesicht_1980-800x1116.jpg 800w, https:\/\/poll-berlin.de\/galerie\/wp-content\/uploads\/VS_Das-unbekannte-Gesicht_1980-768x1072.jpg 768w, https:\/\/poll-berlin.de\/galerie\/wp-content\/uploads\/VS_Das-unbekannte-Gesicht_1980.jpg 1075w","media_details":{"width":1075,"height":1500,"sizes":{"medium":{"file":"VS_Das-unbekannte-Gesicht_1980-215x300.jpg","width":215,"height":300,"mime-type":"image\/jpeg","filesize":22142,"source_url":"https:\/\/poll-berlin.de\/galerie\/wp-content\/uploads\/VS_Das-unbekannte-Gesicht_1980-215x300.jpg"},"large":{"file":"VS_Das-unbekannte-Gesicht_1980-800x1116.jpg","width":800,"height":1116,"mime-type":"image\/jpeg","filesize":251592,"source_url":"https:\/\/poll-berlin.de\/galerie\/wp-content\/uploads\/VS_Das-unbekannte-Gesicht_1980-800x1116.jpg"},"thumbnail":{"file":"VS_Das-unbekannte-Gesicht_1980-150x150.jpg","width":150,"height":150,"mime-type":"image\/jpeg","filesize":8846,"source_url":"https:\/\/poll-berlin.de\/galerie\/wp-content\/uploads\/VS_Das-unbekannte-Gesicht_1980-150x150.jpg"},"medium_large":{"file":"VS_Das-unbekannte-Gesicht_1980-768x1072.jpg","width":768,"height":1072,"mime-type":"image\/jpeg","filesize":235110,"source_url":"https:\/\/poll-berlin.de\/galerie\/wp-content\/uploads\/VS_Das-unbekannte-Gesicht_1980-768x1072.jpg"}}},"alt_text":"","url":"","target":""}]]}},"_links":{"self":[{"href":"https:\/\/poll-berlin.de\/galerie\/wp-json\/wp\/v2\/pages\/554","targetHints":{"allow":["GET"]}}],"collection":[{"href":"https:\/\/poll-berlin.de\/galerie\/wp-json\/wp\/v2\/pages"}],"about":[{"href":"https:\/\/poll-berlin.de\/galerie\/wp-json\/wp\/v2\/types\/page"}],"author":[{"embeddable":true,"href":"https:\/\/poll-berlin.de\/galerie\/wp-json\/wp\/v2\/users\/2"}],"replies":[{"embeddable":true,"href":"https:\/\/poll-berlin.de\/galerie\/wp-json\/wp\/v2\/comments?post=554"}],"version-history":[{"count":8,"href":"https:\/\/poll-berlin.de\/galerie\/wp-json\/wp\/v2\/pages\/554\/revisions"}],"predecessor-version":[{"id":34420,"href":"https:\/\/poll-berlin.de\/galerie\/wp-json\/wp\/v2\/pages\/554\/revisions\/34420"}],"up":[{"embeddable":true,"href":"https:\/\/poll-berlin.de\/galerie\/wp-json\/wp\/v2\/pages\/190"}],"wp:attachment":[{"href":"https:\/\/poll-berlin.de\/galerie\/wp-json\/wp\/v2\/media?parent=554"}],"curies":[{"name":"wp","href":"https:\/\/api.w.org\/{rel}","templated":true}]}}