{"id":549,"date":"2021-05-10T14:24:09","date_gmt":"2021-05-10T12:24:09","guid":{"rendered":"https:\/\/poll-berlin.de\/galerie\/kuenstler-der-galerie\/volker-stelzmann\/ausstellungen\/"},"modified":"2025-08-26T14:07:32","modified_gmt":"2025-08-26T12:07:32","slug":"ausstellungen","status":"publish","type":"page","link":"https:\/\/poll-berlin.de\/galerie\/kuenstler-der-galerie\/volker-stelzmann\/ausstellungen\/","title":{"rendered":"Ausstellungen"},"content":{"rendered":"\n<p><strong>Einzelausstellungen (Auswahl)<\/strong><\/p>\n\n\n\n<div style=\"height:10px\" aria-hidden=\"true\" class=\"wp-block-spacer\"><\/div>\n\n\n\n<figure class=\"wp-block-table\"><table><tbody><tr><td>2024<\/td><td>Galerie Poll, Berlin<br>Die Galerie, Frankfurt am Main<\/td><\/tr><tr><td>2022-2023<\/td><td>Stiftung Christliche Kunst Wittenberg, Schloss Wittenberg<\/td><\/tr><tr><td>2021<\/td><td>Die Galerie, Frankfurt am Main<\/td><\/tr><tr><td>2020<\/td><td>Galerie Poll, Berlin<br>Angermuseum, Erfurt<br>Kunsthalle Schweinfurt<\/td><\/tr><tr><td>2019<\/td><td>Galerie Irrgang, Leipzig<\/td><\/tr><tr><td>2018<\/td><td>Die Galerie, Frankfurt am Main<\/td><\/tr><tr><td>2017<\/td><td>Galerie Poll, Berlin<br>Galerieverein Leonberg e.V.<\/td><\/tr><tr><td>2015<\/td><td>Galerie Himmel, Dresden<br>Galerie Poll, Berlin<br>Osthaus Museum, Hagen<br>Die Galerie, Frankfurt am Main<\/td><\/tr><tr><td>2014<\/td><td>Kunstverein Wiligrad, L\u00fcbstorf<br>Kunstverein Region Dahlenburg e.V.<\/td><\/tr><tr><td>2013<\/td><td>Galerie Irrgang Leipzig<\/td><\/tr><tr><td>2012<\/td><td>Galerie KK Klaus Kiefer, Essen<\/td><\/tr><tr><td>2011<\/td><td>Galerie Poll, Berlin<br>Bilderhaus Kr\u00e4merbr\u00fccke, Erfurt<br>Die Galerie, Frankfurt am Main<\/td><\/tr><tr><td>2010<\/td><td>Kunstverein Emsdetten<br>Galerie Finkbein, Dresden<\/td><\/tr><tr><td>2009<\/td><td>Kunsthalle Jesuitenkirche, Aschaffenburg<\/td><\/tr><tr><td>2008<\/td><td>Centro Cultural De S\u00e3o Louren\u00e7o, Almancil (Portugal)<br>Rudolph Projects Artscan Gallery, Houston (USA)<\/td><\/tr><tr><td>2007<\/td><td>Kunstverein Marburg<br>St\u00e4dtische Galerie Speyer<br>Die Galerie, Frankfurt am Main<br>Galleria MOdenArte, Modena (Italien)<\/td><\/tr><tr><td>2006<\/td><td>Galerie Eva Poll, Berlin<br>Die Galerie, Frankfurt am Main<br>Museum Folkwang, Essen<br>Galerie Klaus Kiefer, Essen<\/td><\/tr><tr><td>2004<\/td><td>Kunstverein Coburg e.V.<br>Galerie Eva Poll, Berlin<\/td><\/tr><tr><td>2002<\/td><td>St\u00e4dtische Sammlungen Freital<br>St. Matth\u00e4us-Kirche, Berlin<\/td><\/tr><tr><td>2001-2002<\/td><td>Centro Cultural De S\u00e3o Louren\u00e7o, Almancil (Portugal)<\/td><\/tr><tr><td>2000<\/td><td>Landesmuseum f\u00fcr Kunst- und Kulturgeschichte, Schleswig<br>Kurpf\u00e4lzisches Museum, Heidelberg<br>Galerie Eva Poll, Berlin<\/td><\/tr><tr><td>1999<\/td><td>Museum der bildenden K\u00fcnste Leipzig<br>Forum Gallery, New York City<br>Ann Nathan Gallery, Chicago<\/td><\/tr><tr><td>1998<\/td><td>Forum Gallery, New York City<br>Ann Nathan Gallery, Chicago<\/td><\/tr><tr><td>1997<\/td><td>Galerie St\u00fcbler, Hannover<br>Galerie Eva Poll, Berlin<\/td><\/tr><tr><td>1994<\/td><td>Kulturspeicher, Oldenburg<br>Galerie Eva Poll, Berlin<\/td><\/tr><tr><td>1993<\/td><td>Lafayette Park Gallery, San Francisco<br>Ann Nathan Gallery, Chicago<\/td><\/tr><tr><td>1992<\/td><td>Kroch-Hochhaus, Leipzig<br>Galerie Timm Gierig, Frankfurt am Main<br>Forum Gallery, New York City<\/td><\/tr><tr><td>1991<\/td><td>Galerie Alvensleben, M\u00fcnchen<br>Galerie Eva Poll, Berlin<\/td><\/tr><tr><td>1990<\/td><td>Kunstverein Bretten<br>Galerie Klaus Kiefer, Essen<\/td><\/tr><tr><td>1989<\/td><td>Galerie St\u00fcbler, Hannover<\/td><\/tr><tr><td>1988<\/td><td>BASF, Ludwigshafen<br>Kunststation St. Peter, K\u00f6ln<br>St\u00e4dtische Galerie, Albstadt-Ebingen<br>Galerie Alvensleben, M\u00fcnchen<br>Galerie Eva Poll, Berlin<\/td><\/tr><tr><td>1987<\/td><td>Galerie St\u00fcbler, Hannover<\/td><\/tr><tr><td>1986<\/td><td>Staatliche Kunsthalle Berlin<\/td><\/tr><tr><td>1985-1986<\/td><td>St\u00e4dtische Galerie Oberhausen<\/td><\/tr><tr><td>1985<\/td><td>Galerie Timm Gierig, Frankfurt am Main<\/td><\/tr><tr><td>1984<\/td><td>Kulturzentrum der DDR, Paris<\/td><\/tr><\/tbody><\/table><\/figure>\n\n\n\n<div style=\"height:10px\" aria-hidden=\"true\" class=\"wp-block-spacer\"><\/div>\n\n\n\n<p><strong>Gruppenausstellungen (Auswahl)<\/strong><\/p>\n\n\n\n<div style=\"height:10px\" aria-hidden=\"true\" class=\"wp-block-spacer\"><\/div>\n\n\n\n<figure class=\"wp-block-table\"><table><tbody><tr><td>2025<\/td><td>Sammlung Scharf-Gerstenberg, Berlin<\/td><\/tr><tr><td>2023-2024<\/td><td>Museum No Hero, Delden (Niederlande)<\/td><\/tr><tr><td>2021-2022<\/td><td>Galerie Poll, Berlin<\/td><\/tr><tr><td>2016<\/td><td>St\u00e4dtische Sammlungen Freital<br>Galerie Poll und Kunststiftung Poll, Berlin<\/td><\/tr><tr><td>2014<\/td><td>Bilderhaus Kr\u00e4merbr\u00fccke, Erfurt<\/td><\/tr><tr><td>2013<\/td><td>Kunstsammlung Gera<br>Klassik Stiftung Weimar<\/td><\/tr><tr><td>2012<\/td><td>Neue S\u00e4chsische Galerie, Chemnitz<br>Osthaus Museum, Hagen<br>St\u00e4dtische Museen Heilbronn<br>Angermuseum, Erfurt<\/td><\/tr><tr><td>2010<\/td><td>Mineta Fine Art, Br\u00fcssel<br>Museum f\u00fcr aktuelle Kunst \u2013 Sammlung Hurrle, Durbach<br>Kunstverein Marburg<br>Neue S\u00e4chsische Galerie, Chemnitz<br>Galerie Kaibunger, Wien<br>Galerie Weise, Chemnitz<br>Kunsthandlung Koenitz, Dresden<\/td><\/tr><tr><td>2008<\/td><td>Mineta Contemporary, Br\u00fcssel<\/td><\/tr><tr><td>2006<\/td><td>Kunstforum der Berliner Volksbank, Berlin<\/td><\/tr><tr><td>2003<\/td><td>Neue Nationalgalerie der Staatlichen Museen zu Berlin<\/td><\/tr><tr><td>2002<\/td><td>Neue Nationalgalerie der Staatlichen Museen zu Berlin<br>Galerie der Stadt Aschaffenburg<\/td><\/tr><tr><td>2000<\/td><td>Kunstverein Augsburg<\/td><\/tr><tr><td>1998<\/td><td>Galerie Eva Poll, Berlin<\/td><\/tr><tr><td>1997<\/td><td>Museum Morsbroich, Leverkusen<br>Germanisches Nationalmuseum, N\u00fcrnberg<br>Museum der bildenden K\u00fcnste Leipzig<\/td><\/tr><tr><td>1996<\/td><td>Sprengel Museum Hannover<\/td><\/tr><tr><td>1993<\/td><td>Martin-Gropius-Bau, Berlin<br>Von der Heydt-Museum, Wuppertal<\/td><\/tr><tr><td>1989<\/td><td>Staatliche Kunsthalle Berlin<\/td><\/tr><tr><td>1987<\/td><td>Neue Galerie &#8211; Sammlung Ludwig, Aachen<\/td><\/tr><tr><td>1985<\/td><td>Leopold-Hoesch-Museum, D\u00fcren<\/td><\/tr><tr><td>1982<\/td><td>40. Biennale in Venedig<\/td><\/tr><tr><td>1981<\/td><td>Mus\u00e9e d\u2019art moderne, Paris<\/td><\/tr><tr><td>1978-1979<\/td><td>Kunstverein Karlsruhe<br>Kunstverein Hamburg<\/td><\/tr><tr><td>1978<\/td><td>Kunsthalle Worpswede<\/td><\/tr><tr><td>1970<\/td><td>Lindenau-Museum, Altenburg<\/td><\/tr><\/tbody><\/table><\/figure>\n","protected":false},"excerpt":{"rendered":"<p>Einzelausstellungen (Auswahl) 2024 Galerie Poll, BerlinDie Galerie, Frankfurt am Main 2022-2023 Stiftung Christliche Kunst Wittenberg, Schloss Wittenberg 2021 Die Galerie, Frankfurt am Main 2020 Galerie Poll, BerlinAngermuseum, ErfurtKunsthalle Schweinfurt 2019 Galerie Irrgang, Leipzig 2018 Die Galerie, Frankfurt am Main 2017 Galerie Poll, BerlinGalerieverein Leonberg e.V. 2015 Galerie Himmel, DresdenGalerie Poll, BerlinOsthaus Museum, HagenDie Galerie, Frankfurt [&hellip;]<\/p>\n","protected":false},"author":2,"featured_media":0,"parent":190,"menu_order":1,"comment_status":"closed","ping_status":"closed","template":"kuenstler-text.php","meta":{"_acf_changed":false,"footnotes":""},"class_list":["post-549","page","type-page","status-publish","hentry"],"acf":[],"_links":{"self":[{"href":"https:\/\/poll-berlin.de\/galerie\/wp-json\/wp\/v2\/pages\/549","targetHints":{"allow":["GET"]}}],"collection":[{"href":"https:\/\/poll-berlin.de\/galerie\/wp-json\/wp\/v2\/pages"}],"about":[{"href":"https:\/\/poll-berlin.de\/galerie\/wp-json\/wp\/v2\/types\/page"}],"author":[{"embeddable":true,"href":"https:\/\/poll-berlin.de\/galerie\/wp-json\/wp\/v2\/users\/2"}],"replies":[{"embeddable":true,"href":"https:\/\/poll-berlin.de\/galerie\/wp-json\/wp\/v2\/comments?post=549"}],"version-history":[{"count":33,"href":"https:\/\/poll-berlin.de\/galerie\/wp-json\/wp\/v2\/pages\/549\/revisions"}],"predecessor-version":[{"id":43875,"href":"https:\/\/poll-berlin.de\/galerie\/wp-json\/wp\/v2\/pages\/549\/revisions\/43875"}],"up":[{"embeddable":true,"href":"https:\/\/poll-berlin.de\/galerie\/wp-json\/wp\/v2\/pages\/190"}],"wp:attachment":[{"href":"https:\/\/poll-berlin.de\/galerie\/wp-json\/wp\/v2\/media?parent=549"}],"curies":[{"name":"wp","href":"https:\/\/api.w.org\/{rel}","templated":true}]}}