{"id":548,"date":"2021-05-10T14:19:57","date_gmt":"2021-05-10T12:19:57","guid":{"rendered":"https:\/\/poll-berlin.de\/galerie\/kuenstler-der-galerie\/volker-stelzmann\/biografie\/"},"modified":"2024-03-12T17:18:37","modified_gmt":"2024-03-12T16:18:37","slug":"biografie","status":"publish","type":"page","link":"https:\/\/poll-berlin.de\/galerie\/kuenstler-der-galerie\/volker-stelzmann\/biografie\/","title":{"rendered":"Biografie"},"content":{"rendered":"\n<p><strong>Biografie<\/strong><\/p>\n\n\n\n<div style=\"height:10px\" aria-hidden=\"true\" class=\"wp-block-spacer\"><\/div>\n\n\n\n<figure class=\"wp-block-table\"><table><tbody><tr><td>1940<\/td><td>geboren in Dresden<\/td><\/tr><tr><td>1948<\/td><td>Umzug nach Leipzig<\/td><\/tr><tr><td>1957-1960<\/td><td>Ausbildung zum Feinmechaniker (staatlich zugewiesen)<\/td><\/tr><tr><td>1960-1963<\/td><td>Abendakademie an der Hochschule f\u00fcr Grafik und Buchkunst Leipzig bei Walter M\u00fcnze<\/td><\/tr><tr><td>1963-1968<\/td><td>Studium der Freien Grafik und Illustration an der Hochschule f\u00fcr Grafik und Buchkunst Leipzig bei Prof. Gerhard-Kurt M\u00fcller<\/td><\/tr><tr><td>1968-1973<\/td><td>Arbeit als freischaffender Maler in Leipzig<\/td><\/tr><tr><td>1970-1986<\/td><td>Mitglied im Verband Bildender K\u00fcnstler der DDR<\/td><\/tr><tr><td>1973-1986<\/td><td>Aspirantur und Lehre an der Hochschule f\u00fcr Grafik und Buchkunst Leipzig<\/td><\/tr><tr><td>1982<\/td><td>Professur f\u00fcr Grafik und Malerei an der Hochschule f\u00fcr Grafik und Buchkunst Leipzig<\/td><\/tr><tr><td>1986<\/td><td>Umzug nach West-Berlin<\/td><\/tr><tr><td>1987-1988<\/td><td>Gastprofessur an der St\u00e4delschule, Frankfurt am Main<\/td><\/tr><tr><td>1988-2006<\/td><td>Professur f\u00fcr Malerei an der Hochschule der K\u00fcnste Berlin<\/td><\/tr><\/tbody><\/table><\/figure>\n\n\n\n<p>Volker Stelzmann lebt und arbeitet in Berlin und Luckau.<\/p>\n\n\n\n<div style=\"height:10px\" aria-hidden=\"true\" class=\"wp-block-spacer\"><\/div>\n\n\n\n<p><strong>Preise und Stipendien<\/strong><\/p>\n\n\n\n<div style=\"height:10px\" aria-hidden=\"true\" class=\"wp-block-spacer\"><\/div>\n\n\n\n<figure class=\"wp-block-table\"><table><tbody><tr><td>2015<\/td><td>Karl Ernst Osthaus-Preis der Stadt Hagen<\/td><\/tr><tr><td>1983<\/td><td>Nationalpreis der DDR f\u00fcr Kunst und Literatur<\/td><\/tr><tr><td>1978<\/td><td>Kunstpreis der DDR<\/td><\/tr><\/tbody><\/table><\/figure>\n","protected":false},"excerpt":{"rendered":"<p>Biografie 1940 geboren in Dresden 1948 Umzug nach Leipzig 1957-1960 Ausbildung zum Feinmechaniker (staatlich zugewiesen) 1960-1963 Abendakademie an der Hochschule f\u00fcr Grafik und Buchkunst Leipzig bei Walter M\u00fcnze 1963-1968 Studium der Freien Grafik und Illustration an der Hochschule f\u00fcr Grafik und Buchkunst Leipzig bei Prof. Gerhard-Kurt M\u00fcller 1968-1973 Arbeit als freischaffender Maler in Leipzig 1970-1986 [&hellip;]<\/p>\n","protected":false},"author":2,"featured_media":0,"parent":190,"menu_order":0,"comment_status":"closed","ping_status":"closed","template":"kuenstler-text.php","meta":{"_acf_changed":false,"footnotes":""},"class_list":["post-548","page","type-page","status-publish","hentry"],"acf":[],"_links":{"self":[{"href":"https:\/\/poll-berlin.de\/galerie\/wp-json\/wp\/v2\/pages\/548","targetHints":{"allow":["GET"]}}],"collection":[{"href":"https:\/\/poll-berlin.de\/galerie\/wp-json\/wp\/v2\/pages"}],"about":[{"href":"https:\/\/poll-berlin.de\/galerie\/wp-json\/wp\/v2\/types\/page"}],"author":[{"embeddable":true,"href":"https:\/\/poll-berlin.de\/galerie\/wp-json\/wp\/v2\/users\/2"}],"replies":[{"embeddable":true,"href":"https:\/\/poll-berlin.de\/galerie\/wp-json\/wp\/v2\/comments?post=548"}],"version-history":[{"count":16,"href":"https:\/\/poll-berlin.de\/galerie\/wp-json\/wp\/v2\/pages\/548\/revisions"}],"predecessor-version":[{"id":36443,"href":"https:\/\/poll-berlin.de\/galerie\/wp-json\/wp\/v2\/pages\/548\/revisions\/36443"}],"up":[{"embeddable":true,"href":"https:\/\/poll-berlin.de\/galerie\/wp-json\/wp\/v2\/pages\/190"}],"wp:attachment":[{"href":"https:\/\/poll-berlin.de\/galerie\/wp-json\/wp\/v2\/media?parent=548"}],"curies":[{"name":"wp","href":"https:\/\/api.w.org\/{rel}","templated":true}]}}