{"id":49,"date":"2021-03-31T02:01:56","date_gmt":"2021-03-31T00:01:56","guid":{"rendered":"https:\/\/poll-berlin.de\/galerie\/datenschutz\/"},"modified":"2021-08-29T09:55:24","modified_gmt":"2021-08-29T07:55:24","slug":"datenschutz","status":"publish","type":"page","link":"https:\/\/poll-berlin.de\/galerie\/footer\/datenschutz\/","title":{"rendered":"Datenschutz"},"content":{"rendered":"\n<p><strong>Datenschutz<\/strong><br><br>Geltungsbereich<\/p>\n\n\n\n<p>Diese Datenschutzinformation gilt nur f\u00fcr die Nutzung der Webseite https:\/\/poll-berlin.de\/Galerie\/ Besuchen Sie eine andere Webseite, gelten die Datenschutzbestimmungen des jeweiligen Webseitenbetreibers. Dies gilt auch f\u00fcr Webseiten, auf die wir durch einen Link verweisen. Wir empfehlen Ihnen, sich auf der Webseite \u00fcber den Umgang mit personenbezogenen Daten zu informieren.<\/p>\n\n\n\n<p>Erhebung und Speicherung personenbezogener Daten<\/p>\n\n\n\n<p>Wenn Sie unsere Webseite aufrufen, werden automatisch Daten erhoben, die erforderlich sind, um den Besuch unserer Webseite zu erm\u00f6glichen. Dies sind der Name Ihres Internetserviceproviders, die IP-Adresse, Name und Version des von Ihnen verwendeten Browsers, das verwendete Betriebssystem, Datum und Dauer Ihres Besuchs sowie die Webseite, von der aus Sie uns besuchen.&nbsp;Dar\u00fcber hinaus werden personenbezogene Daten nur dann gespeichert, wenn Sie uns diese von sich aus, zum Beispiel im Rahmen einer Anfrage (z. B. nach einem Kunstwerk) oder einer Bestellung (Newsletter, Publikation) angeben.<\/p>\n\n\n\n<p>Nutzung personenbezogener Daten<\/p>\n\n\n\n<p>Daten, die bei der Nutzung dieser Webseite automatisch protokolliert werden, nutzen wir zur Administration und Optimierung dieser Webseite. Wir werten die Daten au\u00dferdem unter Verwendung eines Pseudonyms f\u00fcr statistische Zwecke aus (siehe dazu unten Google Analytics).&nbsp;Personenbezogene Daten, die Sie uns zur Verf\u00fcgung gestellt haben, nutzen wir zur Beantwortung Ihrer Anfragen, zur Ausf\u00fchrung und Abwicklung der mit Ihnen geschlossenen Vertr\u00e4ge sowie f\u00fcr den Betrieb und die Pflege dieser Webseite. F\u00fcr andere Zwecke verwenden wir sie nur mit Ihrer vorherigen Einwilligung.<\/p>\n\n\n\n<p>Weitergabe personenbezogener Daten<\/p>\n\n\n\n<p>Wir geben Ihre Daten nur dann an Dritte weiter, wenn dies f\u00fcr den Betrieb und die Pflege dieser Webseite, zu Abrechnungszwecken, zur Abwicklung von zwischen Ihnen und uns bestehenden Vertragsverh\u00e4ltnissen oder f\u00fcr die statistische Auswertung erforderlich ist. Von uns beauftragte Dritte werden Ihre personenbezogenen Daten nach Ma\u00dfgabe dieser Datenschutzinformation und der einschl\u00e4gigen Datenschutzgesetze behandeln und nicht an Dritte weitergeben.&nbsp;Dar\u00fcber hinaus erfolgt eine Weitergabe oder \u00dcbermittlung Ihrer Daten nur, wenn Sie sich damit einverstanden erkl\u00e4rt haben oder wir dazu gesetzlich verpflichtet sind.<\/p>\n\n\n\n<p>Google Analytics<\/p>\n\n\n\n<p>Wir benutzen Google Analytics, einen Webanalysedienst der Google Inc. (\u201eGoogle\u201c). Google Analytics verwendet sogenannte \u201eCookies\u201c, Textdateien, die auf Ihrem Computer gespeichert werden, und die eine Analyse der Webseite erm\u00f6glichen. Die durch den Cookie erzeugten Informationen \u00fcber Ihre Benutzung der Webseite werden in der Regel an einen Server von Google in den USA \u00fcbertragen und dort gespeichert. Im Auftrag des Betreibers dieser Webseite wird Google diese Information benutzen, um Ihre Nutzung der Webseite auszuwerten, um Reports \u00fcber die Webseitenaktivit\u00e4ten zusammenzustellen und um weitere mit der Webseitennutzung und der Internetnutzung verbundene Dienstleistungen gegen\u00fcber dem Webseitenbetreiber zu erbringen. Die im Rahmen von Google Analytics von Ihrem Browser \u00fcbermittelte IP-Adresse wird nicht mit anderen Daten von Google zusammengef\u00fchrt.Sie k\u00f6nnen die Speicherung der Cookies durch eine entsprechende Einstellung Ihrer Browser-Software verhindern, allerdings werden Sie dann ggf. nicht s\u00e4mtliche Funktionen dieser Webseite vollumf\u00e4nglich nutzen k\u00f6nnen. Wenn Sie dar\u00fcber hinaus die Erfassung der durch den Cookie erzeugten und auf Ihre Nutzung der Webseite bezogenen Daten (inkl. Ihrer IP-Adresse) an Google sowie die Verarbeitung dieser Daten durch Google verhindern wollen, k\u00f6nnen Sie das unter dem folgenden Link (<a href=\"https:\/\/tools.google.com\/dlpage\/gaoptout?hl=de\" target=\"_blank\" rel=\"noreferrer noopener\">https:\/\/tools.google.com\/dlpage\/gaoptout?hl=de<\/a>) verf\u00fcgbare Browser-Plugin herunterladen und installieren.<\/p>\n\n\n\n<p>Share-Buttons<\/p>\n\n\n\n<p>Wir setzen auf unsere Seite Share-Buttons der folgenden Anbieter ein:<\/p>\n\n\n\n<p>artnet AG, Hauptniederlassung Deutschland: Oranienstra\u00dfe 164, 10969 Berlin<br>Die Share-Buttons sind durch das Logo und den Namen des Anbieters gekennzeichnet.<br>Bei Aufruf dieser Webseite sorgen diese Komponenten daf\u00fcr, dass der jeweilige Anbieter davon in Kenntnis gesetzt wird, dass und welche Webseite von uns besucht wird. Laut Anbieter erfolgt keine dar\u00fcberhinausgehende Analyse Ihres Besuchs, vorausgesetzt Sie sind nicht in Ihrem Account des jeweiligen Anbieters eingeloggt. Sind Sie eingeloggt, kann der jeweilige Anbieter bei dem Best\u00e4tigen des in die Webseite eingef\u00fcgten Buttons des Anbieters die Empfehlung unserer Webseite, Ihre IP-Adresse und andere browserbezogene Informationen erfassen und mit Ihren bei dem Anbieter gespeicherten Daten verkn\u00fcpfen. Sie k\u00f6nnen die vorgenannte Erfassung durch den Anbieter verhindern, wenn Sie sich vor dem Besuch der Webseiten bei dem Anbieter abmelden.<\/p>\n\n\n\n<p>N\u00e4here Informationen zum Datenschutz und Ihren Rechten finden Sie:<\/p>\n\n\n\n<ul class=\"wp-block-list\"><li>auf der Website der artnet AG unter <a rel=\"noreferrer noopener\" href=\"http:\/\/www.artnet.de\/about\/privacy-formal.asp\" target=\"_blank\">http:\/\/www.artnet.de\/about\/privacy-formal.asp<\/a><\/li><li>auf der Website des Bundesverbandes Deutscher Galerien und Kunsth\u00e4ndler (BVDG)<\/li><li>unter <a rel=\"noreferrer noopener\" href=\"https:\/\/www.bvdg.de\/Datenschutzinformation\" target=\"_blank\">https:\/\/www.bvdg.de\/Datenschutzinformation<\/a><\/li><li>auf der Website von Facebook unter <a rel=\"noreferrer noopener\" href=\"https:\/\/www.facebook.com\/privacy\/explanation\" target=\"_blank\">https:\/\/www.facebook.com\/privacy\/explanation<\/a><\/li><li>auf der Website von Instagram unter <a rel=\"noreferrer noopener\" href=\"https:\/\/help.instagram.com\/155833707900388\" target=\"_blank\">https:\/\/help.instagram.com\/155833707900388<\/a><\/li><li>auf der Website des Landesverbandes Berliner Galerien (lvbg) <\/li><li>unter <a rel=\"noreferrer noopener\" href=\"https:\/\/www.berliner-galerien.de\/de\/datenschutzerklaerung\" data-type=\"URL\" data-id=\"https:\/\/www.berliner-galerien.de\/de\/datenschutzerklaerung\" target=\"_blank\">https:\/\/www.berliner-galerien.de\/de\/datenschutzerklaerung<\/a><\/li><\/ul>\n\n\n\n<p>Newsletter und Einladungen<br><br>Wir nutzen die von Ihnen zur Verf\u00fcgung gestellten Daten auch, um Sie per E-Mail \u00fcber aktuelle Veranstaltungen zu informieren und zu diesen einzuladen.&nbsp;Die Nutzung Ihrer personenbezogenen Daten zu diesem Zweck erfolgt nur mit Ihrer vorherigen ausdr\u00fccklichen Einwilligung. Sie k\u00f6nnen dieser Nutzung jederzeit per E-Mail an<br>galerie(at)poll-berlin.de mit dem Betreff \u201eunsubscribe\u201c widersprechen.<\/p>\n\n\n\n<p>Auskunft<\/p>\n\n\n\n<p>Sie haben ein Recht auf unentgeltliche Auskunft \u00fcber Ihre gespeicherten Daten sowie ggf. ein Recht auf Berichtigung, Sperrung oder L\u00f6schung dieser Daten. Wenden Sie sich hierzu bitte per Mail an galerie(at)poll-berlin.de. Von Ihnen erteilte Einwilligungen zur Datenerhebung, -verarbeitung und -nutzung k\u00f6nnen Sie jederzeit mit Wirkung f\u00fcr die Zukunft widerrufen. Bitte wenden Sie sich hierf\u00fcr per E-Mail an galerie(at)poll-berlin.de.<\/p>\n\n\n\n<p>Sicherheit<\/p>\n\n\n\n<p>Wir ergreifen alle angemessenen technischen und organisatorischen Ma\u00dfnahmen, um Ihre personenbezogenen Daten gegen Verlust, unberechtigten Zugriff, Ver\u00e4nderung und Verbreitung zu sichern. Bei der Kommunikation per E-Mail kann die vollst\u00e4ndige Datensicherheit von uns nicht gew\u00e4hrleistet werden, so dass wir Ihnen bei vertraulichen Informationen den Postweg empfehlen.<\/p>\n\n\n\n<p>Verantwortliche Stelle<\/p>\n\n\n\n<p>POLL Galerie + Kunsthandel in Berlin GmbH<br>Gipsstra\u00dfe 3<br>10119 Berlin, Deutschland<br><br>T +49 (0)30 261 70 91, M +49 (0)160 801 52 82<br>F +49 (0)30 284 96 211<br>galerie(at)poll-berlin.de<br><br>Die POLL Galerie + Kunsthandel in Berlin GmbH ist beim Amtsgericht Berlin-Charlottenburg unter der Handelsregisternummer: HRB 56 359 B eingetragen. <br>Die Umsatzsteuer-Identifikationsnummer lautet: DE174484159<\/p>\n","protected":false},"excerpt":{"rendered":"<p>Datenschutz Geltungsbereich Diese Datenschutzinformation gilt nur f\u00fcr die Nutzung der Webseite https:\/\/poll-berlin.de\/Galerie\/ Besuchen Sie eine andere Webseite, gelten die Datenschutzbestimmungen des jeweiligen Webseitenbetreibers. Dies gilt auch f\u00fcr Webseiten, auf die wir durch einen Link verweisen. Wir empfehlen Ihnen, sich auf der Webseite \u00fcber den Umgang mit personenbezogenen Daten zu informieren. Erhebung und Speicherung personenbezogener Daten [&hellip;]<\/p>\n","protected":false},"author":1,"featured_media":0,"parent":58,"menu_order":1,"comment_status":"closed","ping_status":"closed","template":"","meta":{"_acf_changed":false,"footnotes":""},"class_list":["post-49","page","type-page","status-publish","hentry"],"acf":[],"_links":{"self":[{"href":"https:\/\/poll-berlin.de\/galerie\/wp-json\/wp\/v2\/pages\/49","targetHints":{"allow":["GET"]}}],"collection":[{"href":"https:\/\/poll-berlin.de\/galerie\/wp-json\/wp\/v2\/pages"}],"about":[{"href":"https:\/\/poll-berlin.de\/galerie\/wp-json\/wp\/v2\/types\/page"}],"author":[{"embeddable":true,"href":"https:\/\/poll-berlin.de\/galerie\/wp-json\/wp\/v2\/users\/1"}],"replies":[{"embeddable":true,"href":"https:\/\/poll-berlin.de\/galerie\/wp-json\/wp\/v2\/comments?post=49"}],"version-history":[{"count":38,"href":"https:\/\/poll-berlin.de\/galerie\/wp-json\/wp\/v2\/pages\/49\/revisions"}],"predecessor-version":[{"id":4038,"href":"https:\/\/poll-berlin.de\/galerie\/wp-json\/wp\/v2\/pages\/49\/revisions\/4038"}],"up":[{"embeddable":true,"href":"https:\/\/poll-berlin.de\/galerie\/wp-json\/wp\/v2\/pages\/58"}],"wp:attachment":[{"href":"https:\/\/poll-berlin.de\/galerie\/wp-json\/wp\/v2\/media?parent=49"}],"curies":[{"name":"wp","href":"https:\/\/api.w.org\/{rel}","templated":true}]}}