{"id":48,"date":"2021-03-31T02:01:59","date_gmt":"2021-03-31T00:01:56","guid":{"rendered":"https:\/\/poll-berlin.de\/galerie\/impressum\/"},"modified":"2023-03-30T17:11:16","modified_gmt":"2023-03-30T15:11:16","slug":"impressum","status":"publish","type":"page","link":"https:\/\/poll-berlin.de\/galerie\/footer\/impressum\/","title":{"rendered":"Impressum"},"content":{"rendered":"\n<h2 class=\"wp-block-heading\"><strong>POLL Galerie + Kunsthandel in Berlin GmbH<\/strong><\/h2>\n\n\n\n<p>Gipsstra\u00dfe 3 (Ecke Auguststra\u00dfe)<br>10119 Berlin, Deutschland<br><br>T +49 (0)30 261 70 91 <br>F +49 (0)30 284 96 211<br>galerie(at)poll-berlin.de<\/p>\n\n\n\n<p>Gesch\u00e4ftsf\u00fchrung:<br>Eva Poll und Lothar C. Poll<\/p>\n\n\n\n<p>Galerieleitung:<br>Nana Poll | np.galerie(at)poll-berlin.de<br><br>Mitarbeit:<br>Katja Dannowski | galerie(at)poll-berlin.de<br><br>Amtsgericht Berlin-Charlottenburg<br>Handelsregisternummer: HRB 56 359 B<br>Umsatzsteuer-Identifikationsnummer: DE174484159<br><a href=\"https:\/\/poll-berlin.de\/galerie\/wp-content\/uploads\/Allgemeine-Gescha\u0308ftsbedingungen-fu\u0308r-Galerien.pdf\"><br><\/a><a rel=\"noreferrer noopener\" href=\"https:\/\/poll-berlin.de\/galerie\/wp-content\/uploads\/Allgemeine-Gescha\u0308ftsbedingungen-fu\u0308r-Galerien.pdf\" target=\"_blank\">Allgemeine Gesch\u00e4ftsbedingungen (AGB)<\/a><\/p>\n\n\n\n<p>Unverlangt eingesendete Portfolios und Kataloge von K\u00fcnstlern werden nur zur\u00fcckgesandt, wenn das R\u00fcckporto beiliegt. Die Aufbewahrungszeit ist begrenzt.<\/p>\n\n\n\n<p>Website Layout \/ Programmierung: mahlke.one<\/p>\n\n\n\n<p>F\u00fcr externe Links \u00fcbernehmen wir keine Haftung. F\u00fcr den Inhalt von verlinkten Seiten sind ausschlie\u00dflich deren Betreiber verantwortlich.<\/p>\n\n\n\n<p>\u00a9 POLL Galerie + Kunsthandel in Berlin GmbH 2021. Alle Rechte vorbehalten.<\/p>\n\n\n\n<p>Website-Relaunch gef\u00f6rdert durch:<\/p>\n\n\n<div class=\"wp-block-image\">\n<figure class=\"alignleft size-full is-resized\"><img loading=\"lazy\" decoding=\"async\" src=\"https:\/\/poll-berlin.de\/galerie\/wp-content\/uploads\/Logos_Neustart-Kunst.gif\" alt=\"\" class=\"wp-image-2682\" width=\"319\" height=\"63\"\/><\/figure><\/div>\n\n\n<p><\/p>\n","protected":false},"excerpt":{"rendered":"<p>POLL Galerie + Kunsthandel in Berlin GmbH Gipsstra\u00dfe 3 (Ecke Auguststra\u00dfe)10119 Berlin, Deutschland T +49 (0)30 261 70 91 F +49 (0)30 284 96 211galerie(at)poll-berlin.de Gesch\u00e4ftsf\u00fchrung:Eva Poll und Lothar C. Poll Galerieleitung:Nana Poll | np.galerie(at)poll-berlin.de Mitarbeit:Katja Dannowski | galerie(at)poll-berlin.de Amtsgericht Berlin-CharlottenburgHandelsregisternummer: HRB 56 359 BUmsatzsteuer-Identifikationsnummer: DE174484159Allgemeine Gesch\u00e4ftsbedingungen (AGB) Unverlangt eingesendete Portfolios und Kataloge von K\u00fcnstlern [&hellip;]<\/p>\n","protected":false},"author":1,"featured_media":0,"parent":58,"menu_order":0,"comment_status":"closed","ping_status":"closed","template":"","meta":{"_acf_changed":false,"footnotes":""},"class_list":["post-48","page","type-page","status-publish","hentry"],"acf":[],"_links":{"self":[{"href":"https:\/\/poll-berlin.de\/galerie\/wp-json\/wp\/v2\/pages\/48","targetHints":{"allow":["GET"]}}],"collection":[{"href":"https:\/\/poll-berlin.de\/galerie\/wp-json\/wp\/v2\/pages"}],"about":[{"href":"https:\/\/poll-berlin.de\/galerie\/wp-json\/wp\/v2\/types\/page"}],"author":[{"embeddable":true,"href":"https:\/\/poll-berlin.de\/galerie\/wp-json\/wp\/v2\/users\/1"}],"replies":[{"embeddable":true,"href":"https:\/\/poll-berlin.de\/galerie\/wp-json\/wp\/v2\/comments?post=48"}],"version-history":[{"count":26,"href":"https:\/\/poll-berlin.de\/galerie\/wp-json\/wp\/v2\/pages\/48\/revisions"}],"predecessor-version":[{"id":30175,"href":"https:\/\/poll-berlin.de\/galerie\/wp-json\/wp\/v2\/pages\/48\/revisions\/30175"}],"up":[{"embeddable":true,"href":"https:\/\/poll-berlin.de\/galerie\/wp-json\/wp\/v2\/pages\/58"}],"wp:attachment":[{"href":"https:\/\/poll-berlin.de\/galerie\/wp-json\/wp\/v2\/media?parent=48"}],"curies":[{"name":"wp","href":"https:\/\/api.w.org\/{rel}","templated":true}]}}