{"id":47,"date":"2021-03-31T02:01:59","date_gmt":"2021-03-31T00:01:56","guid":{"rendered":"https:\/\/poll-berlin.de\/galerie\/kontakt\/"},"modified":"2021-08-03T00:20:54","modified_gmt":"2021-08-02T22:20:54","slug":"kontakt","status":"publish","type":"page","link":"https:\/\/poll-berlin.de\/galerie\/footer\/kontakt\/","title":{"rendered":"Kontakt"},"content":{"rendered":"\n<h2 class=\"wp-block-heading\"><strong>POLL Galerie + Kunsthandel in Berlin GmbH<\/strong><\/h2>\n\n\n\n<p>Gipsstra\u00dfe 3 (Ecke Auguststra\u00dfe)<br>10119 Berlin, Deutschland<br><br>T +49 (0)30 261 70 91, M +49 (0)160 801 52 82<br>F +49 (0)30 284 96 211<br>galerie(at)poll-berlin.de<br><br>\u00d6ffnungszeiten:<br>Dienstag bis Samstag 12-18 Uhr und nach Vereinbarung<br><br>Anfahrt:<br>U-Bahn U8 Weinmeisterstra\u00dfe<br>S-Bahn S3, S5, S7, S9 Hackescher Markt<br>Tram M1 Weinmeisterstra\u00dfe\/ Gipsstra\u00dfe<\/p>\n","protected":false},"excerpt":{"rendered":"<p>POLL Galerie + Kunsthandel in Berlin GmbH Gipsstra\u00dfe 3 (Ecke Auguststra\u00dfe)10119 Berlin, Deutschland T +49 (0)30 261 70 91, M +49 (0)160 801 52 82F +49 (0)30 284 96 211galerie(at)poll-berlin.de \u00d6ffnungszeiten:Dienstag bis Samstag 12-18 Uhr und nach Vereinbarung Anfahrt:U-Bahn U8 Weinmeisterstra\u00dfeS-Bahn S3, S5, S7, S9 Hackescher MarktTram M1 Weinmeisterstra\u00dfe\/ Gipsstra\u00dfe<\/p>\n","protected":false},"author":1,"featured_media":0,"parent":58,"menu_order":2,"comment_status":"closed","ping_status":"closed","template":"","meta":{"_acf_changed":false,"footnotes":""},"class_list":["post-47","page","type-page","status-publish","hentry"],"acf":[],"_links":{"self":[{"href":"https:\/\/poll-berlin.de\/galerie\/wp-json\/wp\/v2\/pages\/47","targetHints":{"allow":["GET"]}}],"collection":[{"href":"https:\/\/poll-berlin.de\/galerie\/wp-json\/wp\/v2\/pages"}],"about":[{"href":"https:\/\/poll-berlin.de\/galerie\/wp-json\/wp\/v2\/types\/page"}],"author":[{"embeddable":true,"href":"https:\/\/poll-berlin.de\/galerie\/wp-json\/wp\/v2\/users\/1"}],"replies":[{"embeddable":true,"href":"https:\/\/poll-berlin.de\/galerie\/wp-json\/wp\/v2\/comments?post=47"}],"version-history":[{"count":6,"href":"https:\/\/poll-berlin.de\/galerie\/wp-json\/wp\/v2\/pages\/47\/revisions"}],"predecessor-version":[{"id":2962,"href":"https:\/\/poll-berlin.de\/galerie\/wp-json\/wp\/v2\/pages\/47\/revisions\/2962"}],"up":[{"embeddable":true,"href":"https:\/\/poll-berlin.de\/galerie\/wp-json\/wp\/v2\/pages\/58"}],"wp:attachment":[{"href":"https:\/\/poll-berlin.de\/galerie\/wp-json\/wp\/v2\/media?parent=47"}],"curies":[{"name":"wp","href":"https:\/\/api.w.org\/{rel}","templated":true}]}}