{"id":45226,"date":"2026-02-11T12:23:05","date_gmt":"2026-02-11T11:23:05","guid":{"rendered":"https:\/\/poll-berlin.de\/galerie\/?page_id=45226"},"modified":"2026-02-17T11:59:24","modified_gmt":"2026-02-17T10:59:24","slug":"katalog-6-gnaudschun","status":"publish","type":"page","link":"https:\/\/poll-berlin.de\/galerie\/kuenstler-der-galerie\/goeran-gnaudschun\/kataloge\/katalog-6-gnaudschun\/","title":{"rendered":"Katalog 6 &#8211; Gnaudschun"},"content":{"rendered":"\n<p><strong>G\u00f6ran Gnaudschun &#8211; Stimmen, die sich suchen<\/strong><br>Texte von G\u00f6ran Gnaudschun, dt.\/engl.\/ital., K\u00fcnstlerbuch anl\u00e4sslich der gleichnamigen Ausstellung im Haus am L\u00fctzowplatz, Berlin (21.6.-24.8.2025), Fotohof, Salzburg 2025, 26,5 x 18,5 cm, 236 Seiten, 85 Farb- und 16 S\/W-Abbildungen, Hardcover, ISBN 978-3-903334-95-3<br>39 Euro<\/p>\n","protected":false},"excerpt":{"rendered":"<p>G\u00f6ran Gnaudschun &#8211; Stimmen, die sich suchenTexte von G\u00f6ran Gnaudschun, dt.\/engl.\/ital., K\u00fcnstlerbuch anl\u00e4sslich der gleichnamigen Ausstellung im Haus am L\u00fctzowplatz, Berlin (21.6.-24.8.2025), Fotohof, Salzburg 2025, 26,5 x 18,5 cm, 236 Seiten, 85 Farb- und 16 S\/W-Abbildungen, Hardcover, ISBN 978-3-903334-95-339 Euro<\/p>\n","protected":false},"author":2,"featured_media":45243,"parent":253,"menu_order":5,"comment_status":"closed","ping_status":"closed","template":"kuenstler-katalog.php","meta":{"_acf_changed":false,"footnotes":""},"class_list":["post-45226","page","type-page","status-publish","has-post-thumbnail","hentry"],"acf":{"photo_gallery":{"bilder":[[]]}},"_links":{"self":[{"href":"https:\/\/poll-berlin.de\/galerie\/wp-json\/wp\/v2\/pages\/45226","targetHints":{"allow":["GET"]}}],"collection":[{"href":"https:\/\/poll-berlin.de\/galerie\/wp-json\/wp\/v2\/pages"}],"about":[{"href":"https:\/\/poll-berlin.de\/galerie\/wp-json\/wp\/v2\/types\/page"}],"author":[{"embeddable":true,"href":"https:\/\/poll-berlin.de\/galerie\/wp-json\/wp\/v2\/users\/2"}],"replies":[{"embeddable":true,"href":"https:\/\/poll-berlin.de\/galerie\/wp-json\/wp\/v2\/comments?post=45226"}],"version-history":[{"count":2,"href":"https:\/\/poll-berlin.de\/galerie\/wp-json\/wp\/v2\/pages\/45226\/revisions"}],"predecessor-version":[{"id":45229,"href":"https:\/\/poll-berlin.de\/galerie\/wp-json\/wp\/v2\/pages\/45226\/revisions\/45229"}],"up":[{"embeddable":true,"href":"https:\/\/poll-berlin.de\/galerie\/wp-json\/wp\/v2\/pages\/253"}],"wp:featuredmedia":[{"embeddable":true,"href":"https:\/\/poll-berlin.de\/galerie\/wp-json\/wp\/v2\/media\/45243"}],"wp:attachment":[{"href":"https:\/\/poll-berlin.de\/galerie\/wp-json\/wp\/v2\/media?parent=45226"}],"curies":[{"name":"wp","href":"https:\/\/api.w.org\/{rel}","templated":true}]}}