{"id":45001,"date":"2026-01-11T20:53:06","date_gmt":"2026-01-11T19:53:06","guid":{"rendered":"https:\/\/poll-berlin.de\/galerie\/?page_id=45001"},"modified":"2026-01-11T20:53:07","modified_gmt":"2026-01-11T19:53:07","slug":"information-2","status":"publish","type":"page","link":"https:\/\/poll-berlin.de\/galerie\/en\/exhibitions\/archive\/dieter-mammel\/information-2\/","title":{"rendered":"Information"},"content":{"rendered":"\n<p>\u201cSNOW\u201d, Dieter Mammel\u2019s first solo show at Galerie Poll, presents new paintings by the artist. Created since 2024, these works mark the beginning of a new chapter in Mammel\u2019s artistic career.<\/p>\n\n\n\n<p>After \u201cLIFELINE\u201d \u2013 a retrospective of one hundred paintings tracing personal and family stories over more than twenty years, presented at museums in Romania, Serbia, and Germany from May 2024 to January 2026 \u2013 Mammel\u2019s latest paintings mark a shift: a move away from the human figure as the central subject.<\/p>\n\n\n\n<p>The new series begins with a change in the painting surface: instead of the unprimed white canvas he previously used, Mammel turns to natural-coloured linen. On linen, the sketch-like application of ink on wet canvas that he has practiced for more than two decades does not produce the familiar, fluid washes of consistently monochrome colour.<\/p>\n\n\n\n<p>In response, Mammel revisits a method he learned during his studies: priming the canvas with hide glue. The priming white becomes a defining visual element \u2013 spread like snow across the linen. Using cyan-coloured ink at first, later switching to black, Mammel paints his subjects with the priming white: huts, fences, mountains, rivers, and power lines. These motifs all share a sense of vast, often empty winter <a><\/a>landscape, based on the artist\u2019s childhood memories of the Swabian Alp.<\/p>\n\n\n\n<p>Included in the exhibition is \u201cThe Others and I\u201d (2024), the first painting created using this new technique. A fir forest appears in the upper left; a river winds through snow in the foreground and middle ground, disappearing on the horizon. As Mammel recalls, in his childhood imagination, the closely grouped trees were \u201cthe Others\u201d, and he himself was the river.<\/p>\n\n\n\n<p>These new paintings are characterized by empty areas and a reduction to black and white. In some areas, Mammel deliberately leaves the natural linen exposed. He dispenses with framing, allowing the image to extend beyond its edges.<\/p>\n\n\n\n<p>Mammel began his artistic career with woodcuts, which led him to focus on light and shadow in his painting. With these new works, he returns to his roots.<\/p>\n\n\n\n<p><strong>Dieter Mammel<\/strong>, born in 1965 in Reutlingen, studied from 1986 to 1991 at the Stuttgart State Academy of Art and Design (Staatliche Akademie der Bildenden K\u00fcnste) and the Berlin University of the Arts (Universit\u00e4t der K\u00fcnste), graduating as a master student. The Villa Serpentara fellowship from the Academy of Arts, Berlin (Akademie der K\u00fcnste) took him to Italy in 1991 and 1993. From 1997 to 2002, he taught painting and art history at the Mediadesign Academy in Berlin. He received studio grants from the Berlin Senate Department for Culture in 1995 and 2000, the Karl Hofer Scholarship from 1998 to 2000, and a studio from the Frankfurt Department of Culture from 2007 to 2012. He lives and works in Berlin and Frankfurt am Main. His works are held in numerous private and public collections, including the Kupferstichkabinetten of the Staatliche Museen zu Berlin, the Kunstmuseum Bonn, G\u00f6teborgs konstmuseum, the Staatsgalerie Stuttgart, the Mustafa Taviloglu Collection in Istanbul, the Joel Barish Collection in New York, and the R\u00e9my Chemama Collection in Paris.<\/p>\n","protected":false},"excerpt":{"rendered":"<p>\u201cSNOW\u201d, Dieter Mammel\u2019s first solo show at Galerie Poll, presents new paintings by the artist. Created since 2024, these works mark the beginning of a new chapter in Mammel\u2019s artistic career. After \u201cLIFELINE\u201d \u2013 a retrospective of one hundred paintings tracing personal and family stories over more than twenty years, presented at museums in Romania, [&hellip;]<\/p>\n","protected":false},"author":1,"featured_media":0,"parent":44998,"menu_order":0,"comment_status":"closed","ping_status":"closed","template":"ausstellen-text.php","meta":{"_acf_changed":false,"footnotes":""},"class_list":["post-45001","page","type-page","status-publish","hentry"],"acf":[],"_links":{"self":[{"href":"https:\/\/poll-berlin.de\/galerie\/wp-json\/wp\/v2\/pages\/45001","targetHints":{"allow":["GET"]}}],"collection":[{"href":"https:\/\/poll-berlin.de\/galerie\/wp-json\/wp\/v2\/pages"}],"about":[{"href":"https:\/\/poll-berlin.de\/galerie\/wp-json\/wp\/v2\/types\/page"}],"author":[{"embeddable":true,"href":"https:\/\/poll-berlin.de\/galerie\/wp-json\/wp\/v2\/users\/1"}],"replies":[{"embeddable":true,"href":"https:\/\/poll-berlin.de\/galerie\/wp-json\/wp\/v2\/comments?post=45001"}],"version-history":[{"count":1,"href":"https:\/\/poll-berlin.de\/galerie\/wp-json\/wp\/v2\/pages\/45001\/revisions"}],"predecessor-version":[{"id":45006,"href":"https:\/\/poll-berlin.de\/galerie\/wp-json\/wp\/v2\/pages\/45001\/revisions\/45006"}],"up":[{"embeddable":true,"href":"https:\/\/poll-berlin.de\/galerie\/wp-json\/wp\/v2\/pages\/44998"}],"wp:attachment":[{"href":"https:\/\/poll-berlin.de\/galerie\/wp-json\/wp\/v2\/media?parent=45001"}],"curies":[{"name":"wp","href":"https:\/\/api.w.org\/{rel}","templated":true}]}}