{"id":450,"date":"2021-05-07T19:33:59","date_gmt":"2021-05-07T17:33:17","guid":{"rendered":"https:\/\/poll-berlin.de\/galerie\/ausstellungen\/aktuell\/grenzerfahrung-peer-boehm-malerei-und-zeichnung-19-01-bis-27-02-2021-verlaengert-bis-13-03-2021\/audio-video\/"},"modified":"2025-02-18T12:55:27","modified_gmt":"2025-02-18T11:55:27","slug":"audio-video","status":"publish","type":"page","link":"https:\/\/poll-berlin.de\/galerie\/ausstellungen\/archiv\/peer-boehm-grenzerfahrung\/audio-video\/","title":{"rendered":"Audio \/ Video"},"content":{"rendered":"\n<p>Anl\u00e4sslich der Ausstellung f\u00fchrte Jochen L. St\u00f6ckmann ein K\u00fcnstlergespr\u00e4ch, das hier nachzuh\u00f6ren ist (dt., Dauer: 37 Min.):<\/p>\n\n\n\n<figure class=\"wp-block-image size-full\"><a href=\"https:\/\/soundcloud.com\/jochen-stoeckmann\/peer-boehm-grenzerfahrungen-galerie-poll-berlin\" target=\"_blank\" rel=\"noopener\"><img loading=\"lazy\" decoding=\"async\" width=\"200\" height=\"23\" src=\"https:\/\/poll-berlin.de\/galerie\/wp-content\/uploads\/Soundcloud_Logo.gif\" alt=\"\" class=\"wp-image-2556\"\/><\/a><\/figure>\n","protected":false},"excerpt":{"rendered":"<p>Anl\u00e4sslich der Ausstellung f\u00fchrte Jochen L. St\u00f6ckmann ein K\u00fcnstlergespr\u00e4ch, das hier nachzuh\u00f6ren ist (dt., Dauer: 37 Min.):<\/p>\n","protected":false},"author":1,"featured_media":0,"parent":444,"menu_order":4,"comment_status":"closed","ping_status":"closed","template":"ausstellen-text.php","meta":{"_acf_changed":false,"footnotes":""},"class_list":["post-450","page","type-page","status-publish","hentry"],"acf":[],"_links":{"self":[{"href":"https:\/\/poll-berlin.de\/galerie\/wp-json\/wp\/v2\/pages\/450","targetHints":{"allow":["GET"]}}],"collection":[{"href":"https:\/\/poll-berlin.de\/galerie\/wp-json\/wp\/v2\/pages"}],"about":[{"href":"https:\/\/poll-berlin.de\/galerie\/wp-json\/wp\/v2\/types\/page"}],"author":[{"embeddable":true,"href":"https:\/\/poll-berlin.de\/galerie\/wp-json\/wp\/v2\/users\/1"}],"replies":[{"embeddable":true,"href":"https:\/\/poll-berlin.de\/galerie\/wp-json\/wp\/v2\/comments?post=450"}],"version-history":[{"count":14,"href":"https:\/\/poll-berlin.de\/galerie\/wp-json\/wp\/v2\/pages\/450\/revisions"}],"predecessor-version":[{"id":41102,"href":"https:\/\/poll-berlin.de\/galerie\/wp-json\/wp\/v2\/pages\/450\/revisions\/41102"}],"up":[{"embeddable":true,"href":"https:\/\/poll-berlin.de\/galerie\/wp-json\/wp\/v2\/pages\/444"}],"wp:attachment":[{"href":"https:\/\/poll-berlin.de\/galerie\/wp-json\/wp\/v2\/media?parent=450"}],"curies":[{"name":"wp","href":"https:\/\/api.w.org\/{rel}","templated":true}]}}