{"id":44658,"date":"2025-11-11T11:58:15","date_gmt":"2025-11-11T10:58:15","guid":{"rendered":"https:\/\/poll-berlin.de\/galerie\/ausstellungen\/vorschau\/dieter-mammel\/information\/"},"modified":"2026-01-06T17:48:03","modified_gmt":"2026-01-06T16:48:03","slug":"information","status":"publish","type":"page","link":"https:\/\/poll-berlin.de\/galerie\/ausstellungen\/archiv\/dieter-mammel\/information\/","title":{"rendered":"Information"},"content":{"rendered":"\n<p>Mit \u201eSCHNEE\u201c, ihrer ersten Einzelausstellung von Dieter Mammel, pr\u00e4sentiert die Galerie Poll neue Bilder des Malers. Mit diesen seit 2024 entstandenen Arbeiten schl\u00e4gt Mammel ein neues Kapitel seines Schaffens auf.<\/p>\n\n\n\n<p>Nach der Ausstellung \u201eLIFELINE&#8220; mit 100 Gem\u00e4lden aus \u00fcber zwanzig Jahren, in denen der K\u00fcnstler Wege seiner Familie und aus seinem pers\u00f6nlichen Umfeld nachzeichnet und die von Mai 2024 bis Januar 2026 von drei Museen in Rum\u00e4nien, Serbien und Deutschland gezeigt wird, steht der Mensch in den neuen Bildern des Malers nicht mehr im Zentrum.<\/p>\n\n\n\n<p>Ausgangspunkt der neuen Werkserie ist die Wahl eines anderen Malgrundes: Anstelle der bis dahin verwendeten ungrundierten wei\u00dfen Leinwand wechselt Mammel zu naturfarbenem Leinen. Seine \u00fcber mehr als zwei Jahrzehnte praktizierte Technik \u2013 das skizzenhafte Malen mit Tusche auf nasser Leinwand \u2013 f\u00fchrt auf dem Leinen nicht zu den erprobten w\u00e4ssrigen Verlaufsformen der stets monochrom eingesetzten Farbe.<\/p>\n\n\n\n<p>Der K\u00fcnstler besinnt sich daraufhin auf die w\u00e4hrend seines Studiums erlernte Technik der Grundierung der Leinwand mit Knochenleim. Das Grundierwei\u00df wird zum charakteristischen Ausdrucksmittel seiner neuen Bilder. Wie Schnee liegt es fl\u00e4chig auf dem Leinen. Anfangs mit cyanfarbiger, dann mit schwarzer Tusche malt Mammel nun seine Motive mit dem Grundierwei\u00df: H\u00fctten, Z\u00e4une, Berge, Flussl\u00e4ufe oder Strommasten. Allen Motiven gemeinsam ist die weite, meist menschenleere Winterlandschaft in einer Gegend, an die sich der K\u00fcnstler aus Kindheitstagen auf der Schw\u00e4bischen Alb erinnert.<\/p>\n\n\n\n<p>Mit \u201eDie Anderen und ich&#8220; von 2024 ist auch das erste in der neuen Technik entstandene Gem\u00e4lde ausgestellt. Am oberen linken Rand befindet sich ein Tannenwald, im Vorder- und Mittelgrund schl\u00e4ngelt sich ein Fluss durch den Schnee, der sich am Horizont verliert. Die dicht stehenden B\u00e4ume, so Dieter Mammel, waren in seiner kindlichen Vorstellung \u201edie Anderen\u201c und er selbst der Fluss.<\/p>\n\n\n\n<p>Leere Fl\u00e4chen und die Reduktion auf Schwarz und Wei\u00df zeichnen die neuen Bilder aus. An manchen Stellen l\u00e4sst der K\u00fcnstler die naturfarbene Leinwand bewusst unbearbeitet stehen. Auf eine Rahmung verzichtet er und erreicht so eine Offenheit der Motive \u00fcber die Bildgrenze hinaus.<\/p>\n\n\n\n<p>Mit Holzschnitten hat Dieter Mammel seine k\u00fcnstlerische Laufbahn begonnen. Davon ausgehend, hat er sich in seiner Malerei auf Licht und Schatten konzentriert. Mit seinen neuen Bildern besinnt sich der K\u00fcnstler auf seine Anf\u00e4nge.<\/p>\n\n\n\n<p><strong>Dieter Mammel, <\/strong>geboren 1965 in Reutlingen, studiert von 1986 bis 1991 an der Staatlichen Kunstakademie der Bildenden K\u00fcnste in Stuttgart und an der Universit\u00e4t der K\u00fcnste in Berlin mit Abschluss Meistersch\u00fcler. Das Villa-Serpentara-Stipendium der Akademie der K\u00fcnste f\u00fchrt ihn 1991 und 1993 nach Italien. Von 1997 bis 2002 lehrt er Malerei und Kunstgeschichte an der Mediadesign Akademie in Berlin. 1995 und 2000 erh\u00e4lt er das Atelierstipendium des Berliner Kultursenats, 1998 bis 2000 das Karl-Hofer-Stipendium und 2007 bis 2012 ein Atelier vom Kulturamt der Stadt Frankfurt am Main. Dieter Mammel lebt und arbeitet in Berlin und Frankfurt am Main. Seine Werke befinden sich in zahlreichen privaten und \u00f6ffentlichen Sammlungen, darunter das Kupferstichkabinett der Staatlichen Museen zu Berlin, das Kunstmuseum Bonn, das Kunstmuseum G\u00f6teborg, die Staatsgalerie Stuttgart, die Mustafa Taviloglu Collection, Istanbul, die Joel Barish Collection, New York und die R\u00e9my Chemama Collection, Paris.<\/p>\n","protected":false},"excerpt":{"rendered":"<p>Mit \u201eSCHNEE\u201c, ihrer ersten Einzelausstellung von Dieter Mammel, pr\u00e4sentiert die Galerie Poll neue Bilder des Malers. Mit diesen seit 2024 entstandenen Arbeiten schl\u00e4gt Mammel ein neues Kapitel seines Schaffens auf. Nach der Ausstellung \u201eLIFELINE&#8220; mit 100 Gem\u00e4lden aus \u00fcber zwanzig Jahren, in denen der K\u00fcnstler Wege seiner Familie und aus seinem pers\u00f6nlichen Umfeld nachzeichnet und [&hellip;]<\/p>\n","protected":false},"author":1,"featured_media":0,"parent":44625,"menu_order":0,"comment_status":"closed","ping_status":"closed","template":"ausstellen-text.php","meta":{"_acf_changed":false,"footnotes":""},"class_list":["post-44658","page","type-page","status-publish","hentry"],"acf":[],"_links":{"self":[{"href":"https:\/\/poll-berlin.de\/galerie\/wp-json\/wp\/v2\/pages\/44658","targetHints":{"allow":["GET"]}}],"collection":[{"href":"https:\/\/poll-berlin.de\/galerie\/wp-json\/wp\/v2\/pages"}],"about":[{"href":"https:\/\/poll-berlin.de\/galerie\/wp-json\/wp\/v2\/types\/page"}],"author":[{"embeddable":true,"href":"https:\/\/poll-berlin.de\/galerie\/wp-json\/wp\/v2\/users\/1"}],"replies":[{"embeddable":true,"href":"https:\/\/poll-berlin.de\/galerie\/wp-json\/wp\/v2\/comments?post=44658"}],"version-history":[{"count":4,"href":"https:\/\/poll-berlin.de\/galerie\/wp-json\/wp\/v2\/pages\/44658\/revisions"}],"predecessor-version":[{"id":44974,"href":"https:\/\/poll-berlin.de\/galerie\/wp-json\/wp\/v2\/pages\/44658\/revisions\/44974"}],"up":[{"embeddable":true,"href":"https:\/\/poll-berlin.de\/galerie\/wp-json\/wp\/v2\/pages\/44625"}],"wp:attachment":[{"href":"https:\/\/poll-berlin.de\/galerie\/wp-json\/wp\/v2\/media?parent=44658"}],"curies":[{"name":"wp","href":"https:\/\/api.w.org\/{rel}","templated":true}]}}