{"id":44465,"date":"2025-10-22T12:34:07","date_gmt":"2025-10-22T10:34:07","guid":{"rendered":"https:\/\/poll-berlin.de\/galerie\/?page_id=44465"},"modified":"2026-01-20T11:38:30","modified_gmt":"2026-01-20T10:38:30","slug":"exhibitions","status":"publish","type":"page","link":"https:\/\/poll-berlin.de\/galerie\/en\/other-artists\/dieter-mammel\/exhibitions\/","title":{"rendered":"Exhibitions"},"content":{"rendered":"\n<p><strong>Solo exhibitions (selection)<\/strong><\/p>\n\n\n\n<div style=\"height:10px\" aria-hidden=\"true\" class=\"wp-block-spacer\"><\/div>\n\n\n\n<figure class=\"wp-block-table\"><table><tbody><tr><td>2026<\/td><td>Galerie Poll, Berlin<\/td><\/tr><tr><td>2025<\/td><td>Danube Swabian Central Museum Ulm<br>Alexander and Renata Camaro Foundation, Berlin<\/td><\/tr><tr><td>2024<\/td><td>Art Museum of Timi\u0219oara (Romania)<br>National Museum of Pan\u010devo (Serbia)<br>Galerie H\u00fcbner &amp; H\u00fcbner, Frankfurt am Main<\/td><\/tr><tr><td>2022<\/td><td>Meno Parkas Gallery, Kaunas (Lithuania)<\/td><\/tr><tr><td>2019<\/td><td>Galerie Gerken, Berlin<br>Galerie Corona Unger, Bremen<\/td><\/tr><tr><td>2018<\/td><td>Reutlingen Art Museum<\/td><\/tr><tr><td>2016<\/td><td>Museum of World Cultures, Frankfurt am Main<br>Galerie H\u00fcbner &amp; H\u00fcbner, Frankfurt am Main<br>Bogert Gallery, Knokke (Belgium)<\/td><\/tr><tr><td>2015<\/td><td>C.A.M. Gallery, Istanbul<br>Galerie Gerken, Berlin<br>Galerie Maurits van de Laar, The Hague<\/td><\/tr><tr><td>2014<\/td><td>Lisa Norris Gallery, London<\/td><\/tr><tr><td>2011<\/td><td>Galerie H\u00fcbner &amp; H\u00fcbner, Frankfurt am Main<\/td><\/tr><tr><td>2010<\/td><td>Osthaus Museum Hagen<br>Pera Museum, Istanbul<\/td><\/tr><tr><td>2009<\/td><td>Galerie H\u00fcbner &amp; H\u00fcbner, Frankfurt am Main<br>M\u00fcnsterland Art Association<br>Kunsthaus Potsdam<\/td><\/tr><tr><td>2007<\/td><td>Galerie Maurits van de Laar, The Hague<br>Goethe-Institut Rotterdam (with Anne Wenzel)<br>C.A.M. Gallery, Istanbul<\/td><\/tr><tr><td>2006<\/td><td>Thanassis Frissiras Gallery, Athens<br>Galerie Seitz &amp; Partner, Berlin<br>Galleri Franz Pedersen, Horsens (Denmark)<\/td><\/tr><tr><td>2005<\/td><td>Galerie Gerken Berlin (with Werner Pokorny )<br>Art Gallery of Athens<br>Christopher Cutts Gallery, Toronto &nbsp;<\/td><\/tr><tr><td>2004<\/td><td>Galerie H\u00fcbner, Frankfurt am Main<br>Reutlingen City Art Museum<\/td><\/tr><tr><td>2003<\/td><td>Kunstmuseum Bonn<br>St. Matthew&#8217;s Church, Berlin<br>Museum at the Ostwall, Dortmund<\/td><\/tr><tr><td>2002<\/td><td>Galerie Maurits van de Laar, The Hague<br>Mochental Castle Gallery, Ehingen<\/td><\/tr><tr><td>2001<\/td><td>Galerie Seitz &amp; Partner, Berlin<br>Christopher Cutts Gallery, Toronto<br>Monique Goldstrom Gallery, New York City<br>Galerie Insel, Stuttgart<\/td><\/tr><tr><td>1999<\/td><td>Goldstrom Gallery, New York City<\/td><\/tr><tr><td>1998<\/td><td>Friedrichshaven Art Association<br>Goethe-Institut Krakow (with Cornelia Schleime)<\/td><\/tr><tr><td>1997<\/td><td>Hans-Thoma-Gesellschaft, Reutlingen<br>Galerie Johannes Zielke, Berlin<br>Kunsthalle G\u00f6teborg (Sweden)<\/td><\/tr><tr><td>1996<\/td><td>Galerie Maurits van de Laar, The Hague<br>Goethe-Institut Rotterdam<\/td><\/tr><tr><td>1994<\/td><td>Galerie Tilly Haderek, Stuttgart<br>Pforzheim Art Association at Reuchlinhaus<\/td><\/tr><tr><td>1993<\/td><td>Leopold Hoesch Museum, D\u00fcren<br>Galerie Diferenca, Lisbon<br>Goethe-Institut Porto<\/td><\/tr><tr><td>1992<\/td><td>Albrecht D\u00fcrer Gesellschaft, Nuremberg<br>Villa Streccius Municipal Gallery, Landau<\/td><\/tr><tr><td>1990<\/td><td>University Museum, Leningrad<\/td><\/tr><tr><td>1989<\/td><td>Mochental Castle Gallery, Ehingen<\/td><\/tr><tr><td>1988<\/td><td>Galerie Michael Hasenclever, Munich<\/td><\/tr><\/tbody><\/table><\/figure>\n\n\n\n<div style=\"height:10px\" aria-hidden=\"true\" class=\"wp-block-spacer\"><\/div>\n\n\n\n<p><strong>Group exhibitions (selection)<\/strong><\/p>\n\n\n\n<div style=\"height:10px\" aria-hidden=\"true\" class=\"wp-block-spacer\"><\/div>\n\n\n\n<figure class=\"wp-block-table\"><table><tbody><tr><td>2025<\/td><td>Studio im Hochhaus, Berlin<br>C.A.M. Gallery, Istanbul<\/td><\/tr><tr><td>2024<\/td><td>Galerie H\u00fcbner &amp; H\u00fcbner, Frankfurt am Main<br>Feshane Art Istanbul<br>Marburg Art Association<\/td><\/tr><tr><td>2023<\/td><td>Reutlingen Art Museum | Spendhaus<\/td><\/tr><tr><td>2021-2023<\/td><td>Reutlingen Art Museum <\/td><\/tr><tr><td>2019<\/td><td>Museum at Wolfach Castle<\/td><\/tr><tr><td>2018<\/td><td>Museum of World Cultures, Frankfurt am Main<br>C.A.M. Gallery, Istanbul<br>Galerie Gerken, Berlin<br>Galerie Maurits van de Laar, The Hague<\/td><\/tr><tr><td>2017<\/td><td>Galerie H\u00fcbner &amp; H\u00fcbner, Frankfurt am Main<br>Bad Nauheim Art Association<\/td><\/tr><tr><td>2016<\/td><td>Lisa Norris Gallery, London<br>Wolfach Museum<\/td><\/tr><tr><td>2015<\/td><td>Reutlingen City Art Museum<br>Speyer Art Association<br>C.A.M. Gallery, Istanbul<\/td><\/tr><tr><td>2014<\/td><td>Galerie H\u00fcbner &amp; H\u00fcbner, Frankfurt am Main<br>LOOCK Galerie, Berlin<br>Galerie Springer, Berlin<br>Ahrenshoop Art Museum<\/td><\/tr><tr><td>2013<\/td><td>Offenburg Municipal Gallery<br>Marcher Museum Witten<br>Center of Engraving and Printed Image, La Louvi\u00e8re (Belgium)<\/td><\/tr><tr><td>2012<\/td><td>Galerie H\u00fcbner &amp; H\u00fcbner, Frankfurt am Main<br>Marta Herford Museum<br>Reutlingen Art Museum<br>Richard Haizmann Museum, Nieb\u00fcll<\/td><\/tr><tr><td>2010<\/td><td>Kunsthaus Potsdam<br>Galerie Maurits van der Laar, The Hague<br>Frissiras Museum, Athens<\/td><\/tr><tr><td>2009<\/td><td>Reutlingen Art Association<br>Corvey Castle Museum, H\u00f6xter<br>Galerie Seitz &amp; Partner, Berlin<\/td><\/tr><tr><td>2007<\/td><td>Academy of Arts, Berlin<br>Galerie H\u00fcbner, Frankfurt am Main<br>Reutlingen Art Museum<br>New Saxon Gallery, Chemnitz<\/td><\/tr><tr><td>2006<\/td><td>Galerie Conrads, D\u00fcsseldorf<br>Thomas Mann House, Munich<\/td><\/tr><tr><td>2005<\/td><td>Brennabor Kunsthalle, Brandenburg<br>Kunsthaus Potsdam<br>Galerie Gerken, Berlin<br>XIV. German International Graphic Arts Triennial, Frechen<br>Frissiras Museum, Athens<br>Galerie Seitz &amp; Partner<br>Frisia Museum, Spanbroek (Netherlands)<\/td><\/tr><tr><td>2004<\/td><td>Kunsthalle Mannheim<\/td><\/tr><tr><td>2003<\/td><td>Fukumitsu Art Museum, Nanto (Japan)<br>Mus\u00e9e Pierre-No\u00ebl, Saint-Di\u00e8-des-Vosges (France)<br>Chelsea Art Museum, New York City<br>Hans Thoma Society &#8211; Reutlingen Art Association<\/td><\/tr><tr><td>2000<\/td><td>Reutlingen City Art Museum<br>M. J. Wewerka Galerie, Berlin<br>Galerie Insel, Stuttgart<\/td><\/tr><tr><td>1999<\/td><td>Goldstrom Gallery, New York City<br>Artist&#8217;s studio at Westend Station, Berlin<\/td><\/tr><tr><td>1998<\/td><td>Galerie Johannes Zielke, Berlin<br>Goldstrom Gallery, New York City<\/td><\/tr><tr><td>1997<\/td><td>Galerie Maurits van de Laar, The Hague<br>K\u00fcnstlerhaus Sootb\u00f6rn, Hamburg<\/td><\/tr><tr><td>1996<\/td><td>Heidelberg Art Association<br>Lindenau-Museum Altenburg<br>Galerie Tammen &amp; Busch, Berlin<\/td><\/tr><tr><td>1994<\/td><td>Mainz Art Association<\/td><\/tr><tr><td>1992<\/td><td>Jena Art Association<br>Academy of Arts, Berlin<\/td><\/tr><tr><td>1991<\/td><td>Bor\u00e5s Art Museum (Sweden)<br>Berlinische Galerie at Martin-Gropius-Bau, Berlin<br>New Darmstadt Secession<br>Otto Nagel Galerie, Berlin<\/td><\/tr><tr><td>1990<\/td><td>Museum Fodor, Amsterdam<\/td><\/tr><tr><td>1989<\/td><td>Great Art Exhibition Munich<\/td><\/tr><tr><td>1988<\/td><td>5th National Exhibition of Drawing, Augsburg<\/td><\/tr><tr><td>1987<\/td><td>Reutlingen City Art Museum<\/td><\/tr><tr><td>1985<\/td><td>Biennial of Peace, Hamburg Art Association<\/td><\/tr><\/tbody><\/table><\/figure>\n","protected":false},"excerpt":{"rendered":"<p>Solo exhibitions (selection) 2026 Galerie Poll, Berlin 2025 Danube Swabian Central Museum UlmAlexander and Renata Camaro Foundation, Berlin 2024 Art Museum of Timi\u0219oara (Romania)National Museum of Pan\u010devo (Serbia)Galerie H\u00fcbner &amp; H\u00fcbner, Frankfurt am Main 2022 Meno Parkas Gallery, Kaunas (Lithuania) 2019 Galerie Gerken, BerlinGalerie Corona Unger, Bremen 2018 Reutlingen Art Museum 2016 Museum of World [&hellip;]<\/p>\n","protected":false},"author":2,"featured_media":0,"parent":44416,"menu_order":1,"comment_status":"closed","ping_status":"closed","template":"kuenstler-text.php","meta":{"_acf_changed":false,"footnotes":""},"class_list":["post-44465","page","type-page","status-publish","hentry"],"acf":[],"_links":{"self":[{"href":"https:\/\/poll-berlin.de\/galerie\/wp-json\/wp\/v2\/pages\/44465","targetHints":{"allow":["GET"]}}],"collection":[{"href":"https:\/\/poll-berlin.de\/galerie\/wp-json\/wp\/v2\/pages"}],"about":[{"href":"https:\/\/poll-berlin.de\/galerie\/wp-json\/wp\/v2\/types\/page"}],"author":[{"embeddable":true,"href":"https:\/\/poll-berlin.de\/galerie\/wp-json\/wp\/v2\/users\/2"}],"replies":[{"embeddable":true,"href":"https:\/\/poll-berlin.de\/galerie\/wp-json\/wp\/v2\/comments?post=44465"}],"version-history":[{"count":23,"href":"https:\/\/poll-berlin.de\/galerie\/wp-json\/wp\/v2\/pages\/44465\/revisions"}],"predecessor-version":[{"id":45064,"href":"https:\/\/poll-berlin.de\/galerie\/wp-json\/wp\/v2\/pages\/44465\/revisions\/45064"}],"up":[{"embeddable":true,"href":"https:\/\/poll-berlin.de\/galerie\/wp-json\/wp\/v2\/pages\/44416"}],"wp:attachment":[{"href":"https:\/\/poll-berlin.de\/galerie\/wp-json\/wp\/v2\/media?parent=44465"}],"curies":[{"name":"wp","href":"https:\/\/api.w.org\/{rel}","templated":true}]}}