{"id":44334,"date":"2025-10-22T18:17:34","date_gmt":"2025-10-22T16:17:34","guid":{"rendered":"https:\/\/poll-berlin.de\/galerie\/?page_id=44334"},"modified":"2025-12-10T17:38:57","modified_gmt":"2025-12-10T16:38:57","slug":"werke-in-sammlungen","status":"publish","type":"page","link":"https:\/\/poll-berlin.de\/galerie\/weitere-kuenstler\/dieter-mammel\/werke-in-sammlungen\/","title":{"rendered":"Werke in Sammlungen"},"content":{"rendered":"\n<p><strong>Werke in Sammlungen<\/strong> <strong>(Auswahl)<\/strong><\/p>\n\n\n\n<p>Frissiras Museum, Athen<br>Artothek des Neuen Berliner Kunstvereins (NBK)<br>Kunstsammlung im Willy-Brandt-Haus, Berlin<br>Kupferstichkabinett der Staatlichen Museen zu Berlin<br>Kunstmuseum Bonn<br>Zentrale der Aktion Mensch, Bonn<br>IBM Deutschland GmbH<br>Landesbank Hessen-Th\u00fcringen, Frankfurt am Main<br>Sammlung Deutsche Bank, Frankfurt am Main<br>Kunsthalle Gevelsberg<br>G\u00f6teborgs Konstmuseum (Schweden)<br>Emin Hitay Koleksiyonu, Istanbul<br>Nahit &amp; H\u00fcma Kabakc\u0131 Koleksiyonu, Istanbul<br>Tavilo\u011flu Koleksiyonu, Istanbul<br>M\u00fcnchner Stadtmuseum<br>Thomas-Mann-Haus, M\u00fcnchen<br>Sammlung N\u00fcrnberger Hypothekenbank<br>Deutsche Aerospace GmbH, Ottobrun<br>Goethe-Institut Porto<br>Kreissparkasse Reutlingen<br>Kunstmuseum Reutlingen<br>Goethe-Institut Rotterdam<br>Staatsgalerie Stuttgart<br>Donauschw\u00e4bisches Zentralmuseum Ulm<br>Kunstsammlung Museum Schloessle, Wolfach<br>Museum Wolfach<\/p>\n\n\n\n<p><br><br><br><\/p>\n","protected":false},"excerpt":{"rendered":"<p>Werke in Sammlungen (Auswahl) Frissiras Museum, AthenArtothek des Neuen Berliner Kunstvereins (NBK)Kunstsammlung im Willy-Brandt-Haus, BerlinKupferstichkabinett der Staatlichen Museen zu BerlinKunstmuseum BonnZentrale der Aktion Mensch, BonnIBM Deutschland GmbHLandesbank Hessen-Th\u00fcringen, Frankfurt am MainSammlung Deutsche Bank, Frankfurt am MainKunsthalle GevelsbergG\u00f6teborgs Konstmuseum (Schweden)Emin Hitay Koleksiyonu, IstanbulNahit &amp; H\u00fcma Kabakc\u0131 Koleksiyonu, IstanbulTavilo\u011flu Koleksiyonu, IstanbulM\u00fcnchner StadtmuseumThomas-Mann-Haus, M\u00fcnchenSammlung N\u00fcrnberger HypothekenbankDeutsche Aerospace GmbH, [&hellip;]<\/p>\n","protected":false},"author":1,"featured_media":0,"parent":44330,"menu_order":2,"comment_status":"closed","ping_status":"closed","template":"kuenstler-text.php","meta":{"_acf_changed":false,"footnotes":""},"class_list":["post-44334","page","type-page","status-publish","hentry"],"acf":[],"_links":{"self":[{"href":"https:\/\/poll-berlin.de\/galerie\/wp-json\/wp\/v2\/pages\/44334","targetHints":{"allow":["GET"]}}],"collection":[{"href":"https:\/\/poll-berlin.de\/galerie\/wp-json\/wp\/v2\/pages"}],"about":[{"href":"https:\/\/poll-berlin.de\/galerie\/wp-json\/wp\/v2\/types\/page"}],"author":[{"embeddable":true,"href":"https:\/\/poll-berlin.de\/galerie\/wp-json\/wp\/v2\/users\/1"}],"replies":[{"embeddable":true,"href":"https:\/\/poll-berlin.de\/galerie\/wp-json\/wp\/v2\/comments?post=44334"}],"version-history":[{"count":11,"href":"https:\/\/poll-berlin.de\/galerie\/wp-json\/wp\/v2\/pages\/44334\/revisions"}],"predecessor-version":[{"id":44925,"href":"https:\/\/poll-berlin.de\/galerie\/wp-json\/wp\/v2\/pages\/44334\/revisions\/44925"}],"up":[{"embeddable":true,"href":"https:\/\/poll-berlin.de\/galerie\/wp-json\/wp\/v2\/pages\/44330"}],"wp:attachment":[{"href":"https:\/\/poll-berlin.de\/galerie\/wp-json\/wp\/v2\/media?parent=44334"}],"curies":[{"name":"wp","href":"https:\/\/api.w.org\/{rel}","templated":true}]}}