{"id":44333,"date":"2025-10-15T13:20:53","date_gmt":"2025-10-15T11:20:53","guid":{"rendered":"https:\/\/poll-berlin.de\/galerie\/?page_id=44333"},"modified":"2026-01-20T11:37:09","modified_gmt":"2026-01-20T10:37:09","slug":"ausstellungen","status":"publish","type":"page","link":"https:\/\/poll-berlin.de\/galerie\/weitere-kuenstler\/dieter-mammel\/ausstellungen\/","title":{"rendered":"Ausstellungen"},"content":{"rendered":"\n<p><strong>Einzelausstellungen (Auswahl)<\/strong><\/p>\n\n\n\n<div style=\"height:10px\" aria-hidden=\"true\" class=\"wp-block-spacer\"><\/div>\n\n\n\n<figure class=\"wp-block-table\"><table><tbody><tr><td>2026<\/td><td>Galerie Poll, Berlin<\/td><\/tr><tr><td>2025<\/td><td>Donauschw\u00e4bisches Zentralmuseum Ulm<br>Alexander und Renata Camaro Stiftung, Berlin<\/td><\/tr><tr><td>2024<\/td><td>Muzeul Na\u021bional de Art\u0103 Timi\u0219oara (Rum\u00e4nien)<br>Narodni Muzej Pan\u010devo (Serbien)<br>Galerie H\u00fcbner &amp; H\u00fcbner, Frankfurt am Main<\/td><\/tr><tr><td>2022<\/td><td>Meno Parkas Gallery, Kaunas (Litauen)<\/td><\/tr><tr><td>2019<\/td><td>Galerie Gerken, Berlin<br>Galerie Corona Unger, Bremen<\/td><\/tr><tr><td>2018<\/td><td>Kunstmuseum Reutlingen<\/td><\/tr><tr><td>2016<\/td><td>Weltkulturen Museum, Frankfurt am Main<br>Galerie H\u00fcbner &amp; H\u00fcbner, Frankfurt am Main<br>Bogert Gallery, Knokke (Belgien)&nbsp;<\/td><\/tr><tr><td>2015<\/td><td>C.A.M. Galeri, Istanbul<br>Galerie Gerken, Berlin<br>Galerie Maurits van de Laar, Den Haag<\/td><\/tr><tr><td>2014<\/td><td>Lisa Norris Gallery, London&nbsp;<\/td><\/tr><tr><td>2011<\/td><td>Galerie H\u00fcbner &amp; H\u00fcbner, Frankfurt am Main<\/td><\/tr><tr><td>2010<\/td><td>Osthaus Museum Hagen<br>Pera-Museum, Istanbul<\/td><\/tr><tr><td>2009<\/td><td>Galerie H\u00fcbner &amp; H\u00fcbner, Frankfurt am Main<br>Kunstverein M\u00fcnsterland<br>Kunsthaus Potsdam<\/td><\/tr><tr><td>2007<\/td><td>Galerie Maurits van de Laar, Den Haag<br>Goethe-Institut Rotterdam (mit Anne Wenzel)<br>C.A.M. Galeri, Istanbul<\/td><\/tr><tr><td>2006<\/td><td>Thanassis Frissiras Gallery, Athen<br>Galerie Seitz &amp; Partner, Berlin<br>Galleri Franz Pedersen, Horsens (D\u00e4nemark)<\/td><\/tr><tr><td>2005<\/td><td>Galerie Gerken Berlin (mit Werner Pokorny )<br>St\u00e4dtische Pinakothek Athen<br>Christopher Cutts Gallery, Toronto &nbsp;<\/td><\/tr><tr><td>2004<\/td><td>Galerie H\u00fcbner, Frankfurt am Main<br>St\u00e4dtisches Kunstmuseum Spendhaus Reutlingen<\/td><\/tr><tr><td>2003<\/td><td>Kunstmuseum Bonn<br>Stiftung St. Matth\u00e4us, Kulturforum Berlin<br>Museum am Ostwall, Dortmund<\/td><\/tr><tr><td>2002<\/td><td>Galerie Maurits van de Laar, Den Haag<br>Galerie Schloss Mochental, Ehingen<\/td><\/tr><tr><td>2001<\/td><td>Galerie Seitz &amp; Partner, Berlin<br>Christopher Cutts Gallery, Toronto<br>Monique Goldstrom Gallery, New York City<\/td><\/tr><tr><td>1999<\/td><td>Goldstrom Gallery, New York City<\/td><\/tr><tr><td>1998<\/td><td>Kunstverein Friedrichshaven<br>Goethe-Institut Krakau (mit Cornelia Schleime) <\/td><\/tr><tr><td>1997<\/td><td>Hans-Thoma-Gesellschaft, Reutlingen<br>Galerie Johannes Zielke, Berlin<br>Kunsthalle G\u00f6teborg (Schweden)<\/td><\/tr><tr><td>1996<\/td><td>Galerie Maurits van de Laar, Den Haag<br>Goethe-Institut Rotterdam<\/td><\/tr><tr><td>1994<\/td><td>Galerie Tilly Haderek, Stuttgart<br>Kunstverein Pforzheim im Reuchlinhaus<\/td><\/tr><tr><td>1993<\/td><td>Leopold-Hoesch-Museum, D\u00fcren<br>Galerie Diferenca, Lissabon<br>Goethe-Institut Porto<\/td><\/tr><tr><td>1992<\/td><td>Albrecht-D\u00fcrer-Gesellschaft, N\u00fcrnberg<br>St\u00e4dtische Galerie Villa Streccius, Landau<\/td><\/tr><tr><td>1990<\/td><td>Universit\u00e4tsmuseum, Leningrad<\/td><\/tr><tr><td>1989<\/td><td>Galerie Schloss Mochental, Ehingen<\/td><\/tr><tr><td>1988<\/td><td>Galerie Michael Hasenclever, M\u00fcnchen<\/td><\/tr><\/tbody><\/table><\/figure>\n\n\n\n<div style=\"height:10px\" aria-hidden=\"true\" class=\"wp-block-spacer\"><\/div>\n\n\n\n<p><strong>Gruppenausstellungen (Auswahl)<\/strong><\/p>\n\n\n\n<div style=\"height:10px\" aria-hidden=\"true\" class=\"wp-block-spacer\"><\/div>\n\n\n\n<figure class=\"wp-block-table\"><table><tbody><tr><td>2025<\/td><td>Studio im Hochhaus, Berlin<br>C.A.M. Galeri, Istanbul<\/td><\/tr><tr><td>2024<\/td><td>Galerie H\u00fcbner &amp; H\u00fcbner, Frankfurt am Main<br>Feshane Art\u0130stanbul<br>Marburger Kunstverein<\/td><\/tr><tr><td>2023<\/td><td>Kunstmuseum Reutlingen<\/td><\/tr><tr><td>2021-2023<\/td><td>Kunstmuseum Reutlingen<\/td><\/tr><tr><td>2019<\/td><td>Museum im Schloss Wolfach<\/td><\/tr><tr><td>2018<\/td><td>Weltkulturen Museum, Frankfurt am Main<br>C.A.M. Galeri Istanbul<br>Galerie Gerken, Berlin<br>Galerie Maurits van de Laar, Den Haag<\/td><\/tr><tr><td>2017<\/td><td>Galerie H\u00fcbner &amp; H\u00fcbner, Frankfurt am Main<br>Kunstverein Bad Nauheim<\/td><\/tr><tr><td>2016<\/td><td>Lisa Norris Gallery, London<br>Museum Wolfach<\/td><\/tr><tr><td>2015<\/td><td>St\u00e4dtisches Kunstmuseum Reutlingen<br>Kunstverein Speyer<br>C.A.M. Galeri, Istanbul<\/td><\/tr><tr><td>2014<\/td><td>Galerie H\u00fcbner &amp; H\u00fcbner, Frankfurt am Main<br>LOOCK Galerie, Berlin<br>Galerie Springer, Berlin<br>Kunstmuseum Ahrenshoop<\/td><\/tr><tr><td>2013<\/td><td>St\u00e4dtische Galerie Offenburg<br>M\u00e4rkisches Museum Witten<br>Centre de la Gravure de l&#8217;image imprim\u00e9e, La Louvi\u00e8re (Belgien)<\/td><\/tr><tr><td>2012<\/td><td>Galerie H\u00fcbner &amp; H\u00fcbner, Frankfurt am Main<br>Museum Marta Herford<br>Kunstmuseum Reutlingen<br>Richard-Haizmann-Museum, Nieb\u00fcll<\/td><\/tr><tr><td>2010<\/td><td>Kunsthaus Potsdam<br>Galerie Maurits van der Laar, Den Haag<br>Frissiras Museum, Athen<\/td><\/tr><tr><td>2009<\/td><td>Kunstverein Reutlingen<br>Museum Schloss Corvey, H\u00f6xter<br>Galerie Seitz &amp; Partner, Berlin<\/td><\/tr><tr><td>2007<\/td><td>Akademie der K\u00fcnste, Berlin<br>Galerie H\u00fcbner, Frankfurt am Main<br>St\u00e4dtisches Kunstmuseum Reutlingen<br>Neue S\u00e4chsische Galerie, Chemnitz<\/td><\/tr><tr><td>2006<\/td><td>Galerie Conrads, D\u00fcsseldorf<br>Thomas-Mann-Haus, M\u00fcnchen<\/td><\/tr><tr><td>2005<\/td><td>Kunsthalle Brennabor, Brandenburg<br>Kunsthaus Potsdam<br>Galerie Gerken, Berlin<br>XIV. Deutsche Internationale Grafik-Triennale, Frechen<br>Frissiras Museum, Athen<br>Galerie Seitz &amp; Partner<br>Frisia Museum, Spanbroek (Niederlande)<\/td><\/tr><tr><td>2004<\/td><td>Kunsthalle Mannheim<\/td><\/tr><tr><td>2003<\/td><td>Fukumitsu Art Museum, Nanto (Japan)<br>Mus\u00e9e Pierre-No\u00ebl, Saint-Di\u00e8-des-Vosges (Frankreich)<br>Chelsea Art Museum, New York City<br>Hans-Thoma-Gesellschaft &#8211; Kunstverein Reutlingen<\/td><\/tr><tr><td>2000<\/td><td>St\u00e4dtisches Kunstmuseum Reutlingen<br>M. J. Wewerka Galerie, Berlin<br>Galerie Insel, Stuttgart<\/td><\/tr><tr><td>1999<\/td><td>Goldstrom Gallery, New York City<br>K\u00fcnstlerwerkstatt im Bahnhof Westend, Berlin<br>Gallery 224, Laguna Beach, Los Angeles&nbsp;<\/td><\/tr><tr><td>1998<\/td><td>Galerie Johannes Zielke, Berlin<br>Goldstrom Gallery, New York City<\/td><\/tr><tr><td>1997<\/td><td>Galerie Maurits van de Laar, Den Haag<br>K\u00fcnstlerhaus Sootb\u00f6rn, Hamburg<\/td><\/tr><tr><td>1996<\/td><td>Heidelberger Kunstverein<br>Lindenau Museum, Altenburg<br>Galerie Tammen &amp; Busch, Berlin<\/td><\/tr><tr><td>1994<\/td><td>Kunstverein Mainz<\/td><\/tr><tr><td>1992<\/td><td>Kunstverein Jena<br>Akademie der K\u00fcnste, Berlin<\/td><\/tr><tr><td>1991<\/td><td>Bor\u00e5s Konstmuseum (Schweden)<br>Berlinische Galerie im Martin-Gropius-Bau, Berlin<br>Neue Darmst\u00e4dter Sezession<br>Otto Nagel Galerie, Berlin<\/td><\/tr><tr><td>1990<\/td><td>Museum Fodor, Amsterdam<\/td><\/tr><tr><td>1989<\/td><td>Gro\u00dfe Kunstausstellung M\u00fcnchen<\/td><\/tr><tr><td>1988<\/td><td>5. Nationale der Zeichnung, Augsburg<\/td><\/tr><tr><td>1987<\/td><td>St\u00e4dtisches Kunstmuseum Reutlingen<\/td><\/tr><tr><td>1985<\/td><td>Biennale des Friedens, Kunstverein Hamburg<\/td><\/tr><\/tbody><\/table><\/figure>\n","protected":false},"excerpt":{"rendered":"<p>Einzelausstellungen (Auswahl) 2026 Galerie Poll, Berlin 2025 Donauschw\u00e4bisches Zentralmuseum UlmAlexander und Renata Camaro Stiftung, Berlin 2024 Muzeul Na\u021bional de Art\u0103 Timi\u0219oara (Rum\u00e4nien)Narodni Muzej Pan\u010devo (Serbien)Galerie H\u00fcbner &amp; H\u00fcbner, Frankfurt am Main 2022 Meno Parkas Gallery, Kaunas (Litauen) 2019 Galerie Gerken, BerlinGalerie Corona Unger, Bremen 2018 Kunstmuseum Reutlingen 2016 Weltkulturen Museum, Frankfurt am MainGalerie H\u00fcbner &amp; [&hellip;]<\/p>\n","protected":false},"author":1,"featured_media":0,"parent":44330,"menu_order":1,"comment_status":"closed","ping_status":"closed","template":"kuenstler-text.php","meta":{"_acf_changed":false,"footnotes":""},"class_list":["post-44333","page","type-page","status-publish","hentry"],"acf":[],"_links":{"self":[{"href":"https:\/\/poll-berlin.de\/galerie\/wp-json\/wp\/v2\/pages\/44333","targetHints":{"allow":["GET"]}}],"collection":[{"href":"https:\/\/poll-berlin.de\/galerie\/wp-json\/wp\/v2\/pages"}],"about":[{"href":"https:\/\/poll-berlin.de\/galerie\/wp-json\/wp\/v2\/types\/page"}],"author":[{"embeddable":true,"href":"https:\/\/poll-berlin.de\/galerie\/wp-json\/wp\/v2\/users\/1"}],"replies":[{"embeddable":true,"href":"https:\/\/poll-berlin.de\/galerie\/wp-json\/wp\/v2\/comments?post=44333"}],"version-history":[{"count":26,"href":"https:\/\/poll-berlin.de\/galerie\/wp-json\/wp\/v2\/pages\/44333\/revisions"}],"predecessor-version":[{"id":45063,"href":"https:\/\/poll-berlin.de\/galerie\/wp-json\/wp\/v2\/pages\/44333\/revisions\/45063"}],"up":[{"embeddable":true,"href":"https:\/\/poll-berlin.de\/galerie\/wp-json\/wp\/v2\/pages\/44330"}],"wp:attachment":[{"href":"https:\/\/poll-berlin.de\/galerie\/wp-json\/wp\/v2\/media?parent=44333"}],"curies":[{"name":"wp","href":"https:\/\/api.w.org\/{rel}","templated":true}]}}