{"id":44332,"date":"2025-10-14T18:24:26","date_gmt":"2025-10-14T16:24:26","guid":{"rendered":"https:\/\/poll-berlin.de\/galerie\/?page_id=44332"},"modified":"2025-11-12T13:57:37","modified_gmt":"2025-11-12T12:57:37","slug":"biografie","status":"publish","type":"page","link":"https:\/\/poll-berlin.de\/galerie\/weitere-kuenstler\/dieter-mammel\/biografie\/","title":{"rendered":"Biografie"},"content":{"rendered":"\n<p><strong>Biografie<\/strong><\/p>\n\n\n\n<div style=\"height:10px\" aria-hidden=\"true\" class=\"wp-block-spacer\"><\/div>\n\n\n\n<figure class=\"wp-block-table\"><table><tbody><tr><td>1965<\/td><td>geboren in Reutlingen<\/td><\/tr><tr><td>1986-1991<\/td><td>Studium der Freien Graphik und der Malerei an der Staatliche Akademie der Bildenden K\u00fcnste Stuttgart bei Prof. Rudolf Schoofs und K. R. H. Sonderborg und an der Hochschule der K\u00fcnste Berlin bei Prof. Marwan Kassab-Bachi<\/td><\/tr><tr><td>1991<\/td><td>Meistersch\u00fcler an der Hochschule der K\u00fcnste Berlin bei Prof. Marwan Kassab-Bachi<\/td><\/tr><tr><td>1998-2002<\/td><td>Lehrauftrag f\u00fcr Malerei und Kunstgeschichte an der Mediadesign Akademie, Berlin<\/td><\/tr><tr><td>seit 2013<\/td><td>Atelier im ATELIERFRANKFURT, Frankfurt am Main<\/td><\/tr><tr><td>2015-2016<\/td><td>Fl\u00fcchtlingsprojekt \u201eZeig mir, woher Du kommst\u201c in Kooperation mit dem Haus am Waldsee, Berlin<\/td><\/tr><tr><td>2020-2021<\/td><td>Bau eines eigenen Ateliers in Berlin<\/td><\/tr><\/tbody><\/table><\/figure>\n\n\n\n<p>Dieter Mammel lebt und arbeitet in Berlin und Frankfurt am Main.<\/p>\n\n\n\n<div style=\"height:10px\" aria-hidden=\"true\" class=\"wp-block-spacer\"><\/div>\n\n\n\n<p><strong>Preise und Stipendien<\/strong><\/p>\n\n\n\n<div style=\"height:10px\" aria-hidden=\"true\" class=\"wp-block-spacer\"><\/div>\n\n\n\n<figure class=\"wp-block-table\"><table><tbody><tr><td>2007-2012<\/td><td>Atelierstipendium der Stadt Frankfurt am Main<\/td><\/tr><tr><td>2000-2004<\/td><td>Atelierstipendium des Senats f\u00fcr Wissenschaft, Forschung und Kultur, Berlin<\/td><\/tr><tr><td>1998-2000<\/td><td>Stipendium der Karl Hofer Gesellschaft, Berlin<\/td><\/tr><tr><td>1997-2003<\/td><td>Atelierstipendium des Senats f\u00fcr Wissenschaft, Forschung und Kultur, Berlin<\/td><\/tr><tr><td>1993<\/td><td>Arbeitsstipendium des Senats f\u00fcr Kulturelle Angelegenheiten, Berlin<\/td><\/tr><tr><td>1991<\/td><td>Villa-Serpentara-Stipendium der Berliner Akademie der K\u00fcnste, Olevano<\/td><\/tr><\/tbody><\/table><\/figure>\n","protected":false},"excerpt":{"rendered":"<p>Biografie 1965 geboren in Reutlingen 1986-1991 Studium der Freien Graphik und der Malerei an der Staatliche Akademie der Bildenden K\u00fcnste Stuttgart bei Prof. Rudolf Schoofs und K. R. H. Sonderborg und an der Hochschule der K\u00fcnste Berlin bei Prof. Marwan Kassab-Bachi 1991 Meistersch\u00fcler an der Hochschule der K\u00fcnste Berlin bei Prof. Marwan Kassab-Bachi 1998-2002 Lehrauftrag [&hellip;]<\/p>\n","protected":false},"author":1,"featured_media":0,"parent":44330,"menu_order":0,"comment_status":"closed","ping_status":"closed","template":"kuenstler-text.php","meta":{"_acf_changed":false,"footnotes":""},"class_list":["post-44332","page","type-page","status-publish","hentry"],"acf":[],"_links":{"self":[{"href":"https:\/\/poll-berlin.de\/galerie\/wp-json\/wp\/v2\/pages\/44332","targetHints":{"allow":["GET"]}}],"collection":[{"href":"https:\/\/poll-berlin.de\/galerie\/wp-json\/wp\/v2\/pages"}],"about":[{"href":"https:\/\/poll-berlin.de\/galerie\/wp-json\/wp\/v2\/types\/page"}],"author":[{"embeddable":true,"href":"https:\/\/poll-berlin.de\/galerie\/wp-json\/wp\/v2\/users\/1"}],"replies":[{"embeddable":true,"href":"https:\/\/poll-berlin.de\/galerie\/wp-json\/wp\/v2\/comments?post=44332"}],"version-history":[{"count":13,"href":"https:\/\/poll-berlin.de\/galerie\/wp-json\/wp\/v2\/pages\/44332\/revisions"}],"predecessor-version":[{"id":44778,"href":"https:\/\/poll-berlin.de\/galerie\/wp-json\/wp\/v2\/pages\/44332\/revisions\/44778"}],"up":[{"embeddable":true,"href":"https:\/\/poll-berlin.de\/galerie\/wp-json\/wp\/v2\/pages\/44330"}],"wp:attachment":[{"href":"https:\/\/poll-berlin.de\/galerie\/wp-json\/wp\/v2\/media?parent=44332"}],"curies":[{"name":"wp","href":"https:\/\/api.w.org\/{rel}","templated":true}]}}