{"id":43539,"date":"2025-07-16T14:55:13","date_gmt":"2025-07-16T12:55:13","guid":{"rendered":"https:\/\/poll-berlin.de\/galerie\/?page_id=43539"},"modified":"2025-10-08T14:48:07","modified_gmt":"2025-10-08T12:48:07","slug":"works-in-collections","status":"publish","type":"page","link":"https:\/\/poll-berlin.de\/galerie\/en\/other-artists\/a-r-penck\/works-in-collections\/","title":{"rendered":"Works in collections"},"content":{"rendered":"\n<p><strong>Works in collections<\/strong><\/p>\n\n\n\n<p>Stedelijk Museum, Amsterdam<br>Walter Art Museum<br>Art Library of the Berlin State Museums<br>Museum of Prints and Drawings of the Berlin State Museums<br>Ingrid and Dr. Georg B\u00f6ckmann Collection, Berlin<br>Erika and Rolf Hoffmann Collection, Berlin<br>The Contemporary Art Collection of the Federal Republic of Germany, Bonn<br>Collection of Contemporary Art, European Parliament, Brussels<br>Museum of Contemporary Art, Chicago<br>Gemeentemuseum, Den Haag (Netherlands)<br>Albertinum of the Dresden State Art Collections<br>Archive of the Avant-Gardes \u2013 Egidio Marzona, Dresden<br>Museum of Prints and Drawings of the Dresden State Art Collections<br>Sculpture Collection of the Dresden State Art Collections<br>Dresden Municipal Gallery<br>Museum K\u00fcppersm\u00fchle for Modern Art, Duisburg<br>Van Abbemuseum, Eindhoven (Netherlands)<br>Erlangen Municipal Collection<br>Museum Folkwang, Essen<br>Art Collection oft the German Federal Bank, Frankfurt am Main<br>Museum of Modern Art, Frankfurt am Main<br>Deutsche Bank Collection, Frankfurt am Main<br>St\u00e4del Museum, Frankfurt am Main<br>Hamburger Kunsthalle<br>Heilbronn Municipal Museums<br>Louisiana Museum of Modern Art, Humleb\u00e6k (Denmark)<br>ZKM | Center for Art and Media Karlsruhe<br>Museum Ludwig, Cologne<br>The Tate Gallery, London<br>National Gallery of Victoria, Melbourne<br>Bavarian State Painting Collections, Munich<br>Pinakothek der Moderne, Munich<br>The Metropolitan Museum of Art, New York City<br>Museum of Modern Art, New York City<br>Neues Museum Nuremberg<br>Mus\u00e9e d\u2019Art Moderne de la Ville de Paris<br>Museum Boijmans Van Beuningen, Rotterdam<br>National Museum of Modern and Contemporary Art, Seoul<br>Saint Louis Art Museum, St. Louis (USA)<br>Mus\u00e9e d&#8217;Art Moderne et Contemporain, Strasbourg<br>Daimler Art Collection, Stuttgart<br>Liechtenstein Art Museum, Vaduz<br>Museum of Modern Art, Ludwig Foundation, Vienna<br>Stuttgart State Gallery<br>Kunsthaus Z\u00fcrich<br>Flick Collection, Z\u00fcrich<br>Migros Museum of Contemporary Art, Z\u00fcrich<\/p>\n","protected":false},"excerpt":{"rendered":"<p>Works in collections Stedelijk Museum, AmsterdamWalter Art MuseumArt Library of the Berlin State MuseumsMuseum of Prints and Drawings of the Berlin State MuseumsIngrid and Dr. Georg B\u00f6ckmann Collection, BerlinErika and Rolf Hoffmann Collection, BerlinThe Contemporary Art Collection of the Federal Republic of Germany, BonnCollection of Contemporary Art, European Parliament, BrusselsMuseum of Contemporary Art, ChicagoGemeentemuseum, Den [&hellip;]<\/p>\n","protected":false},"author":2,"featured_media":0,"parent":28470,"menu_order":2,"comment_status":"closed","ping_status":"closed","template":"kuenstler-text.php","meta":{"_acf_changed":false,"footnotes":""},"class_list":["post-43539","page","type-page","status-publish","hentry"],"acf":[],"_links":{"self":[{"href":"https:\/\/poll-berlin.de\/galerie\/wp-json\/wp\/v2\/pages\/43539","targetHints":{"allow":["GET"]}}],"collection":[{"href":"https:\/\/poll-berlin.de\/galerie\/wp-json\/wp\/v2\/pages"}],"about":[{"href":"https:\/\/poll-berlin.de\/galerie\/wp-json\/wp\/v2\/types\/page"}],"author":[{"embeddable":true,"href":"https:\/\/poll-berlin.de\/galerie\/wp-json\/wp\/v2\/users\/2"}],"replies":[{"embeddable":true,"href":"https:\/\/poll-berlin.de\/galerie\/wp-json\/wp\/v2\/comments?post=43539"}],"version-history":[{"count":4,"href":"https:\/\/poll-berlin.de\/galerie\/wp-json\/wp\/v2\/pages\/43539\/revisions"}],"predecessor-version":[{"id":44280,"href":"https:\/\/poll-berlin.de\/galerie\/wp-json\/wp\/v2\/pages\/43539\/revisions\/44280"}],"up":[{"embeddable":true,"href":"https:\/\/poll-berlin.de\/galerie\/wp-json\/wp\/v2\/pages\/28470"}],"wp:attachment":[{"href":"https:\/\/poll-berlin.de\/galerie\/wp-json\/wp\/v2\/media?parent=43539"}],"curies":[{"name":"wp","href":"https:\/\/api.w.org\/{rel}","templated":true}]}}