{"id":43405,"date":"2025-07-09T14:14:49","date_gmt":"2025-07-09T12:14:49","guid":{"rendered":"https:\/\/poll-berlin.de\/galerie\/?page_id=43405"},"modified":"2025-10-08T14:44:30","modified_gmt":"2025-10-08T12:44:30","slug":"works-in-collections","status":"publish","type":"page","link":"https:\/\/poll-berlin.de\/galerie\/en\/other-artists\/peter-klasen\/works-in-collections\/","title":{"rendered":"Works in collections"},"content":{"rendered":"\n<p><strong>Works in collection (selection)<\/strong><\/p>\n\n\n\n<p>Ludwig Collection, Aachen (France)<br>Museum of Prints and Drawings of the Berlin State Museums<br>The Contemporary Art Collection of the Federal Republic of Germany, Bonn<br>Art and Design Atomium Museum, Brussels<br>Palais des Beaux-Arts, Brussels<br>P\u2019Art Sino-Fran\u00e7ais, Canton (China)<br>Frac Auvergne, Clermont-Ferrand (France)<br>Mus\u00e9e CCC, Cuauht\u00e9moc (Mexiko)<br>Karl Str\u00f6her Collection, Darmstadt<br>Stiftung Wilhelm Lehmbruck Museum, Duisburg<br>Fondation Gandur pour l\u2019Art, Geneva<br>National Museum of Fine Arts, Havana<br>Ito Cultural Foundation, Himeji (Japan)<br>Kunsthalle zu Kiel<br>Ludwig Museum, Koblenz<br>Morsbroich Castle Municipal Museum, Leverkusen<br>Mus\u00e9e des Beaux-Arts de Li\u00e8ge (Belgium)<br>Berardo Collection Museum, Lisbon<br>Museum of Art, Lodz (Poland)<br>Victoria and Albert Museum, London<br>Behnhaus Museum, L\u00fcbeck<br>National Museum of History and Art<strong> <\/strong>(Luxembourg)<br>Frac Rh\u00f4ne-Alpes, Lyon (France)<br>Centre Pompidou M\u00e1laga (Spain)<br>Frac Provence-C\u00f4te d\u2019Azur, Marseille<br>Mus\u00e9e Cantini, Marseille<br>Frac Lorraine, Metz (France)<br>Mus\u00e9e des Beaux-Arts de Mons (Belgium)<br>Mus\u00e9e des Beaux-Arts de Nantes<br>Museum of Modern Art, New York City<br>Kunsthalle N\u00fcrnberg<br>Ludwig Collection of the Oberhausen Municipal Gallery<br>Provinciaal Museum voor Moderne Kunst, Ostende<br>National Assembly, Paris<br>Biblioth\u00e8que nationale de France, Paris<br>Centre Georges Pompidou, Paris<br>Fonds national d\u2019art contemporain, Paris<br>Maison Europ\u00e9enne de la Photographie, Paris<br>Mus\u00e9e d\u2019Art Moderne de la Ville de Paris<br>Kunsthalle Recklinghausen<br>Frac Champagne-Ardenne, Reims<br>Schlumberger Research Center, Ridgefield (USA)<br>Museum Boijmans Van Beuningen, Rotterdam<br>Fondation Maeght, Saint-Paul-de-Vence (France)<br>Museo de la Solidaridad Salvador Allende, Santiago<br>The Schleswig-Holstein State Museums Foundation, Schleswig<br>National Museum of Modern and Contemporary Art, Seoul<br>Strasbourg Museum of Modern Art<br>Tel Aviv Museum of Art (Israel)<br>Hara Museum of Contemporary Art, Tokyo<br>Hedendaagse Kunst Utrecht<br>Museum of Modern Art, Ludwig Foundation, Vienna<\/p>\n","protected":false},"excerpt":{"rendered":"<p>Works in collection (selection) Ludwig Collection, Aachen (France)Museum of Prints and Drawings of the Berlin State MuseumsThe Contemporary Art Collection of the Federal Republic of Germany, BonnArt and Design Atomium Museum, BrusselsPalais des Beaux-Arts, BrusselsP\u2019Art Sino-Fran\u00e7ais, Canton (China)Frac Auvergne, Clermont-Ferrand (France)Mus\u00e9e CCC, Cuauht\u00e9moc (Mexiko)Karl Str\u00f6her Collection, DarmstadtStiftung Wilhelm Lehmbruck Museum, DuisburgFondation Gandur pour l\u2019Art, GenevaNational [&hellip;]<\/p>\n","protected":false},"author":2,"featured_media":0,"parent":28403,"menu_order":2,"comment_status":"closed","ping_status":"closed","template":"kuenstler-text.php","meta":{"_acf_changed":false,"footnotes":""},"class_list":["post-43405","page","type-page","status-publish","hentry"],"acf":[],"_links":{"self":[{"href":"https:\/\/poll-berlin.de\/galerie\/wp-json\/wp\/v2\/pages\/43405","targetHints":{"allow":["GET"]}}],"collection":[{"href":"https:\/\/poll-berlin.de\/galerie\/wp-json\/wp\/v2\/pages"}],"about":[{"href":"https:\/\/poll-berlin.de\/galerie\/wp-json\/wp\/v2\/types\/page"}],"author":[{"embeddable":true,"href":"https:\/\/poll-berlin.de\/galerie\/wp-json\/wp\/v2\/users\/2"}],"replies":[{"embeddable":true,"href":"https:\/\/poll-berlin.de\/galerie\/wp-json\/wp\/v2\/comments?post=43405"}],"version-history":[{"count":7,"href":"https:\/\/poll-berlin.de\/galerie\/wp-json\/wp\/v2\/pages\/43405\/revisions"}],"predecessor-version":[{"id":44278,"href":"https:\/\/poll-berlin.de\/galerie\/wp-json\/wp\/v2\/pages\/43405\/revisions\/44278"}],"up":[{"embeddable":true,"href":"https:\/\/poll-berlin.de\/galerie\/wp-json\/wp\/v2\/pages\/28403"}],"wp:attachment":[{"href":"https:\/\/poll-berlin.de\/galerie\/wp-json\/wp\/v2\/media?parent=43405"}],"curies":[{"name":"wp","href":"https:\/\/api.w.org\/{rel}","templated":true}]}}