{"id":43350,"date":"2025-07-08T12:02:10","date_gmt":"2025-07-08T10:02:10","guid":{"rendered":"https:\/\/poll-berlin.de\/galerie\/?page_id=43350"},"modified":"2025-07-22T17:06:17","modified_gmt":"2025-07-22T15:06:17","slug":"works-in-collections","status":"publish","type":"page","link":"https:\/\/poll-berlin.de\/galerie\/en\/other-artists\/erro\/works-in-collections\/","title":{"rendered":"Works in collections"},"content":{"rendered":"\n<p><strong>Works in collections<\/strong><\/p>\n\n\n\n<p>Mus\u00e9e d&#8217;art moderne de Lille (France)<br>Frac Languedoc-Roussillon, Montpellier<br>Centre Georges Pompidou, Paris<br>Mus\u00e9e r\u00e9gional d&#8217;art contemporain, S\u00e9rignan<br>Moderna Museet, Stockholm<br>Les Abattoirs &#8211; Frac Midi-Pyr\u00e9n\u00e9es, Toulouse<br>Mart\u00ednez Guerricabeitia Collection, Valencia<\/p>\n","protected":false},"excerpt":{"rendered":"<p>Works in collections Mus\u00e9e d&#8217;art moderne de Lille (France)Frac Languedoc-Roussillon, MontpellierCentre Georges Pompidou, ParisMus\u00e9e r\u00e9gional d&#8217;art contemporain, S\u00e9rignanModerna Museet, StockholmLes Abattoirs &#8211; Frac Midi-Pyr\u00e9n\u00e9es, ToulouseMart\u00ednez Guerricabeitia Collection, Valencia<\/p>\n","protected":false},"author":2,"featured_media":0,"parent":25474,"menu_order":2,"comment_status":"closed","ping_status":"closed","template":"kuenstler-text.php","meta":{"_acf_changed":false,"footnotes":""},"class_list":["post-43350","page","type-page","status-publish","hentry"],"acf":[],"_links":{"self":[{"href":"https:\/\/poll-berlin.de\/galerie\/wp-json\/wp\/v2\/pages\/43350","targetHints":{"allow":["GET"]}}],"collection":[{"href":"https:\/\/poll-berlin.de\/galerie\/wp-json\/wp\/v2\/pages"}],"about":[{"href":"https:\/\/poll-berlin.de\/galerie\/wp-json\/wp\/v2\/types\/page"}],"author":[{"embeddable":true,"href":"https:\/\/poll-berlin.de\/galerie\/wp-json\/wp\/v2\/users\/2"}],"replies":[{"embeddable":true,"href":"https:\/\/poll-berlin.de\/galerie\/wp-json\/wp\/v2\/comments?post=43350"}],"version-history":[{"count":2,"href":"https:\/\/poll-berlin.de\/galerie\/wp-json\/wp\/v2\/pages\/43350\/revisions"}],"predecessor-version":[{"id":43615,"href":"https:\/\/poll-berlin.de\/galerie\/wp-json\/wp\/v2\/pages\/43350\/revisions\/43615"}],"up":[{"embeddable":true,"href":"https:\/\/poll-berlin.de\/galerie\/wp-json\/wp\/v2\/pages\/25474"}],"wp:attachment":[{"href":"https:\/\/poll-berlin.de\/galerie\/wp-json\/wp\/v2\/media?parent=43350"}],"curies":[{"name":"wp","href":"https:\/\/api.w.org\/{rel}","templated":true}]}}