{"id":43178,"date":"2025-06-25T16:10:01","date_gmt":"2025-06-25T14:10:01","guid":{"rendered":"https:\/\/poll-berlin.de\/galerie\/?page_id=43178"},"modified":"2025-07-22T17:05:19","modified_gmt":"2025-07-22T15:05:19","slug":"works-in-collections","status":"publish","type":"page","link":"https:\/\/poll-berlin.de\/galerie\/en\/other-artists\/rafael-canogar\/works-in-collections\/","title":{"rendered":"Works in collections"},"content":{"rendered":"\n<p><strong>Works in collections<\/strong><\/p>\n\n\n\n<p>Museo de Arte Contempor\u00e1neo, Alicante<br>Fundaci\u00f3 \u201ela Caixa\u201c, Barcelona<br>Artothek of the New Berlin Art Association (NBK)<br>Museo de Bellas Artes, Bilbao<br>Kunstmuseum Bochum<br>Museo de Arte Moderno, Bogot\u00e1 (Colombia)<br>Museo d\u2019Arte Moderna, Bologna<br>Museo de Bellas Artes, Caracas<br>Museum of Modern Art, Frankfurt am Main<br>Gothenburg Museum of Art<br>Hamburger Kunsthalle<br>Israel Museum, Jerusalem<br>Museo de Arte Contempor\u00e1neo, Lima<br>Colecci\u00f3n Banco de Espa\u00f1a, Madrid<br>Museo de la Real Academia de Bellas Artes, Madrid<br>Museo Municipal de Arte Contempor\u00e1neo, Madrid<br>Museo Nacional Centro de Arte Reina Sof\u00eda, Madrid<br>Patrimonio Nacional, Madrid<br>Museum of Modern Art, New York City<br>Es Baluard Museu d&#8217;Art Contemporani, Palma<br>Centre Georges Pompidou, Paris<br>Ludwig Museum for International Art, Beijing<br>Museo de Arte Moderno, Santo Domingo<br>Museu de Arte Moderna de S\u00e3o Paulo<br>National Museum of Modern and Contemporary Art, Seoul<br>Museum of Contemporary Art, Skopie<br>Real Fundaci\u00f3n Toledo (Spanien)<br>Galleria Civica d\u2019Arte Moderna e Contemporanea, Turin<br>Mart\u00ednez Guerricabeitia Collection, Valencia<\/p>\n","protected":false},"excerpt":{"rendered":"<p>Works in collections Museo de Arte Contempor\u00e1neo, AlicanteFundaci\u00f3 \u201ela Caixa\u201c, BarcelonaArtothek of the New Berlin Art Association (NBK)Museo de Bellas Artes, BilbaoKunstmuseum BochumMuseo de Arte Moderno, Bogot\u00e1 (Colombia)Museo d\u2019Arte Moderna, BolognaMuseo de Bellas Artes, CaracasMuseum of Modern Art, Frankfurt am MainGothenburg Museum of ArtHamburger KunsthalleIsrael Museum, JerusalemMuseo de Arte Contempor\u00e1neo, LimaColecci\u00f3n Banco de Espa\u00f1a, MadridMuseo [&hellip;]<\/p>\n","protected":false},"author":2,"featured_media":0,"parent":28317,"menu_order":2,"comment_status":"closed","ping_status":"closed","template":"kuenstler-text.php","meta":{"_acf_changed":false,"footnotes":""},"class_list":["post-43178","page","type-page","status-publish","hentry"],"acf":[],"_links":{"self":[{"href":"https:\/\/poll-berlin.de\/galerie\/wp-json\/wp\/v2\/pages\/43178","targetHints":{"allow":["GET"]}}],"collection":[{"href":"https:\/\/poll-berlin.de\/galerie\/wp-json\/wp\/v2\/pages"}],"about":[{"href":"https:\/\/poll-berlin.de\/galerie\/wp-json\/wp\/v2\/types\/page"}],"author":[{"embeddable":true,"href":"https:\/\/poll-berlin.de\/galerie\/wp-json\/wp\/v2\/users\/2"}],"replies":[{"embeddable":true,"href":"https:\/\/poll-berlin.de\/galerie\/wp-json\/wp\/v2\/comments?post=43178"}],"version-history":[{"count":2,"href":"https:\/\/poll-berlin.de\/galerie\/wp-json\/wp\/v2\/pages\/43178\/revisions"}],"predecessor-version":[{"id":43614,"href":"https:\/\/poll-berlin.de\/galerie\/wp-json\/wp\/v2\/pages\/43178\/revisions\/43614"}],"up":[{"embeddable":true,"href":"https:\/\/poll-berlin.de\/galerie\/wp-json\/wp\/v2\/pages\/28317"}],"wp:attachment":[{"href":"https:\/\/poll-berlin.de\/galerie\/wp-json\/wp\/v2\/media?parent=43178"}],"curies":[{"name":"wp","href":"https:\/\/api.w.org\/{rel}","templated":true}]}}