{"id":43163,"date":"2025-06-25T11:52:05","date_gmt":"2025-06-25T09:52:05","guid":{"rendered":"https:\/\/poll-berlin.de\/galerie\/?page_id=43163"},"modified":"2025-06-25T11:52:59","modified_gmt":"2025-06-25T09:52:59","slug":"work-in-collections","status":"publish","type":"page","link":"https:\/\/poll-berlin.de\/galerie\/en\/other-artists\/jacobo-borges\/work-in-collections\/","title":{"rendered":"Work in collections"},"content":{"rendered":"\n<p><strong>Works in collections<\/strong><\/p>\n\n\n\n<p>Museo de Arte Moderno, Bogot\u00e1 (Colombia)<br>Colecci\u00f3n Patricia Phelps de Cisneros, Caracas<br>Concejo del Municipio Libertador, Caracas<br>Museo de Anzo\u00e1tegui, Barcelona (Venezuela)<br>Smith College Museum of Art, Northampton (England)<br>Museo de Arte Moderno, Mexico City<br>Guggenheim Museum, New York City<br>Museum of Art, Indianapolis (USA)<\/p>\n","protected":false},"excerpt":{"rendered":"<p>Works in collections Museo de Arte Moderno, Bogot\u00e1 (Colombia)Colecci\u00f3n Patricia Phelps de Cisneros, CaracasConcejo del Municipio Libertador, CaracasMuseo de Anzo\u00e1tegui, Barcelona (Venezuela)Smith College Museum of Art, Northampton (England)Museo de Arte Moderno, Mexico CityGuggenheim Museum, New York CityMuseum of Art, Indianapolis (USA)<\/p>\n","protected":false},"author":2,"featured_media":0,"parent":28309,"menu_order":2,"comment_status":"closed","ping_status":"closed","template":"kuenstler-text.php","meta":{"_acf_changed":false,"footnotes":""},"class_list":["post-43163","page","type-page","status-publish","hentry"],"acf":[],"_links":{"self":[{"href":"https:\/\/poll-berlin.de\/galerie\/wp-json\/wp\/v2\/pages\/43163","targetHints":{"allow":["GET"]}}],"collection":[{"href":"https:\/\/poll-berlin.de\/galerie\/wp-json\/wp\/v2\/pages"}],"about":[{"href":"https:\/\/poll-berlin.de\/galerie\/wp-json\/wp\/v2\/types\/page"}],"author":[{"embeddable":true,"href":"https:\/\/poll-berlin.de\/galerie\/wp-json\/wp\/v2\/users\/2"}],"replies":[{"embeddable":true,"href":"https:\/\/poll-berlin.de\/galerie\/wp-json\/wp\/v2\/comments?post=43163"}],"version-history":[{"count":2,"href":"https:\/\/poll-berlin.de\/galerie\/wp-json\/wp\/v2\/pages\/43163\/revisions"}],"predecessor-version":[{"id":43165,"href":"https:\/\/poll-berlin.de\/galerie\/wp-json\/wp\/v2\/pages\/43163\/revisions\/43165"}],"up":[{"embeddable":true,"href":"https:\/\/poll-berlin.de\/galerie\/wp-json\/wp\/v2\/pages\/28309"}],"wp:attachment":[{"href":"https:\/\/poll-berlin.de\/galerie\/wp-json\/wp\/v2\/media?parent=43163"}],"curies":[{"name":"wp","href":"https:\/\/api.w.org\/{rel}","templated":true}]}}