{"id":4310,"date":"2021-10-07T17:10:32","date_gmt":"2021-10-07T15:10:32","guid":{"rendered":"https:\/\/poll-berlin.de\/galerie\/?page_id=4310"},"modified":"2025-07-08T17:19:58","modified_gmt":"2025-07-08T15:19:58","slug":"werke-in-sammlungen","status":"publish","type":"page","link":"https:\/\/poll-berlin.de\/galerie\/weitere-kuenstler\/maxim-kantor\/werke-in-sammlungen\/","title":{"rendered":"Werke in Sammlungen"},"content":{"rendered":"\n<p><strong>Werke in Sammlungen<\/strong><\/p>\n\n\n\n<p>Neue Galerie &#8211; Sammlung Ludwig, Aachen<br>Ulster Museum, Belfast (Irland)<br>Kunstmuseum Bochum<br>Kunsthalle Emden<br>St\u00e4del Museum, Frankfurt am Main<br>Sprengel Museum Hannover<br>Museum der bildenden K\u00fcnste Jekaterinburg (Russland)<br>Museum Ludwig, K\u00f6ln<br>British Museum, London<br>Staatliche Tretjakow-Galerie, Moskau<br>Haggerty Museum of Art, Milwaukee (USA)<br>Staatliche Graphische Sammlung M\u00fcnchen<br>Newport Art Museum (USA)<br>Gem\u00e4ldegalerie, Novosibirsk<br>Staatliche Kunstgalerie Perm (Russland)<br>Vatikanischen Museen, Rom<br>Russisches Museum, St. Petersburg<br>Shedhalle, Z\u00fcrich<\/p>\n","protected":false},"excerpt":{"rendered":"<p>Werke in Sammlungen Neue Galerie &#8211; Sammlung Ludwig, AachenUlster Museum, Belfast (Irland)Kunstmuseum BochumKunsthalle EmdenSt\u00e4del Museum, Frankfurt am MainSprengel Museum HannoverMuseum der bildenden K\u00fcnste Jekaterinburg (Russland)Museum Ludwig, K\u00f6lnBritish Museum, LondonStaatliche Tretjakow-Galerie, MoskauHaggerty Museum of Art, Milwaukee (USA)Staatliche Graphische Sammlung M\u00fcnchenNewport Art Museum (USA)Gem\u00e4ldegalerie, NovosibirskStaatliche Kunstgalerie Perm (Russland)Vatikanischen Museen, RomRussisches Museum, St. PetersburgShedhalle, Z\u00fcrich<\/p>\n","protected":false},"author":1,"featured_media":0,"parent":4306,"menu_order":2,"comment_status":"closed","ping_status":"closed","template":"kuenstler-text.php","meta":{"_acf_changed":false,"footnotes":""},"class_list":["post-4310","page","type-page","status-publish","hentry"],"acf":[],"_links":{"self":[{"href":"https:\/\/poll-berlin.de\/galerie\/wp-json\/wp\/v2\/pages\/4310","targetHints":{"allow":["GET"]}}],"collection":[{"href":"https:\/\/poll-berlin.de\/galerie\/wp-json\/wp\/v2\/pages"}],"about":[{"href":"https:\/\/poll-berlin.de\/galerie\/wp-json\/wp\/v2\/types\/page"}],"author":[{"embeddable":true,"href":"https:\/\/poll-berlin.de\/galerie\/wp-json\/wp\/v2\/users\/1"}],"replies":[{"embeddable":true,"href":"https:\/\/poll-berlin.de\/galerie\/wp-json\/wp\/v2\/comments?post=4310"}],"version-history":[{"count":5,"href":"https:\/\/poll-berlin.de\/galerie\/wp-json\/wp\/v2\/pages\/4310\/revisions"}],"predecessor-version":[{"id":43384,"href":"https:\/\/poll-berlin.de\/galerie\/wp-json\/wp\/v2\/pages\/4310\/revisions\/43384"}],"up":[{"embeddable":true,"href":"https:\/\/poll-berlin.de\/galerie\/wp-json\/wp\/v2\/pages\/4306"}],"wp:attachment":[{"href":"https:\/\/poll-berlin.de\/galerie\/wp-json\/wp\/v2\/media?parent=4310"}],"curies":[{"name":"wp","href":"https:\/\/api.w.org\/{rel}","templated":true}]}}