{"id":42936,"date":"2025-06-06T16:05:28","date_gmt":"2025-06-06T14:05:28","guid":{"rendered":"https:\/\/poll-berlin.de\/galerie\/?page_id=42936"},"modified":"2025-07-09T17:46:28","modified_gmt":"2025-07-09T15:46:28","slug":"works-in-collections","status":"publish","type":"page","link":"https:\/\/poll-berlin.de\/galerie\/en\/other-artists\/susanne-knaack\/works-in-collections\/","title":{"rendered":"Works in collections"},"content":{"rendered":"\n<p><strong>Werke in Sammlungen<\/strong><\/p>\n\n\n\n<p>Artothek of the Communal Gallery Berlin<br>Artothek of the New Berlin Art Association (NBK)<br>Art Collection Verein Berliner K\u00fcnstler, Berlin<br>Kunststiftung Poll, Berlin<br>Art Rental Lichtenberg, Berlin<br>Fundaci\u00f3n Pasaje 865, Buenos Aires<br>HSH Nordbank, Hamburg<br>Euroimmun AG, L\u00fcbeck<br>Reger Gallery, New York City<\/p>\n","protected":false},"excerpt":{"rendered":"<p>Werke in Sammlungen Artothek of the Communal Gallery BerlinArtothek of the New Berlin Art Association (NBK)Art Collection Verein Berliner K\u00fcnstler, BerlinKunststiftung Poll, BerlinArt Rental Lichtenberg, BerlinFundaci\u00f3n Pasaje 865, Buenos AiresHSH Nordbank, HamburgEuroimmun AG, L\u00fcbeckReger Gallery, New York City<\/p>\n","protected":false},"author":2,"featured_media":0,"parent":28411,"menu_order":2,"comment_status":"closed","ping_status":"closed","template":"kuenstler-text.php","meta":{"_acf_changed":false,"footnotes":""},"class_list":["post-42936","page","type-page","status-publish","hentry"],"acf":[],"_links":{"self":[{"href":"https:\/\/poll-berlin.de\/galerie\/wp-json\/wp\/v2\/pages\/42936","targetHints":{"allow":["GET"]}}],"collection":[{"href":"https:\/\/poll-berlin.de\/galerie\/wp-json\/wp\/v2\/pages"}],"about":[{"href":"https:\/\/poll-berlin.de\/galerie\/wp-json\/wp\/v2\/types\/page"}],"author":[{"embeddable":true,"href":"https:\/\/poll-berlin.de\/galerie\/wp-json\/wp\/v2\/users\/2"}],"replies":[{"embeddable":true,"href":"https:\/\/poll-berlin.de\/galerie\/wp-json\/wp\/v2\/comments?post=42936"}],"version-history":[{"count":6,"href":"https:\/\/poll-berlin.de\/galerie\/wp-json\/wp\/v2\/pages\/42936\/revisions"}],"predecessor-version":[{"id":43435,"href":"https:\/\/poll-berlin.de\/galerie\/wp-json\/wp\/v2\/pages\/42936\/revisions\/43435"}],"up":[{"embeddable":true,"href":"https:\/\/poll-berlin.de\/galerie\/wp-json\/wp\/v2\/pages\/28411"}],"wp:attachment":[{"href":"https:\/\/poll-berlin.de\/galerie\/wp-json\/wp\/v2\/media?parent=42936"}],"curies":[{"name":"wp","href":"https:\/\/api.w.org\/{rel}","templated":true}]}}