{"id":42264,"date":"2025-04-21T16:29:54","date_gmt":"2025-04-21T14:29:54","guid":{"rendered":"https:\/\/poll-berlin.de\/galerie\/ausstellungen\/vorschau\/andreas-silbermann\/information\/"},"modified":"2025-06-05T18:32:58","modified_gmt":"2025-06-05T16:32:58","slug":"information","status":"publish","type":"page","link":"https:\/\/poll-berlin.de\/galerie\/ausstellungen\/archiv\/andreas-silbermann-2\/information\/","title":{"rendered":"Information"},"content":{"rendered":"\n<p>\u201eunterwegs\u201c, die zweite Einzelausstellung des Malers Andreas Silbermann in der Galerie Poll, vereint Arbeiten aus den Jahren 2023 bis 2025.<\/p>\n\n\n\n<p>Andreas Silbermann w\u00e4hlt f\u00fcr seine \u00d6lmalerei unspektakul\u00e4re Motive, die nur selten eines Blickes gew\u00fcrdigt werden: Container, Garagen, Airports, Tankstellen, Imbissbuden oder Toilettenh\u00e4uschen.<\/p>\n\n\n\n<p>Die Bildtitel sind kurz und sachlich. Lakonisch benennt der K\u00fcnstler Ort oder dargestellten Gegenstand: \u201eAgip-Tankstelle in Kampanien\u201c, \u201eSch\u00f6nes gelbes Haus\u201c, \u201eGelber Sprungturm\u201c, \u201eLeiter im Nassauhafen\u201c, \u201eRotes Silo\u201c, \u201eStrandbad Wannsee\u201c, \u201eTel Aviv\u201c oder \u201eVenedig\u201c.&nbsp;&nbsp;<\/p>\n\n\n\n<p>Erst durch Silbermanns Komposition und Malweise entstehen bemerkenswerte Bilder: Sehensw\u00fcrdigkeiten im eigentlichen Wortsinn. Gerne w\u00e4hlt er f\u00fcr seine meist auf eigenen Fotografien basierenden Motive kleine oder extreme Formate.&nbsp;<\/p>\n\n\n\n<p>Allt\u00e4gliche Geb\u00e4ude wie Schuppen oder Warteh\u00e4uschen markieren weitr\u00e4umige Fl\u00e4chen, Parkh\u00e4user werden in spektakul\u00e4ren Ausschnitten aus der N\u00e4he dargestellt, manches Detail aus ungew\u00f6hnlicher Perspektive. In seinem Gem\u00e4lde \u201eJFK\u201c verwandelt Silbermann die Start- und Landebahn des New Yorker John F. Kennedy Airports zu einem geometrischen Schnittmusterbogen.&nbsp;&nbsp;&nbsp;<\/p>\n\n\n\n<p>Licht spielt eine zentrale Rolle in Silbermanns Kompositionen. Im raffinierten Wechselspiel von Licht und Schatten und durch eine k\u00fchle Farbgebung scheinen in \u00f6den Gegenden und verwaisten Landschaften besondere Motive auf. In ihrer Farbigkeit und Einfachheit erinnern sie an Stimmung und Atmosph\u00e4re in Bildern des US-amerikanischen Malers Edward Hopper.<\/p>\n\n\n\n<p><strong>Andreas Silbermann,<\/strong> geboren 1964 in Wilhelmshaven, Studium der Malerei an der Hochschule der K\u00fcnste Braunschweig bei Prof. Hermann Albert, lebt und arbeitet in Berlin.<\/p>\n","protected":false},"excerpt":{"rendered":"<p>\u201eunterwegs\u201c, die zweite Einzelausstellung des Malers Andreas Silbermann in der Galerie Poll, vereint Arbeiten aus den Jahren 2023 bis 2025. Andreas Silbermann w\u00e4hlt f\u00fcr seine \u00d6lmalerei unspektakul\u00e4re Motive, die nur selten eines Blickes gew\u00fcrdigt werden: Container, Garagen, Airports, Tankstellen, Imbissbuden oder Toilettenh\u00e4uschen. Die Bildtitel sind kurz und sachlich. Lakonisch benennt der K\u00fcnstler Ort oder dargestellten [&hellip;]<\/p>\n","protected":false},"author":1,"featured_media":0,"parent":42260,"menu_order":0,"comment_status":"closed","ping_status":"closed","template":"ausstellen-text.php","meta":{"_acf_changed":false,"footnotes":""},"class_list":["post-42264","page","type-page","status-publish","hentry"],"acf":[],"_links":{"self":[{"href":"https:\/\/poll-berlin.de\/galerie\/wp-json\/wp\/v2\/pages\/42264","targetHints":{"allow":["GET"]}}],"collection":[{"href":"https:\/\/poll-berlin.de\/galerie\/wp-json\/wp\/v2\/pages"}],"about":[{"href":"https:\/\/poll-berlin.de\/galerie\/wp-json\/wp\/v2\/types\/page"}],"author":[{"embeddable":true,"href":"https:\/\/poll-berlin.de\/galerie\/wp-json\/wp\/v2\/users\/1"}],"replies":[{"embeddable":true,"href":"https:\/\/poll-berlin.de\/galerie\/wp-json\/wp\/v2\/comments?post=42264"}],"version-history":[{"count":2,"href":"https:\/\/poll-berlin.de\/galerie\/wp-json\/wp\/v2\/pages\/42264\/revisions"}],"predecessor-version":[{"id":42917,"href":"https:\/\/poll-berlin.de\/galerie\/wp-json\/wp\/v2\/pages\/42264\/revisions\/42917"}],"up":[{"embeddable":true,"href":"https:\/\/poll-berlin.de\/galerie\/wp-json\/wp\/v2\/pages\/42260"}],"wp:attachment":[{"href":"https:\/\/poll-berlin.de\/galerie\/wp-json\/wp\/v2\/media?parent=42264"}],"curies":[{"name":"wp","href":"https:\/\/api.w.org\/{rel}","templated":true}]}}