{"id":4215,"date":"2021-09-21T14:55:32","date_gmt":"2021-09-21T12:55:32","guid":{"rendered":"https:\/\/poll-berlin.de\/galerie\/?page_id=4215"},"modified":"2025-07-16T17:08:22","modified_gmt":"2025-07-16T15:08:22","slug":"werke-in-sammlungen","status":"publish","type":"page","link":"https:\/\/poll-berlin.de\/galerie\/weitere-kuenstler\/heidrun-rueda\/werke-in-sammlungen\/","title":{"rendered":"Werke in Sammlungen"},"content":{"rendered":"\n<p><strong>Werke in Sammlungen<\/strong><\/p>\n\n\n\n<p>Sparkasse Barnim<br>Kunstbibliothek der Staatliche Museen zu Berlin<br>Vorarlberger Landesbibliothek, Bregenz (\u00d6sterreich)<br>Deutsche Werkst\u00e4tten Hellerau, Dresden<br>S\u00e4chsische Landes\u00e4rztekammer, Dresden<br>St\u00e4dtische Galerie Dresden<br>Deutsche Nationalbibliothek, Frankfurt am Main<br>Museum Junge Kunst, Frankfurt (Oder)<br>Frederikshavn Kunstmuseum (D\u00e4nemark)<br>Bayerische Staatsbibliothek, M\u00fcnchen<br>Kunstsammlung der HypoVereinsbank, M\u00fcnchen<br>Klingspor-Museum, Offenbach am Main<br>Biblioth\u00e8que nationale de France, Paris<br>Herzog August Bibliothek, Wolfenb\u00fcttel<\/p>\n","protected":false},"excerpt":{"rendered":"<p>Werke in Sammlungen Sparkasse BarnimKunstbibliothek der Staatliche Museen zu BerlinVorarlberger Landesbibliothek, Bregenz (\u00d6sterreich)Deutsche Werkst\u00e4tten Hellerau, DresdenS\u00e4chsische Landes\u00e4rztekammer, DresdenSt\u00e4dtische Galerie DresdenDeutsche Nationalbibliothek, Frankfurt am MainMuseum Junge Kunst, Frankfurt (Oder)Frederikshavn Kunstmuseum (D\u00e4nemark)Bayerische Staatsbibliothek, M\u00fcnchenKunstsammlung der HypoVereinsbank, M\u00fcnchenKlingspor-Museum, Offenbach am MainBiblioth\u00e8que nationale de France, ParisHerzog August Bibliothek, Wolfenb\u00fcttel<\/p>\n","protected":false},"author":1,"featured_media":0,"parent":4209,"menu_order":2,"comment_status":"closed","ping_status":"closed","template":"kuenstler-text.php","meta":{"_acf_changed":false,"footnotes":""},"class_list":["post-4215","page","type-page","status-publish","hentry"],"acf":[],"_links":{"self":[{"href":"https:\/\/poll-berlin.de\/galerie\/wp-json\/wp\/v2\/pages\/4215","targetHints":{"allow":["GET"]}}],"collection":[{"href":"https:\/\/poll-berlin.de\/galerie\/wp-json\/wp\/v2\/pages"}],"about":[{"href":"https:\/\/poll-berlin.de\/galerie\/wp-json\/wp\/v2\/types\/page"}],"author":[{"embeddable":true,"href":"https:\/\/poll-berlin.de\/galerie\/wp-json\/wp\/v2\/users\/1"}],"replies":[{"embeddable":true,"href":"https:\/\/poll-berlin.de\/galerie\/wp-json\/wp\/v2\/comments?post=4215"}],"version-history":[{"count":15,"href":"https:\/\/poll-berlin.de\/galerie\/wp-json\/wp\/v2\/pages\/4215\/revisions"}],"predecessor-version":[{"id":43557,"href":"https:\/\/poll-berlin.de\/galerie\/wp-json\/wp\/v2\/pages\/4215\/revisions\/43557"}],"up":[{"embeddable":true,"href":"https:\/\/poll-berlin.de\/galerie\/wp-json\/wp\/v2\/pages\/4209"}],"wp:attachment":[{"href":"https:\/\/poll-berlin.de\/galerie\/wp-json\/wp\/v2\/media?parent=4215"}],"curies":[{"name":"wp","href":"https:\/\/api.w.org\/{rel}","templated":true}]}}