{"id":4213,"date":"2021-09-21T14:44:46","date_gmt":"2021-09-21T12:44:46","guid":{"rendered":"https:\/\/poll-berlin.de\/galerie\/?page_id=4213"},"modified":"2024-03-12T18:49:51","modified_gmt":"2024-03-12T17:49:51","slug":"biografie","status":"publish","type":"page","link":"https:\/\/poll-berlin.de\/galerie\/weitere-kuenstler\/heidrun-rueda\/biografie\/","title":{"rendered":"Biografie"},"content":{"rendered":"\n<p><strong>Biografie<\/strong><\/p>\n\n\n\n<div style=\"height:10px\" aria-hidden=\"true\" class=\"wp-block-spacer\"><\/div>\n\n\n\n<figure class=\"wp-block-table\"><table><tbody><tr><td>1963<\/td><td>geboren in Magdeburg<\/td><\/tr><tr><td>1984-1987<\/td><td>Abendkurs an der Hochschule f\u00fcr Bildende K\u00fcnste Dresden<\/td><\/tr><tr><td>1989-1994<\/td><td>Studium der Malerei und Grafik an der Hochschule f\u00fcr Bildende K\u00fcnste Dresden bei Prof. G\u00fcnther Horlbeck und Prof. Siegfried Klotz<\/td><\/tr><tr><td>1993-2000<\/td><td>Studienreisen nach Peru, Bolivien und Chile<\/td><\/tr><tr><td>1993-1994<\/td><td>Teilnahme an den Trinationalen K\u00fcnstlertreffen Montpellier, Dresden, Prag<\/td><\/tr><tr><td>1994-1996<\/td><td>Meistersch\u00fclerin an der Hochschule f\u00fcr Bildende K\u00fcnste Dresden bei Prof. Horst Hirsig<\/td><\/tr><tr><td>seit 1998<\/td><td>freischaffend t\u00e4tig als Malerin in Biesenthal und Berlin<\/td><\/tr><tr><td>2004<\/td><td>Studienreise nach New York<\/td><\/tr><tr><td>2010<\/td><td>Studienreise nach Rom und Olevano<\/td><\/tr><\/tbody><\/table><\/figure>\n\n\n\n<p>Heidrun Rueda lebt und arbeitet bei Dresden.<\/p>\n\n\n\n<div style=\"height:10px\" aria-hidden=\"true\" class=\"wp-block-spacer\"><\/div>\n\n\n\n<p><strong>Preise und Stipendien<\/strong><\/p>\n\n\n\n<div style=\"height:10px\" aria-hidden=\"true\" class=\"wp-block-spacer\"><\/div>\n\n\n\n<figure class=\"wp-block-table\"><table><tbody><tr><td>2004<\/td><td>Aufenthaltsstipendium im K\u00fcnstlerhaus Schloss Wiepersdorf<\/td><\/tr><tr><td>1999<\/td><td>Arbeitsstipendium der Stiftung Kulturfonds, Bonn<\/td><\/tr><tr><td>1996<\/td><td>S\u00e4chsisches Landesstipendium<\/td><\/tr><tr><td>1994-1996<\/td><td>Atelierf\u00f6rderung durch die Deutschen Werkst\u00e4tten Hellerau in Dresden<\/td><\/tr><\/tbody><\/table><\/figure>\n","protected":false},"excerpt":{"rendered":"<p>Biografie 1963 geboren in Magdeburg 1984-1987 Abendkurs an der Hochschule f\u00fcr Bildende K\u00fcnste Dresden 1989-1994 Studium der Malerei und Grafik an der Hochschule f\u00fcr Bildende K\u00fcnste Dresden bei Prof. G\u00fcnther Horlbeck und Prof. Siegfried Klotz 1993-2000 Studienreisen nach Peru, Bolivien und Chile 1993-1994 Teilnahme an den Trinationalen K\u00fcnstlertreffen Montpellier, Dresden, Prag 1994-1996 Meistersch\u00fclerin an der [&hellip;]<\/p>\n","protected":false},"author":1,"featured_media":0,"parent":4209,"menu_order":0,"comment_status":"closed","ping_status":"closed","template":"kuenstler-text.php","meta":{"_acf_changed":false,"footnotes":""},"class_list":["post-4213","page","type-page","status-publish","hentry"],"acf":[],"_links":{"self":[{"href":"https:\/\/poll-berlin.de\/galerie\/wp-json\/wp\/v2\/pages\/4213","targetHints":{"allow":["GET"]}}],"collection":[{"href":"https:\/\/poll-berlin.de\/galerie\/wp-json\/wp\/v2\/pages"}],"about":[{"href":"https:\/\/poll-berlin.de\/galerie\/wp-json\/wp\/v2\/types\/page"}],"author":[{"embeddable":true,"href":"https:\/\/poll-berlin.de\/galerie\/wp-json\/wp\/v2\/users\/1"}],"replies":[{"embeddable":true,"href":"https:\/\/poll-berlin.de\/galerie\/wp-json\/wp\/v2\/comments?post=4213"}],"version-history":[{"count":16,"href":"https:\/\/poll-berlin.de\/galerie\/wp-json\/wp\/v2\/pages\/4213\/revisions"}],"predecessor-version":[{"id":36509,"href":"https:\/\/poll-berlin.de\/galerie\/wp-json\/wp\/v2\/pages\/4213\/revisions\/36509"}],"up":[{"embeddable":true,"href":"https:\/\/poll-berlin.de\/galerie\/wp-json\/wp\/v2\/pages\/4209"}],"wp:attachment":[{"href":"https:\/\/poll-berlin.de\/galerie\/wp-json\/wp\/v2\/media?parent=4213"}],"curies":[{"name":"wp","href":"https:\/\/api.w.org\/{rel}","templated":true}]}}