{"id":41953,"date":"2025-03-25T16:19:39","date_gmt":"2025-03-25T15:19:39","guid":{"rendered":"https:\/\/poll-berlin.de\/galerie\/?page_id=41953"},"modified":"2025-03-25T16:19:39","modified_gmt":"2025-03-25T15:19:39","slug":"information","status":"publish","type":"page","link":"https:\/\/poll-berlin.de\/galerie\/en\/exhibitions\/archive\/pop-politicsalbert-baehr-wintersberger19-january-2-march-2019\/information\/","title":{"rendered":"Information"},"content":{"rendered":"\n<p>In West Berlin at the end of the sixties, art discourse was strongly influenced by American hard edge painting, minimal art, and pop art. In their explorations of political and social themes, artists such as Hermann Albert (*1937), Ulrich Baehr (*1938), and Lambert Maria Wintersberger (1941\u20132013) also drew on the works of predecessors such as John Heartfield or George Segal, combining this critical tradition with elements from pop art as it was emerging at the time. \u201dPop &amp; Politics\u201d retraces this process through an exhibition of works from the sixties.\u00a0<\/p>\n\n\n\n<p>The early paintings of Hermann Albert (*1937) are characterised by two-dimensional, strongly coloured figuration. He paints women in various phases of movement: as they dress or undress, move about, and bend down or straighten themselves up. \u201cIn a world defined by the ordinary, my aim is to show nothing else\u201d (Hermann Albert). In panels placed together to form a series, the posture of the figure changes only minimally, or the setting is compressed on a single painted panel into smaller surface sections against a smooth, monochrome background. Albert\u2019s \u201dWomen\u201d, \u201dPoses\u201d, and \u201dMoments\u201d are painted in cool, bright acrylic colours.<\/p>\n\n\n\n<p>Ulrich Baehr\u2019s history paintings, as they might be called, with titles such as \u201dFrieze for Lovers\u201d (1965), \u201dSports Palace\u201d (1966), \u201dStalin\u201d (1966), \u201dLe Gen\u00e9ral\u201d (1966), or \u201dNeon Mao\u201d (1968), were created between 1964 and 1968. Baehr presents the dictators, politicians, and rulers we see in his works as \u201csoberly distanced \u2018negatives\u2019 of the historically inherited, cheaply reproduced physiognomies and rituals of German power and glory. &#8230; The violent brushstroke tears apart the well-studied pose until it is rendered ridiculous; it reduces the pomp of the staging to meagre staffage\u201d (Eckhart Gillen). Photos from newspapers and magazines serve Baehr as an inspiration for his paintings, though never as direct sources. He erases parts of the figures\u2019 faces and bodies, combines spaces and bodies, and uses facial expressions or gestures to capture the diminished salience and recognisability produced by this technique. Baehr later switched from the matt, tonal colours of distemper paints to bright, garish colours of acrylic, exemplified in the painting \u201dNeon Mao\u201d (1968). The artist recently donated this work to the collection of the Poll Art Foundation.<\/p>\n\n\n\n<p>Lambert Maria Wintersberger \u2013 declared by the art critic Heinz Ohff declared to be \u201cGermany\u2019s most original pop artist\u201d \u2013 co-founded the legendary self-help gallery for artists Gro\u00dfg\u00f6rschen 35 in 1964, together with Ulrich Baehr, K. H. H\u00f6dicke, Markus L\u00fcpertz, Wolfgang Petrick, Peter Sorge, and other painters in West Berlin. During the four years of its operation, the gallery served as a place where artists found common cause in turning away from art informel and tachism and striving for representationalism in painting.<\/p>\n\n\n\n<p>The fragmentation of the figure and the resulting multiplication of singular perspectives, or \u201cEin-Sichten\u201d, are characteristic for Wintersberger\u2019s view of Western consumer society. In a muted style which foregrounds contours, he reworks the visual world of advertising with oversized fingers and fingernails alongside giant mouths in tonal, cloying colours. This is followed by the full-format \u201dDetonations\u201d, \u201dSplittings\u201d, and \u201dShacklings\u201d<em> <\/em>of<em> <\/em>individual body parts in subdued, cool shades of grey.<\/p>\n\n\n\n<p>The exhibition \u201dThe 60s &amp; 70s in Berlin: Albert, Kraemer, Lange, Petrick, Sorge, Works from the Collection of the Poll Art Foundation\u201d shown at the Foundation (Gipsstra\u00dfe 3, second floor above the ground floor, by appointment, extended until 2nd March) offers additional insight into the art scene of these two decades in West Berlin.<\/p>\n","protected":false},"excerpt":{"rendered":"<p>In West Berlin at the end of the sixties, art discourse was strongly influenced by American hard edge painting, minimal art, and pop art. In their explorations of political and social themes, artists such as Hermann Albert (*1937), Ulrich Baehr (*1938), and Lambert Maria Wintersberger (1941\u20132013) also drew on the works of predecessors such as [&hellip;]<\/p>\n","protected":false},"author":2,"featured_media":0,"parent":29657,"menu_order":0,"comment_status":"closed","ping_status":"closed","template":"ausstellen-text.php","meta":{"_acf_changed":false,"footnotes":""},"class_list":["post-41953","page","type-page","status-publish","hentry"],"acf":[],"_links":{"self":[{"href":"https:\/\/poll-berlin.de\/galerie\/wp-json\/wp\/v2\/pages\/41953","targetHints":{"allow":["GET"]}}],"collection":[{"href":"https:\/\/poll-berlin.de\/galerie\/wp-json\/wp\/v2\/pages"}],"about":[{"href":"https:\/\/poll-berlin.de\/galerie\/wp-json\/wp\/v2\/types\/page"}],"author":[{"embeddable":true,"href":"https:\/\/poll-berlin.de\/galerie\/wp-json\/wp\/v2\/users\/2"}],"replies":[{"embeddable":true,"href":"https:\/\/poll-berlin.de\/galerie\/wp-json\/wp\/v2\/comments?post=41953"}],"version-history":[{"count":2,"href":"https:\/\/poll-berlin.de\/galerie\/wp-json\/wp\/v2\/pages\/41953\/revisions"}],"predecessor-version":[{"id":41955,"href":"https:\/\/poll-berlin.de\/galerie\/wp-json\/wp\/v2\/pages\/41953\/revisions\/41955"}],"up":[{"embeddable":true,"href":"https:\/\/poll-berlin.de\/galerie\/wp-json\/wp\/v2\/pages\/29657"}],"wp:attachment":[{"href":"https:\/\/poll-berlin.de\/galerie\/wp-json\/wp\/v2\/media?parent=41953"}],"curies":[{"name":"wp","href":"https:\/\/api.w.org\/{rel}","templated":true}]}}