{"id":41667,"date":"2025-03-18T17:37:17","date_gmt":"2025-03-18T16:37:17","guid":{"rendered":"https:\/\/poll-berlin.de\/galerie\/?page_id=41667"},"modified":"2025-03-18T17:37:17","modified_gmt":"2025-03-18T16:37:17","slug":"information","status":"publish","type":"page","link":"https:\/\/poll-berlin.de\/galerie\/en\/exhibitions\/archive\/landscapesbrheike-negenborn-andreas-silbermannbr1-november-2019-11-january-2020\/information\/","title":{"rendered":"Information"},"content":{"rendered":"\n<p>Under the title \u201cLandscapes\u201d, Galerie Poll is showing paintings and drawings by Heike Negenborn (*1964) and Andreas Silbermann (*1964) for the first time.<\/p>\n\n\n\n<p>\u201cNet-Scapes\u201d is what Heike Negenborn has named her most recent works, for which she was awarded the 2018 Palatinate Prize for Fine Arts in the category of painting. Using a grid and the laws of central perspective, she constructs wide plains and gentle mountain ranges, with massive cloud formations shaped by the whims of wind and weather towering above the land. The landscape appears to have been measured out precisely and objectively. Yet the artist in fact chooses her point of view subjectively, following her own preferences while working en plein air, in nature. Clearly visible remnants of the geometric grid \u2013 similar to the circuitry of computer circuit boards \u2013 nevertheless remind us that what is being depicted here are human-made, artificial cultural landscapes, such as vineyards. Emphasising this modern reshaping of the land by civilisation, Negenborn reduces the strong colour palette of her previous works to the abstraction of black and white and of greys made by mixing the two.<\/p>\n\n\n\n<p>Above the horizon, which is usually quite low, ever-changing cloud formations emerge. With this motif, Negenborn follows on from John Ruskin, who observed in 1840 that the old and modern landscape painting differ primarily in their depiction of clouds. As member of the Cloud Appreciation Society, Negenborn collects cloud photographs in her own archive and then combines images she selects for aesthetic features with her own \u201cshots\u201d of southern French or southern Spanish landscapes, composed along lines of central perspective This way of working means that photography and painting, reality and illusion, are intermeshed to such an extent that the tourist\u2019s hasty gaze is entirely foreclosed. With her \u201cNet-Scapes\u201d, Heike Negenborn questions the deceptive certainty of digital media and reclaims what the German musician, writer, and photographer J\u00fcrgen von der Wense (1894\u20131966) called for after the years he spent wandering through Germany: \u201cEvery view, like every painting, is full of riddles. For every picture of the landscape, we must first find the solution.\u201d<\/p>\n\n\n\n<p>Andreas Silbermann also bases his landscapes on photographs. When places pique his interest, he captures them on camera so that he can have them ready, often years later, to be transferred into paintings. The Galerie Poll is showing Italian landscapes from 2016 to 2019. These are landscapes that have been reshaped by everyday life, by agriculture, farms, and homes, or by other interventions. The artist calls them \u201cstrange places\u201d. Often the paintings depict topographical constellations and architectures which would hardly catch the eye of a traveller passing through, which one might dismiss as \u201cforlorn\u201d or \u201cbleak\u201d.<\/p>\n\n\n\n<p>The landscape passing by the car and train window becomes a motif in the same way as the night sky over a lonely country road. In his oil paintings on mostly small-format wooden panels, Silbermann succeeds in reproducing moods and light through a play of colours, allowing the viewer to be attracted by images of a reality that would hardly merit a second glance in everyday life. In order to emphasise that his works are in no way meant as illusions, or as attempts to aestheticise an ideal landscape, Silbermann initially titled them after exact geodata of his sites.<\/p>\n\n\n\n<p><strong>Heike Negenborn,<\/strong> born in 1964 in Bad Neuenahr-Ahrweiler, studied painting, design, and ceramics at Washington College, in Chestertown, Maryland, USA, and painting and printmaking with Prof. Peter L\u00f6rincz at the Mainz Academy of Fine Art (Akademie f\u00fcr Bildende K\u00fcnste Mainz). She lives and works in Windesheim. <\/p>\n\n\n\n<p><strong>Andreas Silbermann,<\/strong> born in 1964 in Wilhelmshaven, studied painting at the Braunschweig University of Art (Hochschule f\u00fcr Bildende K\u00fcnste Braunschweig) with Prof. Hermann Albert. He lives and works in Berlin.<\/p>\n","protected":false},"excerpt":{"rendered":"<p>Under the title \u201cLandscapes\u201d, Galerie Poll is showing paintings and drawings by Heike Negenborn (*1964) and Andreas Silbermann (*1964) for the first time. \u201cNet-Scapes\u201d is what Heike Negenborn has named her most recent works, for which she was awarded the 2018 Palatinate Prize for Fine Arts in the category of painting. Using a grid and [&hellip;]<\/p>\n","protected":false},"author":2,"featured_media":0,"parent":41661,"menu_order":0,"comment_status":"closed","ping_status":"closed","template":"ausstellen-text.php","meta":{"_acf_changed":false,"footnotes":""},"class_list":["post-41667","page","type-page","status-publish","hentry"],"acf":[],"_links":{"self":[{"href":"https:\/\/poll-berlin.de\/galerie\/wp-json\/wp\/v2\/pages\/41667","targetHints":{"allow":["GET"]}}],"collection":[{"href":"https:\/\/poll-berlin.de\/galerie\/wp-json\/wp\/v2\/pages"}],"about":[{"href":"https:\/\/poll-berlin.de\/galerie\/wp-json\/wp\/v2\/types\/page"}],"author":[{"embeddable":true,"href":"https:\/\/poll-berlin.de\/galerie\/wp-json\/wp\/v2\/users\/2"}],"replies":[{"embeddable":true,"href":"https:\/\/poll-berlin.de\/galerie\/wp-json\/wp\/v2\/comments?post=41667"}],"version-history":[{"count":1,"href":"https:\/\/poll-berlin.de\/galerie\/wp-json\/wp\/v2\/pages\/41667\/revisions"}],"predecessor-version":[{"id":41668,"href":"https:\/\/poll-berlin.de\/galerie\/wp-json\/wp\/v2\/pages\/41667\/revisions\/41668"}],"up":[{"embeddable":true,"href":"https:\/\/poll-berlin.de\/galerie\/wp-json\/wp\/v2\/pages\/41661"}],"wp:attachment":[{"href":"https:\/\/poll-berlin.de\/galerie\/wp-json\/wp\/v2\/media?parent=41667"}],"curies":[{"name":"wp","href":"https:\/\/api.w.org\/{rel}","templated":true}]}}