{"id":41191,"date":"2025-03-05T12:51:36","date_gmt":"2025-03-05T11:51:36","guid":{"rendered":"https:\/\/poll-berlin.de\/galerie\/ausstellungen\/vorschau\/gerhard-taubert\/"},"modified":"2025-08-29T00:39:09","modified_gmt":"2025-08-28T22:39:09","slug":"gerhard-taubert","status":"publish","type":"page","link":"https:\/\/poll-berlin.de\/galerie\/ausstellungen\/archiv\/gerhard-taubert\/","title":{"rendered":"Gerhard Taubert<br>25. April \u2013 7. Juni 2025"},"content":{"rendered":"\n<p><strong>Farbe, Fl\u00e4che, Form<\/strong><br><strong>Landschaften von Gerhard Taubert<\/strong> (1928-2012)<br>25. April \u2013 7. Juni 2025, Er\u00f6ffnung: 24. April, 18-21 Uhr<br>Gegen 19 Uhr Gespr\u00e4ch von Jochen L. St\u00f6ckmann mit Thomas Taubert<\/p>\n","protected":false},"excerpt":{"rendered":"<p>Farbe, Fl\u00e4che, FormLandschaften von Gerhard Taubert (1928-2012)25. April \u2013 7. Juni 2025, Er\u00f6ffnung: 24. April, 18-21 UhrGegen 19 Uhr Gespr\u00e4ch von Jochen L. St\u00f6ckmann mit Thomas Taubert<\/p>\n","protected":false},"author":2,"featured_media":38127,"parent":440,"menu_order":4,"comment_status":"closed","ping_status":"closed","template":"ausstellen-austellung.php","meta":{"_acf_changed":false,"footnotes":""},"class_list":["post-41191","page","type-page","status-publish","has-post-thumbnail","hentry"],"acf":[],"_links":{"self":[{"href":"https:\/\/poll-berlin.de\/galerie\/wp-json\/wp\/v2\/pages\/41191","targetHints":{"allow":["GET"]}}],"collection":[{"href":"https:\/\/poll-berlin.de\/galerie\/wp-json\/wp\/v2\/pages"}],"about":[{"href":"https:\/\/poll-berlin.de\/galerie\/wp-json\/wp\/v2\/types\/page"}],"author":[{"embeddable":true,"href":"https:\/\/poll-berlin.de\/galerie\/wp-json\/wp\/v2\/users\/2"}],"replies":[{"embeddable":true,"href":"https:\/\/poll-berlin.de\/galerie\/wp-json\/wp\/v2\/comments?post=41191"}],"version-history":[{"count":8,"href":"https:\/\/poll-berlin.de\/galerie\/wp-json\/wp\/v2\/pages\/41191\/revisions"}],"predecessor-version":[{"id":43904,"href":"https:\/\/poll-berlin.de\/galerie\/wp-json\/wp\/v2\/pages\/41191\/revisions\/43904"}],"up":[{"embeddable":true,"href":"https:\/\/poll-berlin.de\/galerie\/wp-json\/wp\/v2\/pages\/440"}],"wp:featuredmedia":[{"embeddable":true,"href":"https:\/\/poll-berlin.de\/galerie\/wp-json\/wp\/v2\/media\/38127"}],"wp:attachment":[{"href":"https:\/\/poll-berlin.de\/galerie\/wp-json\/wp\/v2\/media?parent=41191"}],"curies":[{"name":"wp","href":"https:\/\/api.w.org\/{rel}","templated":true}]}}