{"id":40898,"date":"2025-02-05T12:10:57","date_gmt":"2025-02-05T11:10:57","guid":{"rendered":"https:\/\/poll-berlin.de\/galerie\/?page_id=40898"},"modified":"2025-02-05T12:14:27","modified_gmt":"2025-02-05T11:14:27","slug":"information-2","status":"publish","type":"page","link":"https:\/\/poll-berlin.de\/galerie\/en\/exhibitions\/archive\/joachim-schmettau-at-8514-january-26-february-2022\/information-2\/","title":{"rendered":"Information"},"content":{"rendered":"\n<p>To mark the occasion of his 85th birthday, Galerie Poll is proud to present an exhibition of paper work and sculpture by the draughtsman and sculptor Joachim Schmettau. Featuring work spanning different periods of his creative output, his \u201cSelbstportr\u00e4t mit Zipfelm\u00fctze\u201d (Self-portrait with stocking hat, 1978) \u00ad\u00ad\u2013 \u00ada painted plaster head smoking a cigarette \u00ad\u2013 ensures the artist, who has lived in Berlin since 1945, is present as an attentive and alert observer in his own exhibition. &nbsp;&nbsp;&nbsp;<\/p>\n\n\n\n<p>\u201cJoachim Schmettau\u2019s sculptural oeuvre has not been created according to stylistic maxims; it is an extensive artistic recognition of a prevailing psychological state, a search for knowledge, a self-critical consciousness, a spiritual awareness. He himself, the doubting, dauntless individual, is the \u2018focus\u2019 of all his sculptures.\u201d (Ulrich Gertz)<\/p>\n\n\n\n<p>Schmettau\u2019s sculptural work is characterised by austere compositions reduced to almost archaic forms. He likes to adorn plaster works or bronzes with contemporary accessories such as glasses, headphones or watches and paint them. To this day, Schmettau\u2019s oeuvre continues to grow on an almost daily basis: he still produces fanciful sketches and designs for sculptural works as well as stand-alone drawings and collages. These collages are based on catalogue depictions of his work which he then cuts outs and, using the draughtsman\u2019s pencil, transports into new artistic realms.<\/p>\n\n\n\n<p>Joachim Schmettau became known beyond Berlin for his \u201cErdkugelbrunnen\u201d (Globe fountain) on Breitscheidplatz in Berlin-Charlottenburg, inaugurated in 1983. A few years later he realised further water features in central squares in other German cities: the \u201cMusikbrunnen\u201d (Music fountain, 1986) in Grabenstra\u00dfe, D\u00fcsseldorf, and the \u201cEuropabrunnen\u201d (Europe fountain, 1989) in Dortmund. Schmettau also created numerous sculptures for public spaces in the 1970s and 1980s, such as the bridge sculptures at the university library in Freiburg (1978) and the \u201cTanzendes Paar\u201d (Dancing couple, 1985) on Hermannplatz in Berlin-Neuk\u00f6lln. His studio is still home to many models for as yet unrealised projects in the public realm. In an interview he once said, \u201cMy aim is to re-establish the connection between architecture and sculpture.\u201d<\/p>\n\n\n\n<p><strong>Joachim Schmettau <\/strong>was born on 5 February 1937 in Bad Doberan and has lived in Berlin since 1945. From 1956 to 1960 he studied at the Hochschule f\u00fcr Bildende K\u00fcnste in Berlin and became a <em>Meistersch\u00fcler<\/em> of Ludwig Gabriel Schrieber in 1961. In 1972, Schmettau became a founder member of the Aspekt group. From 1971 to his retirement in 2002 he taught as a professor for sculpture at the Hochschule der K\u00fcnste in Berlin. He has received numerous awards and accolades for his work, including 1st prize for sculpture from the Karl Hofer Gesellschaft, Berlin (1966), the Villa Romana Prize, Florence (1969), the Villa Massimo Prize, Rome (1970\/71), the Berlin Art Prize (1977), the Premio Fiorino, Florence (1978) and the D\u00fcsseldorfer Kunstpreis (1980). Joachim Schmettau\u2019s work can be found in many private and public collections, including the Berlinische Galerie, the Neue Nationalgalerie Berlin, the Kunststiftung Poll, Berlin, the municipal art collections of Bochum and Bonn, the Lehmbruck Museum in Duisburg, the Osthaus Museum in Hagen and the Bavarian State Painting Collections in Munich.<\/p>\n","protected":false},"excerpt":{"rendered":"<p>To mark the occasion of his 85th birthday, Galerie Poll is proud to present an exhibition of paper work and sculpture by the draughtsman and sculptor Joachim Schmettau. Featuring work spanning different periods of his creative output, his \u201cSelbstportr\u00e4t mit Zipfelm\u00fctze\u201d (Self-portrait with stocking hat, 1978) \u00ad\u00ad\u2013 \u00ada painted plaster head smoking a cigarette \u00ad\u2013 [&hellip;]<\/p>\n","protected":false},"author":2,"featured_media":0,"parent":28717,"menu_order":1,"comment_status":"closed","ping_status":"closed","template":"ausstellen-text.php","meta":{"_acf_changed":false,"footnotes":""},"class_list":["post-40898","page","type-page","status-publish","hentry"],"acf":[],"_links":{"self":[{"href":"https:\/\/poll-berlin.de\/galerie\/wp-json\/wp\/v2\/pages\/40898","targetHints":{"allow":["GET"]}}],"collection":[{"href":"https:\/\/poll-berlin.de\/galerie\/wp-json\/wp\/v2\/pages"}],"about":[{"href":"https:\/\/poll-berlin.de\/galerie\/wp-json\/wp\/v2\/types\/page"}],"author":[{"embeddable":true,"href":"https:\/\/poll-berlin.de\/galerie\/wp-json\/wp\/v2\/users\/2"}],"replies":[{"embeddable":true,"href":"https:\/\/poll-berlin.de\/galerie\/wp-json\/wp\/v2\/comments?post=40898"}],"version-history":[{"count":1,"href":"https:\/\/poll-berlin.de\/galerie\/wp-json\/wp\/v2\/pages\/40898\/revisions"}],"predecessor-version":[{"id":40899,"href":"https:\/\/poll-berlin.de\/galerie\/wp-json\/wp\/v2\/pages\/40898\/revisions\/40899"}],"up":[{"embeddable":true,"href":"https:\/\/poll-berlin.de\/galerie\/wp-json\/wp\/v2\/pages\/28717"}],"wp:attachment":[{"href":"https:\/\/poll-berlin.de\/galerie\/wp-json\/wp\/v2\/media?parent=40898"}],"curies":[{"name":"wp","href":"https:\/\/api.w.org\/{rel}","templated":true}]}}