{"id":40778,"date":"2025-01-29T15:52:41","date_gmt":"2025-01-29T14:52:41","guid":{"rendered":"https:\/\/poll-berlin.de\/galerie\/?page_id=40778"},"modified":"2025-03-12T13:40:36","modified_gmt":"2025-03-12T12:40:36","slug":"information","status":"publish","type":"page","link":"https:\/\/poll-berlin.de\/galerie\/en\/exhibitions\/archive\/markus-draper-painting3-september-23-october-2021\/information\/","title":{"rendered":"Information"},"content":{"rendered":"\n<p>With \u201cMore than a story\u201c at Galerie Poll, Markus Draper is for the first time showing a selection of his paintings based on the eruption of Mount St Helens, in the US state of Washington, on 18th May 1980.<\/p>\n\n\n\n<p>The volcanic eruption shook the United States: fifty-seven people and thousands of animals died, millions of tons of ash were ejected into the air within seconds, and hundreds of square kilometres were turned into wasteland. The mountain, a symbol of stability, set loose an explosion that violently dislodged one third of its mass \u2013 and not in Hawaii or Alaska, but on the contiguous mainland of the United States during the Cold War. This set the emotional tenor of news and media reports, with headlines that declared \u201cSleeping Beauty turned Killer\u201d, \u201cA diary of destruction\u201d, or \u201cThe Day the Earth stood still\u201d.<\/p>\n\n\n\n<p>Photos and videos of this natural disaster began to fascinate Markus Draper in 2007. In the same year, he chose the peculiar formations of the ash clouds as a motif for the first time; to this day, they have sporadically though repeatedly served him as the subject of his paintings.<\/p>\n\n\n\n<p>Draper\u2019s painting style is characterised by glazing, the layered application of translucent oil paints. After finding the motif, he breaks down images of if that he has taken from the media into individual colour fields, which he transfers to the canvas with a brush \u2013 usually employing only one shade of colour, which varies from light to dark. What is crucial here for achieving a dense image is the precise transfer of tonal values. He then often finishes the canvas by covering it with a full colour glaze.<\/p>\n\n\n\n<p>It is important to the artist that his paintings cannot be \u201clocated\u201d at any one place (\u201cMore Than a Story\u201c, 2020; \u201cHard to Say\u201c, 2021; \u201cKilling Me Softly\u201c, 2021). \u201cMy pictures aren\u2019t meant to reflect any concrete event. They don\u2019t refer to any danger that could be localised at a specific time or place. Rather, they express a general feeling of insecurity, a kind of social diagnosis: they reflect a sense of unease, diffuse fears and anxieties that cannot be connected to specific causes. But they also express a kind of critique: perhaps it is more comfortable to remain in a state of fear than to act to change things.\u201d<\/p>\n\n\n\n<p>The question of how certainties collapse, and how this uncertainty can be triggered by images in the media, is one central theme in Markus Draper\u2019s work. Over the last few years, it has been the subject of his work above all through his engagement with formative events in recent German history, such as the Monday demonstration in Leipzig on 9th October 1989 (\u201cDemotape\u201c, 2013), the hostage situation in Gladbeck (\u201cRentfort Nord\u201c, 2011), or the unmasking of terrorists who had left the RAF and settled in the GDR (\u201cGrauzone\u201c, 2015).<\/p>\n\n\n\n<p><strong>Markus Draper,<\/strong> born in 1969 and raised in G\u00f6rlitz, studied from 1991 to 2000 at the Academy of Fine Arts (Hochschule f\u00fcr Bildende K\u00fcnste) in Dresden, Central Saint Martins College, London, and Columbia University, New York. In 2000 he completed his studies as a master student with Professor Ralf Kerbach. Draper has been the recipient of the Marion-Ermer-Prize (2001) and the Vattenfall Art Prize Energy (2006), in addition to numerous scholarships. His work has been shown in solo exhibitions at the Staatliche Kunstsammlungen Dresden (2007), the Berlinische Galerie (2014), and the Kulturhistorisches Museum G\u00f6rlitz (2015), as well as in institutional group exhibitions worldwide.&nbsp; Works by the Draper can be found in the Collection of Contemporary Art of the Federal Republic of Germany, the Museum Folkwang in Essen, the Staatliche Kunstsammlungen Dresden, and the Berlinische Galerie, among others. Markus Draper lives and works in Berlin.<\/p>\n\n\n\n<p>Exhibition and catalogue are sponsored by:<\/p>\n\n\n<div class=\"wp-block-image\">\n<figure class=\"alignleft size-full\"><img loading=\"lazy\" decoding=\"async\" width=\"300\" height=\"59\" src=\"https:\/\/poll-berlin.de\/galerie\/wp-content\/uploads\/Logo_Neustart_300.png\" alt=\"\" class=\"wp-image-3515\"\/><\/figure><\/div>\n\n\n<p><\/p>\n","protected":false},"excerpt":{"rendered":"<p>With \u201cMore than a story\u201c at Galerie Poll, Markus Draper is for the first time showing a selection of his paintings based on the eruption of Mount St Helens, in the US state of Washington, on 18th May 1980. The volcanic eruption shook the United States: fifty-seven people and thousands of animals died, millions of [&hellip;]<\/p>\n","protected":false},"author":2,"featured_media":0,"parent":28742,"menu_order":0,"comment_status":"closed","ping_status":"closed","template":"ausstellen-text.php","meta":{"_acf_changed":false,"footnotes":""},"class_list":["post-40778","page","type-page","status-publish","hentry"],"acf":[],"_links":{"self":[{"href":"https:\/\/poll-berlin.de\/galerie\/wp-json\/wp\/v2\/pages\/40778","targetHints":{"allow":["GET"]}}],"collection":[{"href":"https:\/\/poll-berlin.de\/galerie\/wp-json\/wp\/v2\/pages"}],"about":[{"href":"https:\/\/poll-berlin.de\/galerie\/wp-json\/wp\/v2\/types\/page"}],"author":[{"embeddable":true,"href":"https:\/\/poll-berlin.de\/galerie\/wp-json\/wp\/v2\/users\/2"}],"replies":[{"embeddable":true,"href":"https:\/\/poll-berlin.de\/galerie\/wp-json\/wp\/v2\/comments?post=40778"}],"version-history":[{"count":3,"href":"https:\/\/poll-berlin.de\/galerie\/wp-json\/wp\/v2\/pages\/40778\/revisions"}],"predecessor-version":[{"id":41406,"href":"https:\/\/poll-berlin.de\/galerie\/wp-json\/wp\/v2\/pages\/40778\/revisions\/41406"}],"up":[{"embeddable":true,"href":"https:\/\/poll-berlin.de\/galerie\/wp-json\/wp\/v2\/pages\/28742"}],"wp:attachment":[{"href":"https:\/\/poll-berlin.de\/galerie\/wp-json\/wp\/v2\/media?parent=40778"}],"curies":[{"name":"wp","href":"https:\/\/api.w.org\/{rel}","templated":true}]}}