{"id":40741,"date":"2025-01-29T14:53:16","date_gmt":"2025-01-29T13:53:16","guid":{"rendered":"https:\/\/poll-berlin.de\/galerie\/?page_id=40741"},"modified":"2025-03-12T13:47:38","modified_gmt":"2025-03-12T12:47:38","slug":"information-2","status":"publish","type":"page","link":"https:\/\/poll-berlin.de\/galerie\/en\/exhibitions\/archive\/maina-miriam-munsky4-june-31-july-2021\/information-2\/","title":{"rendered":"Information"},"content":{"rendered":"\n<p>Fifty years after Maina-Miriam Munsky\u2019s first solo exhibition in 1971, Galerie Poll is showing the artist\u2019s early work from the 1960s for the first time in an exhibition titled &#8222;Gravidity&#8220;. In 1971, when Galerie Poll began to represent Munksy, her pictures and drawings of the female body had already begun to revolve around subjects such as fertility, pregnancy, and birth, though they still had a surreal cast. It was not until the 1970s that she found her hyperrealist style, schooled in New Objectivity, with which she has since become known.<\/p>\n\n\n\n<p>Characteristic of her early paintings is the construction of a motif across two canvases separated from each other by horizontal or vertical white or black strips of wood in the thickness of a frame. The foetuses, mostly painted with pink resin, have the appearance of ornaments (&#8222;Tube&#8220;, &#8222;Two Boxes&#8220;, &#8222;Fertility&#8220;, &#8222;Gravidity&#8220;, &#8222;Embryos&#8220;, &#8222;Birth&#8220; II + IV, all 1967). The early pencil drawings (&#8222;Untitled&#8220;, all 1968) similarly show studies of foetuses in the womb and are composed of several pictorial frames.<\/p>\n\n\n\n<p>\u201cThe bars marking the borders served as a shield from too much directness; the bodies, doughy and flowing and without firm contours, were reminiscent of plant-like, preexistential states. Seen in terms of Munsky\u2019s overall development, this was itself an embryonic phase of her work,\u201d Lucie Schauer writes in 1976 in the catalogue to the artist\u2019s exhibition held at the M\u00e4rkisches Museum in the city of Witten.<\/p>\n\n\n\n<p>Munsky\u2019s fascination with embryos in containers of preserving fluid, which she encountered during a 1967 visit to the natural science department of the Hessisches Landesmuseum in Darmstadt, provided the impetus for her artistic exploration of the theme of pregnancy: the glass vessels, depicted with perspectival lines, structure the paintings in an almost constructivist fashion, while the foetuses were realized in rather flowing, soft forms which form a motivic contrast to the containers.<\/p>\n\n\n\n<p>From 1968\/69, the artist turned directly to the process of birth. She depicts the moment of childbirth realistically, though still with the soft and diffusely flowing, painterly gesture of brushwork (&#8222;Child&#8220;, &#8222;Forceps&#8220; I + II, all 1968). From 1970 onwards, she produced her first paintings, modelled on photographs she took herself in a Berlin hospital. \u201cMaina-Miriam Munsky donned a white coat and made her way into the delivery room with a camera, unobserved but herself observing with a precise eye. The photos are the realistic raw material for her oil paintings and etchings. Her visual productions, however, far exceed her photographic sources\u2014not only because of her exaggeration of colours, but also because of the framing of the picture, its angle of vision,\u201d Lucie Schauer notes in her 1971 exhibition review in the newspaper &#8222;Die Welt&#8220;<em>.<\/em> Pregnancy, birth, and clinical interventions in the human body remained central pictorial themes for Munsky until her death.<\/p>\n\n\n\n<p><strong>Maina-Miriam Munsky<\/strong> was born in Wolfenb\u00fcttel in 1943 and died in Berlin in 1999. She studied at the State University for Fine Arts in Braunschweig (Staatliche Hochschule f\u00fcr Bildende K\u00fcnste), the Academy of Fine Arts in Florence (Accademia di belle Arti), and the Berlin State School of Fine Arts (Hochschule f\u00fcr Bildende K\u00fcnste), where she completed her studies in 1970 as a master\u2019s student under Professors Alexander Camaro and Hermann Bachmann. Her first solo exhibition took place in 1968 at the artists\u2019 gallery Gro\u00dfg\u00f6rschen 35 in Berlin. Munsky is one of the founding members of the Gruppe Aspekt (1972\u20131978). From 1982 to 1984, she held a guest professorship as a painter at the HBK Braunschweig. In 1984 she received the Art Prize of the State of Lower Saxony. Her work is held by significant collections, including the Museum of Modern Art, New York; the Berlinische Galerie \u2013 Landesmuseum f\u00fcr Moderne Kunst, Fotografie und Architektur, Berlin; the Museum Kunstpalast, D\u00fcsseldorf; the St\u00e4del Museum, Frankfurt am Main; and the Art Collection of the Federal Republic of Germany. Munsky was married to the illustrator and graphic artist Peter Sorge (1937\u20132000). Their son Daniel was born in 1972.<\/p>\n\n\n\n<p>The exhibition is sponsored by:<\/p>\n\n\n<div class=\"wp-block-image\">\n<figure class=\"alignleft size-full\"><img loading=\"lazy\" decoding=\"async\" width=\"300\" height=\"59\" src=\"https:\/\/poll-berlin.de\/galerie\/wp-content\/uploads\/Logo_Neustart_300.png\" alt=\"\" class=\"wp-image-3515\"\/><\/figure><\/div>\n\n\n<p><\/p>\n","protected":false},"excerpt":{"rendered":"<p>Fifty years after Maina-Miriam Munsky\u2019s first solo exhibition in 1971, Galerie Poll is showing the artist\u2019s early work from the 1960s for the first time in an exhibition titled &#8222;Gravidity&#8220;. In 1971, when Galerie Poll began to represent Munksy, her pictures and drawings of the female body had already begun to revolve around subjects such [&hellip;]<\/p>\n","protected":false},"author":2,"featured_media":0,"parent":28810,"menu_order":0,"comment_status":"closed","ping_status":"closed","template":"ausstellen-text.php","meta":{"_acf_changed":false,"footnotes":""},"class_list":["post-40741","page","type-page","status-publish","hentry"],"acf":[],"_links":{"self":[{"href":"https:\/\/poll-berlin.de\/galerie\/wp-json\/wp\/v2\/pages\/40741","targetHints":{"allow":["GET"]}}],"collection":[{"href":"https:\/\/poll-berlin.de\/galerie\/wp-json\/wp\/v2\/pages"}],"about":[{"href":"https:\/\/poll-berlin.de\/galerie\/wp-json\/wp\/v2\/types\/page"}],"author":[{"embeddable":true,"href":"https:\/\/poll-berlin.de\/galerie\/wp-json\/wp\/v2\/users\/2"}],"replies":[{"embeddable":true,"href":"https:\/\/poll-berlin.de\/galerie\/wp-json\/wp\/v2\/comments?post=40741"}],"version-history":[{"count":5,"href":"https:\/\/poll-berlin.de\/galerie\/wp-json\/wp\/v2\/pages\/40741\/revisions"}],"predecessor-version":[{"id":41410,"href":"https:\/\/poll-berlin.de\/galerie\/wp-json\/wp\/v2\/pages\/40741\/revisions\/41410"}],"up":[{"embeddable":true,"href":"https:\/\/poll-berlin.de\/galerie\/wp-json\/wp\/v2\/pages\/28810"}],"wp:attachment":[{"href":"https:\/\/poll-berlin.de\/galerie\/wp-json\/wp\/v2\/media?parent=40741"}],"curies":[{"name":"wp","href":"https:\/\/api.w.org\/{rel}","templated":true}]}}