{"id":40008,"date":"2024-11-20T14:44:02","date_gmt":"2024-11-20T13:44:02","guid":{"rendered":"https:\/\/poll-berlin.de\/galerie\/?page_id=40008"},"modified":"2025-07-22T17:07:35","modified_gmt":"2025-07-22T15:07:35","slug":"werke-in-sammlungen","status":"publish","type":"page","link":"https:\/\/poll-berlin.de\/galerie\/weitere-kuenstler\/eduardo-arroyo\/werke-in-sammlungen\/","title":{"rendered":"Werke in Sammlungen"},"content":{"rendered":"\n<p><strong>Werke in Sammlungen<\/strong><\/p>\n\n\n\n<p>Frissiras Museum, Athen<br>Fundaci\u00f3 &#8222;la Caixa&#8220;, Barcelona<br>Museo de Bellas Artes de Bilbao<br>Museu Cole\u00e7\u00e3o Berardo, Lissabon<br>Museo Reina Sof\u00eda, Madrid<br>Museum of Modern Art, New York City<br>Centre Georges-Pompidou, Paris<br>Museu de Arte Contempor\u00e2nea de Serralves, Porto<br>Nomas Foundation, Rom<br>Colecci\u00f3n Mart\u00ednez Guerricabeitia, Valencia<br>Hirshhorn Museum and Sculpture Garden, Washington, D.C.<\/p>\n","protected":false},"excerpt":{"rendered":"<p>Werke in Sammlungen Frissiras Museum, AthenFundaci\u00f3 &#8222;la Caixa&#8220;, BarcelonaMuseo de Bellas Artes de BilbaoMuseu Cole\u00e7\u00e3o Berardo, LissabonMuseo Reina Sof\u00eda, MadridMuseum of Modern Art, New York CityCentre Georges-Pompidou, ParisMuseu de Arte Contempor\u00e2nea de Serralves, PortoNomas Foundation, RomColecci\u00f3n Mart\u00ednez Guerricabeitia, ValenciaHirshhorn Museum and Sculpture Garden, Washington, D.C.<\/p>\n","protected":false},"author":1,"featured_media":0,"parent":40004,"menu_order":2,"comment_status":"closed","ping_status":"closed","template":"kuenstler-text.php","meta":{"_acf_changed":false,"footnotes":""},"class_list":["post-40008","page","type-page","status-publish","hentry"],"acf":[],"_links":{"self":[{"href":"https:\/\/poll-berlin.de\/galerie\/wp-json\/wp\/v2\/pages\/40008","targetHints":{"allow":["GET"]}}],"collection":[{"href":"https:\/\/poll-berlin.de\/galerie\/wp-json\/wp\/v2\/pages"}],"about":[{"href":"https:\/\/poll-berlin.de\/galerie\/wp-json\/wp\/v2\/types\/page"}],"author":[{"embeddable":true,"href":"https:\/\/poll-berlin.de\/galerie\/wp-json\/wp\/v2\/users\/1"}],"replies":[{"embeddable":true,"href":"https:\/\/poll-berlin.de\/galerie\/wp-json\/wp\/v2\/comments?post=40008"}],"version-history":[{"count":6,"href":"https:\/\/poll-berlin.de\/galerie\/wp-json\/wp\/v2\/pages\/40008\/revisions"}],"predecessor-version":[{"id":43617,"href":"https:\/\/poll-berlin.de\/galerie\/wp-json\/wp\/v2\/pages\/40008\/revisions\/43617"}],"up":[{"embeddable":true,"href":"https:\/\/poll-berlin.de\/galerie\/wp-json\/wp\/v2\/pages\/40004"}],"wp:attachment":[{"href":"https:\/\/poll-berlin.de\/galerie\/wp-json\/wp\/v2\/media?parent=40008"}],"curies":[{"name":"wp","href":"https:\/\/api.w.org\/{rel}","templated":true}]}}