{"id":39973,"date":"2024-11-19T17:17:48","date_gmt":"2024-11-19T16:17:48","guid":{"rendered":"https:\/\/poll-berlin.de\/galerie\/weitere-kuenstler\/franziskus-wendels\/kataloge\/katalog-2-wendels\/"},"modified":"2025-11-19T17:38:05","modified_gmt":"2025-11-19T16:38:05","slug":"katalog-2-wendels","status":"publish","type":"page","link":"https:\/\/poll-berlin.de\/galerie\/weitere-kuenstler\/franziskus-wendels\/kataloge\/katalog-2-wendels\/","title":{"rendered":"Katalog 2 &#8211; Wendels"},"content":{"rendered":"\n<p><strong>Franziskus Wendels. LichtZeit<\/strong><br>Galerie Boisser\u00e9e (Hrsg.), Texte von Tayfun Belgin, B\u00e4rbel Schulte und Joachim Burmeister, Gespr\u00e4ch Peter Herbstreuths mit Franziskus Wendels, dt.\/engl., Katalog anl\u00e4sslich der Ausstellung in der Galerie Boisser\u00e9e, K\u00f6ln (13.9.-19.10.2002), im Museum am Ostwall, Dortmund (23.1.-9.3.2003) u. a., K\u00f6ln 2002, 34 x 24 cm, 96 Seiten, 52 Farbabbildungen, Hardcover, ISBN 3-00-009991-3<br><\/p>\n","protected":false},"excerpt":{"rendered":"<p>Franziskus Wendels. LichtZeitGalerie Boisser\u00e9e (Hrsg.), Texte von Tayfun Belgin, B\u00e4rbel Schulte und Joachim Burmeister, Gespr\u00e4ch Peter Herbstreuths mit Franziskus Wendels, dt.\/engl., Katalog anl\u00e4sslich der Ausstellung in der Galerie Boisser\u00e9e, K\u00f6ln (13.9.-19.10.2002), im Museum am Ostwall, Dortmund (23.1.-9.3.2003) u. a., K\u00f6ln 2002, 34 x 24 cm, 96 Seiten, 52 Farbabbildungen, Hardcover, ISBN 3-00-009991-3<\/p>\n","protected":false},"author":2,"featured_media":39980,"parent":1409,"menu_order":1,"comment_status":"closed","ping_status":"closed","template":"kuenstler-katalog.php","meta":{"_acf_changed":false,"footnotes":""},"class_list":["post-39973","page","type-page","status-publish","has-post-thumbnail","hentry"],"acf":{"photo_gallery":{"bilder":[[]]}},"_links":{"self":[{"href":"https:\/\/poll-berlin.de\/galerie\/wp-json\/wp\/v2\/pages\/39973","targetHints":{"allow":["GET"]}}],"collection":[{"href":"https:\/\/poll-berlin.de\/galerie\/wp-json\/wp\/v2\/pages"}],"about":[{"href":"https:\/\/poll-berlin.de\/galerie\/wp-json\/wp\/v2\/types\/page"}],"author":[{"embeddable":true,"href":"https:\/\/poll-berlin.de\/galerie\/wp-json\/wp\/v2\/users\/2"}],"replies":[{"embeddable":true,"href":"https:\/\/poll-berlin.de\/galerie\/wp-json\/wp\/v2\/comments?post=39973"}],"version-history":[{"count":4,"href":"https:\/\/poll-berlin.de\/galerie\/wp-json\/wp\/v2\/pages\/39973\/revisions"}],"predecessor-version":[{"id":44814,"href":"https:\/\/poll-berlin.de\/galerie\/wp-json\/wp\/v2\/pages\/39973\/revisions\/44814"}],"up":[{"embeddable":true,"href":"https:\/\/poll-berlin.de\/galerie\/wp-json\/wp\/v2\/pages\/1409"}],"wp:featuredmedia":[{"embeddable":true,"href":"https:\/\/poll-berlin.de\/galerie\/wp-json\/wp\/v2\/media\/39980"}],"wp:attachment":[{"href":"https:\/\/poll-berlin.de\/galerie\/wp-json\/wp\/v2\/media?parent=39973"}],"curies":[{"name":"wp","href":"https:\/\/api.w.org\/{rel}","templated":true}]}}