{"id":39615,"date":"2024-11-05T15:48:34","date_gmt":"2024-11-05T14:48:34","guid":{"rendered":"https:\/\/poll-berlin.de\/galerie\/ausstellungen\/vorschau\/helma\/information\/"},"modified":"2025-03-11T18:16:13","modified_gmt":"2025-03-11T17:16:13","slug":"information","status":"publish","type":"page","link":"https:\/\/poll-berlin.de\/galerie\/ausstellungen\/archiv\/helma\/information\/","title":{"rendered":"Information"},"content":{"rendered":"\n<p>Die Galerie Poll begleitet HELMAs k\u00fcnstlerisches Schaffen seit den 1970er Jahren. Aus Anlass ihres 85. Geburtstages im Mai 2025 zeigt die Berliner K\u00fcnstlerin in unserem Schaulager unter dem Titel \u201eTraumwelten\u201c Malerei aus verschiedenen Jahrzehnten. Im Anschluss an diese erste Einzelausstellung stellt die Galerie HELMAs Werk im Rahmen des F\u00f6rderprogramms <em>re:discover<\/em> auf der art karlsruhe 2025 (20. bis 23. Februar) vor.<\/p>\n\n\n\n<p>HELMAs Gem\u00e4lde haben deutliche Bez\u00fcge zum Surrealismus, zur Art brut und zum Magischen Realismus. Sie erz\u00e4hlen von Tr\u00e4umen, M\u00e4rchen und Visionen, zeugen vom Bodenlosen und Abgr\u00fcndigen. In ihren Bildern begegnen den Betrachtern Schlangen, die sich um kahle \u00c4ste winden. Kreuze und brennende Kr\u00e4nze tauchen neben Baumwurzeln und Leitern auf, die zum Himmel emporwachsen. Pr\u00e4chtige Bl\u00fcten, Schlingpflanzen und Dornen sind ebenso wie Herzen wiederkehrende Bildmotive.<\/p>\n\n\n\n<p>Die h\u00e4ufig in rote oder blaue Farbt\u00f6ne getauchten Szenerien sind akribisch fein mit dem Pinsel in \u00d6l gemalt. Innen- und Au\u00dfenwelt, Traum und Realit\u00e4t vermischen sich in poetisch sch\u00f6nen Gem\u00e4lden, auf denen gleichzeitig Unheil zu lauern scheint. Einige von HELMAs Werken sind von Gedichten Thomas Bernhards und Erz\u00e4hlungen Franz Kafkas inspiriert, es gibt in ihnen aber auch autobiographische Bez\u00fcge. Einer eindeutigen Deutung entziehen sie sich.<\/p>\n\n\n\n<p>HELMAs Bilder haben eine gro\u00dfe Eindringlichkeit: \u201eMan schaut sie an und wird unwillk\u00fcrlich in sie hineingesogen \u2013 wie Alice in den Bau des sprechenden Kaninchens, der sich schlie\u00dflich als Eingang zum Wunderland entpuppt. Ein Wunderland er\u00f6ffnet sich auch auf den Bildern von HELMA, bev\u00f6lkert von Schlangen, B\u00e4umen, Katzen, Ast- und Wurzelwerk, Pilzen, Flammen, Leitern und Kr\u00e4nzen. Dazu die intensiven Farben und die obsessive Feinheit der Ausf\u00fchrung, all das ergibt eine Sogwirkung und einen Wiedererkennungseffekt, dem man sich nur schwer entziehen kann.\u201c (Matthias Ehlert im art karlsruhe magazin 2025)<\/p>\n\n\n\n<p><strong>HELMA<\/strong>, geboren am 8. Mai 1940 als Helma Hartmann in Berlin und gestorben am 10. M\u00e4rz 2025 ebenda, absolvierte von 1959 bis 1961 eine Ausbildung an der Berufsfachschule f\u00fcr Technische Zeichnerinnen in Berlin. 1964 heiratete sie den K\u00fcnstler Wolfgang Petrick, 1965 wurde ihre Tochter Nina geboren. 1974 beginnt HELMA zu malen und nimmt noch im selben Jahr ihren K\u00fcnstlernamen HELMA an. Ihre Bilder wurden national und international in Galerien, Kunstvereinen und Museen ausgestellt. Werke der K\u00fcnstlerin befinden sich in namhaften privaten und \u00f6ffentlichen Sammlungen wie der Sammlung Ulla und Heiner Pietzsch, Berlin, der Kunstsammlung Jutta und Manfred Heinrich, Maulbronn, und in der Artothek des Neuen Berliner Kunstvereins (NBK).<\/p>\n","protected":false},"excerpt":{"rendered":"<p>Die Galerie Poll begleitet HELMAs k\u00fcnstlerisches Schaffen seit den 1970er Jahren. Aus Anlass ihres 85. Geburtstages im Mai 2025 zeigt die Berliner K\u00fcnstlerin in unserem Schaulager unter dem Titel \u201eTraumwelten\u201c Malerei aus verschiedenen Jahrzehnten. Im Anschluss an diese erste Einzelausstellung stellt die Galerie HELMAs Werk im Rahmen des F\u00f6rderprogramms re:discover auf der art karlsruhe 2025 [&hellip;]<\/p>\n","protected":false},"author":1,"featured_media":0,"parent":39613,"menu_order":0,"comment_status":"closed","ping_status":"closed","template":"ausstellen-text.php","meta":{"_acf_changed":false,"footnotes":""},"class_list":["post-39615","page","type-page","status-publish","hentry"],"acf":[],"_links":{"self":[{"href":"https:\/\/poll-berlin.de\/galerie\/wp-json\/wp\/v2\/pages\/39615","targetHints":{"allow":["GET"]}}],"collection":[{"href":"https:\/\/poll-berlin.de\/galerie\/wp-json\/wp\/v2\/pages"}],"about":[{"href":"https:\/\/poll-berlin.de\/galerie\/wp-json\/wp\/v2\/types\/page"}],"author":[{"embeddable":true,"href":"https:\/\/poll-berlin.de\/galerie\/wp-json\/wp\/v2\/users\/1"}],"replies":[{"embeddable":true,"href":"https:\/\/poll-berlin.de\/galerie\/wp-json\/wp\/v2\/comments?post=39615"}],"version-history":[{"count":3,"href":"https:\/\/poll-berlin.de\/galerie\/wp-json\/wp\/v2\/pages\/39615\/revisions"}],"predecessor-version":[{"id":41368,"href":"https:\/\/poll-berlin.de\/galerie\/wp-json\/wp\/v2\/pages\/39615\/revisions\/41368"}],"up":[{"embeddable":true,"href":"https:\/\/poll-berlin.de\/galerie\/wp-json\/wp\/v2\/pages\/39613"}],"wp:attachment":[{"href":"https:\/\/poll-berlin.de\/galerie\/wp-json\/wp\/v2\/media?parent=39615"}],"curies":[{"name":"wp","href":"https:\/\/api.w.org\/{rel}","templated":true}]}}