{"id":39221,"date":"2024-10-16T15:20:51","date_gmt":"2024-10-16T13:20:51","guid":{"rendered":"https:\/\/poll-berlin.de\/galerie\/?page_id=39221"},"modified":"2025-07-22T18:41:46","modified_gmt":"2025-07-22T16:41:46","slug":"works-in-collections","status":"publish","type":"page","link":"https:\/\/poll-berlin.de\/galerie\/en\/other-artists\/gerhard-taubert\/works-in-collections\/","title":{"rendered":"Works in collections"},"content":{"rendered":"\n<p><strong>Works in collections<\/strong><\/p>\n\n\n\n<p>Kunsthaus NRW Collection, Aachen<br>Victoria Insurance, Berlin<br>D\u00fcsseldorf City Museum<br>D\u00fcsseldorf City Savings Bank<br>Kemp Collection Foundation, D\u00fcsseldorf<br>Krohne Art Collection, Duisburg<br>Deutsche Bank Collection, Frankfurt am Main<br>HypoVereinsbank, Munich<br>IBM Deutschland GmbH, Stuttgart<\/p>\n","protected":false},"excerpt":{"rendered":"<p>Works in collections Kunsthaus NRW Collection, AachenVictoria Insurance, BerlinD\u00fcsseldorf City MuseumD\u00fcsseldorf City Savings BankKemp Collection Foundation, D\u00fcsseldorfKrohne Art Collection, DuisburgDeutsche Bank Collection, Frankfurt am MainHypoVereinsbank, MunichIBM Deutschland GmbH, Stuttgart<\/p>\n","protected":false},"author":2,"featured_media":0,"parent":38076,"menu_order":2,"comment_status":"closed","ping_status":"closed","template":"kuenstler-text.php","meta":{"_acf_changed":false,"footnotes":""},"class_list":["post-39221","page","type-page","status-publish","hentry"],"acf":[],"_links":{"self":[{"href":"https:\/\/poll-berlin.de\/galerie\/wp-json\/wp\/v2\/pages\/39221","targetHints":{"allow":["GET"]}}],"collection":[{"href":"https:\/\/poll-berlin.de\/galerie\/wp-json\/wp\/v2\/pages"}],"about":[{"href":"https:\/\/poll-berlin.de\/galerie\/wp-json\/wp\/v2\/types\/page"}],"author":[{"embeddable":true,"href":"https:\/\/poll-berlin.de\/galerie\/wp-json\/wp\/v2\/users\/2"}],"replies":[{"embeddable":true,"href":"https:\/\/poll-berlin.de\/galerie\/wp-json\/wp\/v2\/comments?post=39221"}],"version-history":[{"count":3,"href":"https:\/\/poll-berlin.de\/galerie\/wp-json\/wp\/v2\/pages\/39221\/revisions"}],"predecessor-version":[{"id":43627,"href":"https:\/\/poll-berlin.de\/galerie\/wp-json\/wp\/v2\/pages\/39221\/revisions\/43627"}],"up":[{"embeddable":true,"href":"https:\/\/poll-berlin.de\/galerie\/wp-json\/wp\/v2\/pages\/38076"}],"wp:attachment":[{"href":"https:\/\/poll-berlin.de\/galerie\/wp-json\/wp\/v2\/media?parent=39221"}],"curies":[{"name":"wp","href":"https:\/\/api.w.org\/{rel}","templated":true}]}}