{"id":39197,"date":"2024-10-16T13:50:54","date_gmt":"2024-10-16T11:50:54","guid":{"rendered":"https:\/\/poll-berlin.de\/galerie\/?page_id=39197"},"modified":"2024-12-04T15:21:38","modified_gmt":"2024-12-04T14:21:38","slug":"catalogue-1-klasen","status":"publish","type":"page","link":"https:\/\/poll-berlin.de\/galerie\/en\/other-artists\/peter-klasen\/catalogues\/catalogue-1-klasen\/","title":{"rendered":"Catalogue 1 &#8211; Klasen"},"content":{"rendered":"\n<p><strong>Peter Klasen<\/strong><br>Bernhard No\u00ebl (ed.), texts by Bernhard No\u00ebl, G\u00e9rald Gassiot-Talabaut and Gilbert Lascault, French, Paris 1983, 28.8 x 21.1 cm, 140 pages, 200 b\/w and colour illustrations<br>15 euros<\/p>\n\n\n<a id=\"mailinger\" href=\"mailto:galerie@poll-berlin.de?subject=Bestellung Catalogue 1 &#8211; Klasen&amp;body=I hereby bindingly order the catalogue \u201cPeter Klasen\u201d at a price of 15 euros (plus shipping). Please provide me with the relevant bank details.%0D%0AMeine Adresse lautet:%0D%0A%0D%0AInstitution:%0D%0AVorname, Name:%0D%0AStra\u00dfe, Haus-Nr.:%0D%0APLZ, Stadt:%0D%0ALand:\" title=\"Bestellung\">Bestellung<\/a>\n","protected":false},"excerpt":{"rendered":"<p>Peter KlasenBernhard No\u00ebl (ed.), texts by Bernhard No\u00ebl, G\u00e9rald Gassiot-Talabaut and Gilbert Lascault, French, Paris 1983, 28.8 x 21.1 cm, 140 pages, 200 b\/w and colour illustrations15 euros<\/p>\n","protected":false},"author":2,"featured_media":39200,"parent":28406,"menu_order":0,"comment_status":"closed","ping_status":"closed","template":"kuenstler-katalog.php","meta":{"_acf_changed":false,"footnotes":""},"class_list":["post-39197","page","type-page","status-publish","has-post-thumbnail","hentry"],"acf":{"photo_gallery":{"bilder":[[]]}},"_links":{"self":[{"href":"https:\/\/poll-berlin.de\/galerie\/wp-json\/wp\/v2\/pages\/39197","targetHints":{"allow":["GET"]}}],"collection":[{"href":"https:\/\/poll-berlin.de\/galerie\/wp-json\/wp\/v2\/pages"}],"about":[{"href":"https:\/\/poll-berlin.de\/galerie\/wp-json\/wp\/v2\/types\/page"}],"author":[{"embeddable":true,"href":"https:\/\/poll-berlin.de\/galerie\/wp-json\/wp\/v2\/users\/2"}],"replies":[{"embeddable":true,"href":"https:\/\/poll-berlin.de\/galerie\/wp-json\/wp\/v2\/comments?post=39197"}],"version-history":[{"count":2,"href":"https:\/\/poll-berlin.de\/galerie\/wp-json\/wp\/v2\/pages\/39197\/revisions"}],"predecessor-version":[{"id":40247,"href":"https:\/\/poll-berlin.de\/galerie\/wp-json\/wp\/v2\/pages\/39197\/revisions\/40247"}],"up":[{"embeddable":true,"href":"https:\/\/poll-berlin.de\/galerie\/wp-json\/wp\/v2\/pages\/28406"}],"wp:featuredmedia":[{"embeddable":true,"href":"https:\/\/poll-berlin.de\/galerie\/wp-json\/wp\/v2\/media\/39200"}],"wp:attachment":[{"href":"https:\/\/poll-berlin.de\/galerie\/wp-json\/wp\/v2\/media?parent=39197"}],"curies":[{"name":"wp","href":"https:\/\/api.w.org\/{rel}","templated":true}]}}