{"id":39187,"date":"2024-10-16T13:40:23","date_gmt":"2024-10-16T11:40:23","guid":{"rendered":"https:\/\/poll-berlin.de\/galerie\/weitere-kuenstler\/maxim-kantor\/kataloge\/katalog-8-kantor\/"},"modified":"2024-12-04T14:12:51","modified_gmt":"2024-12-04T13:12:51","slug":"katalog-8-kantor","status":"publish","type":"page","link":"https:\/\/poll-berlin.de\/galerie\/weitere-kuenstler\/maxim-kantor\/kataloge\/katalog-8-kantor\/","title":{"rendered":"Katalog 8 &#8211; Kantor"},"content":{"rendered":"\n<p><strong><strong>Bosch &amp; Kantor. Maxim Kantor: Das J\u00fcngste Gericht<\/strong><br><\/strong>Julia M. Nauhaus (Hrsg.), Texte von Julia M. Neuhaus, Maxim Kantor, Vittorio H\u00f6sle und Eckhart Gillen, dt.\/engl., Katalog anl\u00e4sslich der gleichnamigen Ausstellung in der Gem\u00e4ldegalerie der Akademie der bildenden K\u00fcnste Wien zu Gast im Theatermuseum (4.10.2018-20.1.2019), Wien 2018, 29 x 24 cm, 175 Seiten, zahlreiche Farbabbildungen, Hardcover, ISBN 978-3-901031-28-1<br>29,99 Euro<\/p>\n\n\n<a id=\"mailinger\" href=\"mailto:galerie@poll-berlin.de?subject=Bestellung Katalog 8 &#8211; Kantor&amp;body=Hiermit bestelle ich verbindlich den Katalog \u201eBosch &#038; Kantor. Maxim Kantor: Das J\u00fcngste Gericht\u201c zu einem Preis von 29,99 Euro (zzgl. Versand). Bitte teilen Sie mir die entsprechende Bankverbindung mit.%0D%0AMeine Adresse lautet:%0D%0A%0D%0AInstitution:%0D%0AVorname, Name:%0D%0AStra\u00dfe, Haus-Nr.:%0D%0APLZ, Stadt:%0D%0ALand:\" title=\"Bestellung\">Bestellung<\/a>\n","protected":false},"excerpt":{"rendered":"<p>Bosch &amp; Kantor. Maxim Kantor: Das J\u00fcngste GerichtJulia M. Nauhaus (Hrsg.), Texte von Julia M. Neuhaus, Maxim Kantor, Vittorio H\u00f6sle und Eckhart Gillen, dt.\/engl., Katalog anl\u00e4sslich der gleichnamigen Ausstellung in der Gem\u00e4ldegalerie der Akademie der bildenden K\u00fcnste Wien zu Gast im Theatermuseum (4.10.2018-20.1.2019), Wien 2018, 29 x 24 cm, 175 Seiten, zahlreiche Farbabbildungen, Hardcover, ISBN [&hellip;]<\/p>\n","protected":false},"author":2,"featured_media":39190,"parent":4312,"menu_order":7,"comment_status":"closed","ping_status":"closed","template":"kuenstler-katalog.php","meta":{"_acf_changed":false,"footnotes":""},"class_list":["post-39187","page","type-page","status-publish","has-post-thumbnail","hentry"],"acf":{"photo_gallery":{"bilder":[[]]}},"_links":{"self":[{"href":"https:\/\/poll-berlin.de\/galerie\/wp-json\/wp\/v2\/pages\/39187","targetHints":{"allow":["GET"]}}],"collection":[{"href":"https:\/\/poll-berlin.de\/galerie\/wp-json\/wp\/v2\/pages"}],"about":[{"href":"https:\/\/poll-berlin.de\/galerie\/wp-json\/wp\/v2\/types\/page"}],"author":[{"embeddable":true,"href":"https:\/\/poll-berlin.de\/galerie\/wp-json\/wp\/v2\/users\/2"}],"replies":[{"embeddable":true,"href":"https:\/\/poll-berlin.de\/galerie\/wp-json\/wp\/v2\/comments?post=39187"}],"version-history":[{"count":3,"href":"https:\/\/poll-berlin.de\/galerie\/wp-json\/wp\/v2\/pages\/39187\/revisions"}],"predecessor-version":[{"id":40227,"href":"https:\/\/poll-berlin.de\/galerie\/wp-json\/wp\/v2\/pages\/39187\/revisions\/40227"}],"up":[{"embeddable":true,"href":"https:\/\/poll-berlin.de\/galerie\/wp-json\/wp\/v2\/pages\/4312"}],"wp:featuredmedia":[{"embeddable":true,"href":"https:\/\/poll-berlin.de\/galerie\/wp-json\/wp\/v2\/media\/39190"}],"wp:attachment":[{"href":"https:\/\/poll-berlin.de\/galerie\/wp-json\/wp\/v2\/media?parent=39187"}],"curies":[{"name":"wp","href":"https:\/\/api.w.org\/{rel}","templated":true}]}}