{"id":39035,"date":"2024-10-09T15:29:58","date_gmt":"2024-10-09T13:29:58","guid":{"rendered":"https:\/\/poll-berlin.de\/galerie\/weitere-kuenstler\/jean-helion\/kataloge\/katalog-2-helion\/"},"modified":"2024-10-09T15:31:26","modified_gmt":"2024-10-09T13:31:26","slug":"katalog-2-helion","status":"publish","type":"page","link":"https:\/\/poll-berlin.de\/galerie\/weitere-kuenstler\/jean-helion\/kataloge\/katalog-2-helion\/","title":{"rendered":"Katalog 2 &#8211; H\u00e9lion"},"content":{"rendered":"\n<p><strong>Jean H\u00e9lion \u2013 Abstraktion und Mythen des Alltags<\/strong><br>Armin Zweite (Hrsg.), Vorwort von Armin Zweite, Texte von Merle S. Schipper, Pierre Georges Brugui\u00e8re und Bernhard Dahan, Katalog anl\u00e4sslich der gleichnamigen Ausstellung in der St\u00e4dtischen Galerie im Lenbachhaus, M\u00fcnchen (29.8.-21.10.1984), M\u00fcnchen 1984, 24 x 23 cm, 306 Seiten, zahlreiche S\/W- und Farbabbildungen, ISBN 3-88645-048-1<\/p>\n","protected":false},"excerpt":{"rendered":"<p>Jean H\u00e9lion \u2013 Abstraktion und Mythen des AlltagsArmin Zweite (Hrsg.), Vorwort von Armin Zweite, Texte von Merle S. Schipper, Pierre Georges Brugui\u00e8re und Bernhard Dahan, Katalog anl\u00e4sslich der gleichnamigen Ausstellung in der St\u00e4dtischen Galerie im Lenbachhaus, M\u00fcnchen (29.8.-21.10.1984), M\u00fcnchen 1984, 24 x 23 cm, 306 Seiten, zahlreiche S\/W- und Farbabbildungen, ISBN 3-88645-048-1<\/p>\n","protected":false},"author":2,"featured_media":39037,"parent":1313,"menu_order":1,"comment_status":"closed","ping_status":"closed","template":"kuenstler-katalog.php","meta":{"_acf_changed":false,"footnotes":""},"class_list":["post-39035","page","type-page","status-publish","has-post-thumbnail","hentry"],"acf":{"photo_gallery":{"bilder":[[]]}},"_links":{"self":[{"href":"https:\/\/poll-berlin.de\/galerie\/wp-json\/wp\/v2\/pages\/39035","targetHints":{"allow":["GET"]}}],"collection":[{"href":"https:\/\/poll-berlin.de\/galerie\/wp-json\/wp\/v2\/pages"}],"about":[{"href":"https:\/\/poll-berlin.de\/galerie\/wp-json\/wp\/v2\/types\/page"}],"author":[{"embeddable":true,"href":"https:\/\/poll-berlin.de\/galerie\/wp-json\/wp\/v2\/users\/2"}],"replies":[{"embeddable":true,"href":"https:\/\/poll-berlin.de\/galerie\/wp-json\/wp\/v2\/comments?post=39035"}],"version-history":[{"count":2,"href":"https:\/\/poll-berlin.de\/galerie\/wp-json\/wp\/v2\/pages\/39035\/revisions"}],"predecessor-version":[{"id":39039,"href":"https:\/\/poll-berlin.de\/galerie\/wp-json\/wp\/v2\/pages\/39035\/revisions\/39039"}],"up":[{"embeddable":true,"href":"https:\/\/poll-berlin.de\/galerie\/wp-json\/wp\/v2\/pages\/1313"}],"wp:featuredmedia":[{"embeddable":true,"href":"https:\/\/poll-berlin.de\/galerie\/wp-json\/wp\/v2\/media\/39037"}],"wp:attachment":[{"href":"https:\/\/poll-berlin.de\/galerie\/wp-json\/wp\/v2\/media?parent=39035"}],"curies":[{"name":"wp","href":"https:\/\/api.w.org\/{rel}","templated":true}]}}